{"id":1019634,"date":"2025-11-21T09:24:41","date_gmt":"2025-11-21T09:24:41","guid":{"rendered":"https:\/\/fjallraven.dev.mortar.tovarnaidej.com\/?post_type=product&#038;p=1019634"},"modified":"2025-11-27T12:11:08","modified_gmt":"2025-11-27T12:11:08","slug":"abisko-trail-stretch-trousers-m","status":"publish","type":"product","link":"https:\/\/fjallraven.dev.mortar.tovarnaidej.com\/en\/product\/abisko-trail-stretch-trousers-m\/","title":{"rendered":"Abisko Trail Stretch Trousers M"},"content":{"rendered":"<p>Dizajnirane za udobnost, ove lagane, skladne, potpuno rastezljive mu\u0161ke hla\u010de idealne su za planinarenje u toplim uvjetima gdje je sloboda kretanja najva\u017enija. Izra\u0111ene su od dvostruko tkane rastezljive tkanine koja je izdr\u017eljiva, brzo se su\u0161i i \u0161titi noge od neravnog terena. Abisko Trail Stretch hla\u010de M imaju udoban, elasti\u010dan pojas s kop\u010danjem na gumbe, mre\u017easte d\u017eepove za ruke s patentnim zatvara\u010dem i laminirani d\u017eep na nogavici s patentnim zatvara\u010dem kako bi se smanjio rizik od trenja. Ako ste ve\u0107 ljubitelj na\u0161ih hla\u010da, trebali biste naru\u010diti broj ve\u0107i u na\u0161em Improved Fit. Ako vam je ovo prvi par hla\u010da, pogledajte na\u0161 Vodi\u010d za veli\u010dine kako biste prona\u0161li odgovaraju\u0107u veli\u010dinu.<\/p>\n","protected":false},"excerpt":{"rendered":"<p>Lagane, izdr\u017eljive hla\u010de od rastezljive tkanine za udobnost i slobodu kretanja. Proizvedeno bez PFAS-a.<\/p>\n","protected":false},"featured_media":1021162,"template":"","meta":[],"product_brand":[458],"product_cat":[259],"product_tag":[472,469,528,535,470,471],"class_list":{"0":"post-1019634","1":"product","2":"type-product","3":"status-publish","4":"has-post-thumbnail","6":"product_brand-abisko","7":"product_cat-hlace-i-suknje","8":"product_tag-abisko","9":"product_tag-hlace","10":"product_tag-hlace-muski","11":"product_tag-muske-trekking-hlace","12":"product_tag-muski","13":"product_tag-trekking","15":"first","16":"outofstock","17":"shipping-taxable","18":"purchasable","19":"product-type-variable"},"_links":{"self":[{"href":"https:\/\/fjallraven.dev.mortar.tovarnaidej.com\/en\/wp-json\/wp\/v2\/product\/1019634","targetHints":{"allow":["GET"]}}],"collection":[{"href":"https:\/\/fjallraven.dev.mortar.tovarnaidej.com\/en\/wp-json\/wp\/v2\/product"}],"about":[{"href":"https:\/\/fjallraven.dev.mortar.tovarnaidej.com\/en\/wp-json\/wp\/v2\/types\/product"}],"version-history":[{"count":1,"href":"https:\/\/fjallraven.dev.mortar.tovarnaidej.com\/en\/wp-json\/wp\/v2\/product\/1019634\/revisions"}],"predecessor-version":[{"id":1019636,"href":"https:\/\/fjallraven.dev.mortar.tovarnaidej.com\/en\/wp-json\/wp\/v2\/product\/1019634\/revisions\/1019636"}],"wp:featuredmedia":[{"embeddable":true,"href":"https:\/\/fjallraven.dev.mortar.tovarnaidej.com\/en\/wp-json\/wp\/v2\/media\/1021162"}],"wp:attachment":[{"href":"https:\/\/fjallraven.dev.mortar.tovarnaidej.com\/en\/wp-json\/wp\/v2\/media?parent=1019634"}],"wp:term":[{"taxonomy":"product_brand","embeddable":true,"href":"https:\/\/fjallraven.dev.mortar.tovarnaidej.com\/en\/wp-json\/wp\/v2\/product_brand?post=1019634"},{"taxonomy":"product_cat","embeddable":true,"href":"https:\/\/fjallraven.dev.mortar.tovarnaidej.com\/en\/wp-json\/wp\/v2\/product_cat?post=1019634"},{"taxonomy":"product_tag","embeddable":true,"href":"https:\/\/fjallraven.dev.mortar.tovarnaidej.com\/en\/wp-json\/wp\/v2\/product_tag?post=1019634"}],"curies":[{"name":"wp","href":"https:\/\/api.w.org\/{rel}","templated":true}]}}