{"id":1019635,"date":"2025-11-21T09:24:41","date_gmt":"2025-11-21T09:24:41","guid":{"rendered":"https:\/\/fjallraven.dev.mortar.tovarnaidej.com\/?post_type=product&#038;p=1019635"},"modified":"2025-11-27T12:11:07","modified_gmt":"2025-11-27T12:11:07","slug":"abisko-winter-stretch-trousers-m","status":"publish","type":"product","link":"https:\/\/fjallraven.dev.mortar.tovarnaidej.com\/en\/product\/abisko-winter-stretch-trousers-m\/","title":{"rendered":"Abisko Winter Stretch Trousers M"},"content":{"rendered":"<p>Izdr\u017eljive zimske hla\u010de od dvostrukog tkanja, mje\u0161avine poliamida\/poliestera rastezljive u \u010detiri smjera s \u010detkanom unutarnjom stranom za dodatnu toplinu i udobnost. Abisko zimske rastezljive hla\u010de za mu\u0161karce nude neusporedivu slobodu kretanja i izvrsnu izdr\u017eljivost, \u0161to ih \u010dini prikladnima za sve vrste zimskih avantura na otvorenom. Artikulirana koljena i su\u017eeni kroj s krajevima nogavica koji imaju patentne umetke koji se mogu otvoriti i nositi preko \u010dizama. D\u017eepovi za ruke s patentnim zatvara\u010dem i sigurnosni d\u017eep s patentnim zatvara\u010dem u bo\u010dnom \u0161avu.<\/p>\n","protected":false},"excerpt":{"rendered":"<p>Iznimno udobne hla\u010de rastezljive u \u010detiri smjera za zimske avanture. Proizvedene bez PFAS-a.<\/p>\n","protected":false},"featured_media":1021174,"template":"","meta":[],"product_brand":[458],"product_cat":[174],"product_tag":[472,469,528,535,470,471],"class_list":{"0":"post-1019635","1":"product","2":"type-product","3":"status-publish","4":"has-post-thumbnail","6":"product_brand-abisko","7":"product_cat-hlace-i-suknje","8":"product_tag-abisko","9":"product_tag-hlace","10":"product_tag-hlace-muski","11":"product_tag-muske-trekking-hlace","12":"product_tag-muski","13":"product_tag-trekking","15":"first","16":"outofstock","17":"shipping-taxable","18":"purchasable","19":"product-type-variable"},"_links":{"self":[{"href":"https:\/\/fjallraven.dev.mortar.tovarnaidej.com\/en\/wp-json\/wp\/v2\/product\/1019635","targetHints":{"allow":["GET"]}}],"collection":[{"href":"https:\/\/fjallraven.dev.mortar.tovarnaidej.com\/en\/wp-json\/wp\/v2\/product"}],"about":[{"href":"https:\/\/fjallraven.dev.mortar.tovarnaidej.com\/en\/wp-json\/wp\/v2\/types\/product"}],"version-history":[{"count":1,"href":"https:\/\/fjallraven.dev.mortar.tovarnaidej.com\/en\/wp-json\/wp\/v2\/product\/1019635\/revisions"}],"predecessor-version":[{"id":1019651,"href":"https:\/\/fjallraven.dev.mortar.tovarnaidej.com\/en\/wp-json\/wp\/v2\/product\/1019635\/revisions\/1019651"}],"wp:featuredmedia":[{"embeddable":true,"href":"https:\/\/fjallraven.dev.mortar.tovarnaidej.com\/en\/wp-json\/wp\/v2\/media\/1021174"}],"wp:attachment":[{"href":"https:\/\/fjallraven.dev.mortar.tovarnaidej.com\/en\/wp-json\/wp\/v2\/media?parent=1019635"}],"wp:term":[{"taxonomy":"product_brand","embeddable":true,"href":"https:\/\/fjallraven.dev.mortar.tovarnaidej.com\/en\/wp-json\/wp\/v2\/product_brand?post=1019635"},{"taxonomy":"product_cat","embeddable":true,"href":"https:\/\/fjallraven.dev.mortar.tovarnaidej.com\/en\/wp-json\/wp\/v2\/product_cat?post=1019635"},{"taxonomy":"product_tag","embeddable":true,"href":"https:\/\/fjallraven.dev.mortar.tovarnaidej.com\/en\/wp-json\/wp\/v2\/product_tag?post=1019635"}],"curies":[{"name":"wp","href":"https:\/\/api.w.org\/{rel}","templated":true}]}}