{"id":1019667,"date":"2025-11-21T09:24:51","date_gmt":"2025-11-21T09:24:51","guid":{"rendered":"https:\/\/fjallraven.dev.mortar.tovarnaidej.com\/?post_type=product&#038;p=1019667"},"modified":"2025-11-27T12:11:07","modified_gmt":"2025-11-27T12:11:07","slug":"expedition-mid-winter-jacket-m","status":"publish","type":"product","link":"https:\/\/fjallraven.dev.mortar.tovarnaidej.com\/en\/product\/expedition-mid-winter-jacket-m\/","title":{"rendered":"Expedition Mid Winter Jacket M"},"content":{"rendered":"<p>Lagana, sinteti\u010dki podstavljena jakna s kapulja\u010dom male debljine, savr\u0161ena za izlete na otvorenom i za kori\u0161tenje kao dodatni sloj tijekom pauze, posebno u hladnim i vla\u017enim uvjetima. Mu\u0161ka Expedition Mid Winter jakna ima mjesta za deblje srednje slojeve ispod i spu\u0161teni rub straga kako bi stra\u017enji dio bio topao. Gornji dio i podstava od savitljivog recikliranog poliamida, a punjenje od recikliranog poliestera koji zadr\u017eava svoju elasti\u010dnost \u010dak i kada je vla\u017ean. Vi\u0161e d\u017eepova i torba za pakiranje od glavne tkanine koja se mo\u017ee koristiti za popravke.<\/p>\n","protected":false},"excerpt":{"rendered":"<p>Svestrana zimska jakna sa sinteti\u010dkim punjenjem za aktivan \u017eivot na otvorenom. Proizvedeno bez PFAS-a.<\/p>\n","protected":false},"featured_media":1021220,"template":"","meta":[],"product_brand":[105],"product_cat":[217],"product_tag":[476,512,513,517,470,477,471],"class_list":{"0":"post-1019667","1":"product","2":"type-product","3":"status-publish","4":"has-post-thumbnail","6":"product_brand-polar","7":"product_cat-jakne","8":"product_tag-jakne-od-sintetike","9":"product_tag-muske-jakne","10":"product_tag-muske-jakne-treking","11":"product_tag-muske-jakne-zimske","12":"product_tag-muski","13":"product_tag-polar","14":"product_tag-trekking","16":"first","17":"outofstock","18":"shipping-taxable","19":"purchasable","20":"product-type-variable"},"_links":{"self":[{"href":"https:\/\/fjallraven.dev.mortar.tovarnaidej.com\/en\/wp-json\/wp\/v2\/product\/1019667","targetHints":{"allow":["GET"]}}],"collection":[{"href":"https:\/\/fjallraven.dev.mortar.tovarnaidej.com\/en\/wp-json\/wp\/v2\/product"}],"about":[{"href":"https:\/\/fjallraven.dev.mortar.tovarnaidej.com\/en\/wp-json\/wp\/v2\/types\/product"}],"version-history":[{"count":1,"href":"https:\/\/fjallraven.dev.mortar.tovarnaidej.com\/en\/wp-json\/wp\/v2\/product\/1019667\/revisions"}],"predecessor-version":[{"id":1019677,"href":"https:\/\/fjallraven.dev.mortar.tovarnaidej.com\/en\/wp-json\/wp\/v2\/product\/1019667\/revisions\/1019677"}],"wp:featuredmedia":[{"embeddable":true,"href":"https:\/\/fjallraven.dev.mortar.tovarnaidej.com\/en\/wp-json\/wp\/v2\/media\/1021220"}],"wp:attachment":[{"href":"https:\/\/fjallraven.dev.mortar.tovarnaidej.com\/en\/wp-json\/wp\/v2\/media?parent=1019667"}],"wp:term":[{"taxonomy":"product_brand","embeddable":true,"href":"https:\/\/fjallraven.dev.mortar.tovarnaidej.com\/en\/wp-json\/wp\/v2\/product_brand?post=1019667"},{"taxonomy":"product_cat","embeddable":true,"href":"https:\/\/fjallraven.dev.mortar.tovarnaidej.com\/en\/wp-json\/wp\/v2\/product_cat?post=1019667"},{"taxonomy":"product_tag","embeddable":true,"href":"https:\/\/fjallraven.dev.mortar.tovarnaidej.com\/en\/wp-json\/wp\/v2\/product_tag?post=1019667"}],"curies":[{"name":"wp","href":"https:\/\/api.w.org\/{rel}","templated":true}]}}