{"id":1019670,"date":"2025-11-21T09:24:52","date_gmt":"2025-11-21T09:24:52","guid":{"rendered":"https:\/\/fjallraven.dev.mortar.tovarnaidej.com\/?post_type=product&#038;p=1019670"},"modified":"2025-11-27T12:11:07","modified_gmt":"2025-11-27T12:11:07","slug":"ovik-padded-jacket-m","status":"publish","type":"product","link":"https:\/\/fjallraven.dev.mortar.tovarnaidej.com\/en\/product\/ovik-padded-jacket-m\/","title":{"rendered":"\u00d6vik Padded Jacket M"},"content":{"rendered":"<p>\u00d6vik podstavljena jakna za mu\u0161karce je te\u0161ka, topla jakna od Fj\u00e4llr\u00e4venove prepoznatljive G-1000 tkanine koja se mo\u017ee prilagoditi Greenland Waxom za pobolj\u0161anu otpornost na vremenske uvjete ili pove\u0107anu prozra\u010dnost. Temeljena na klasi\u010dnom dizajnu i sna\u017enom Fj\u00e4llr\u00e4ven DNK-u perjane jakne br. 16, ova jakna je podstavljena PrimaLoft\u00ae Black Insulation RISE s P.U.R.E. tehnologijom i ima jednostavniji, nereverzibilni dizajn. Idealna za hladne, snje\u017ene, vjetrovite ili lagano ki\u0161ne uvjete, ova jakna \u0107e vas grijati i odr\u017eavati udobnima tijekom hladnijih mjeseci.<\/p>\n","protected":false},"excerpt":{"rendered":"<p>Te\u0161ka, topla jakna od Fj\u00e4llr\u00e4venove prepoznatljive G-1000 tkanine. Idealna za hladne, snje\u017ene uvjete. Proizvedeno bez PFAS-a.<\/p>\n","protected":false},"featured_media":1021261,"template":"","meta":[],"product_brand":[460],"product_cat":[217],"product_tag":[479,476,512,514,517,470,480],"class_list":{"0":"post-1019670","1":"product","2":"type-product","3":"status-publish","4":"has-post-thumbnail","6":"product_brand-ovik","7":"product_cat-jakne","8":"product_tag-everyday-outdoor","9":"product_tag-jakne-od-sintetike","10":"product_tag-muske-jakne","11":"product_tag-muske-jakne-outdoor","12":"product_tag-muske-jakne-zimske","13":"product_tag-muski","14":"product_tag-ovik","16":"first","17":"outofstock","18":"shipping-taxable","19":"purchasable","20":"product-type-variable"},"_links":{"self":[{"href":"https:\/\/fjallraven.dev.mortar.tovarnaidej.com\/en\/wp-json\/wp\/v2\/product\/1019670","targetHints":{"allow":["GET"]}}],"collection":[{"href":"https:\/\/fjallraven.dev.mortar.tovarnaidej.com\/en\/wp-json\/wp\/v2\/product"}],"about":[{"href":"https:\/\/fjallraven.dev.mortar.tovarnaidej.com\/en\/wp-json\/wp\/v2\/types\/product"}],"version-history":[{"count":1,"href":"https:\/\/fjallraven.dev.mortar.tovarnaidej.com\/en\/wp-json\/wp\/v2\/product\/1019670\/revisions"}],"predecessor-version":[{"id":1019695,"href":"https:\/\/fjallraven.dev.mortar.tovarnaidej.com\/en\/wp-json\/wp\/v2\/product\/1019670\/revisions\/1019695"}],"wp:featuredmedia":[{"embeddable":true,"href":"https:\/\/fjallraven.dev.mortar.tovarnaidej.com\/en\/wp-json\/wp\/v2\/media\/1021261"}],"wp:attachment":[{"href":"https:\/\/fjallraven.dev.mortar.tovarnaidej.com\/en\/wp-json\/wp\/v2\/media?parent=1019670"}],"wp:term":[{"taxonomy":"product_brand","embeddable":true,"href":"https:\/\/fjallraven.dev.mortar.tovarnaidej.com\/en\/wp-json\/wp\/v2\/product_brand?post=1019670"},{"taxonomy":"product_cat","embeddable":true,"href":"https:\/\/fjallraven.dev.mortar.tovarnaidej.com\/en\/wp-json\/wp\/v2\/product_cat?post=1019670"},{"taxonomy":"product_tag","embeddable":true,"href":"https:\/\/fjallraven.dev.mortar.tovarnaidej.com\/en\/wp-json\/wp\/v2\/product_tag?post=1019670"}],"curies":[{"name":"wp","href":"https:\/\/api.w.org\/{rel}","templated":true}]}}