{"id":1019701,"date":"2025-11-21T09:25:02","date_gmt":"2025-11-21T09:25:02","guid":{"rendered":"https:\/\/fjallraven.dev.mortar.tovarnaidej.com\/?post_type=product&#038;p=1019701"},"modified":"2025-11-27T12:11:07","modified_gmt":"2025-11-27T12:11:07","slug":"abisko-grid-fleece-hoodie-m","status":"publish","type":"product","link":"https:\/\/fjallraven.dev.mortar.tovarnaidej.com\/en\/product\/abisko-grid-fleece-hoodie-m\/","title":{"rendered":"Abisko Grid Fleece Hoodie M"},"content":{"rendered":"<p>Topli flis pulover s kapulja\u010dom, pletenim vanjskim slojem i rasko\u0161nom mre\u017eastom unutarnjom strukturom za pobolj\u0161anu toplinu i udobnost. Izra\u0111en od recikliranog poliestera, savr\u0161en je kao brzosu\u0161e\u0107i srednji sloj koji odvodi vlagu ispod jakne ili se samostalno nosi u hladnim ljetnim ve\u010derima. Abisko Grid Fleece Hoodie za mu\u0161karce ima usku kapulja\u010du i patentni zatvara\u010d cijele duljine s dva smjera. Svestran i lagan za skladi\u0161tenje, neophodan je u ruksaku za sve vrste planinarenja i aktivnosti na otvorenom.<\/p>\n","protected":false},"excerpt":{"rendered":"<p>Topli i udobni pulover s kapulja\u010dom od recikliranog poliesterskog flisa s visokom mre\u017eastom strukturom. Proizvedeno bez PFAS-a.<\/p>\n","protected":false},"featured_media":1021267,"template":"","meta":[],"product_brand":[458],"product_cat":[263],"product_tag":[472,592,481,470,532,508,471],"class_list":{"0":"post-1019701","1":"product","2":"type-product","3":"status-publish","4":"has-post-thumbnail","6":"product_brand-abisko","7":"product_cat-srednji-slojevi","8":"product_tag-abisko","9":"product_tag-dzemperi-i-pletivo-muski","10":"product_tag-flis","11":"product_tag-muski","12":"product_tag-mid-layer-muski-dzemperi","13":"product_tag-prsluci","14":"product_tag-trekking","16":"first","17":"outofstock","18":"shipping-taxable","19":"purchasable","20":"product-type-variable"},"_links":{"self":[{"href":"https:\/\/fjallraven.dev.mortar.tovarnaidej.com\/en\/wp-json\/wp\/v2\/product\/1019701","targetHints":{"allow":["GET"]}}],"collection":[{"href":"https:\/\/fjallraven.dev.mortar.tovarnaidej.com\/en\/wp-json\/wp\/v2\/product"}],"about":[{"href":"https:\/\/fjallraven.dev.mortar.tovarnaidej.com\/en\/wp-json\/wp\/v2\/types\/product"}],"version-history":[{"count":1,"href":"https:\/\/fjallraven.dev.mortar.tovarnaidej.com\/en\/wp-json\/wp\/v2\/product\/1019701\/revisions"}],"predecessor-version":[{"id":1019709,"href":"https:\/\/fjallraven.dev.mortar.tovarnaidej.com\/en\/wp-json\/wp\/v2\/product\/1019701\/revisions\/1019709"}],"wp:featuredmedia":[{"embeddable":true,"href":"https:\/\/fjallraven.dev.mortar.tovarnaidej.com\/en\/wp-json\/wp\/v2\/media\/1021267"}],"wp:attachment":[{"href":"https:\/\/fjallraven.dev.mortar.tovarnaidej.com\/en\/wp-json\/wp\/v2\/media?parent=1019701"}],"wp:term":[{"taxonomy":"product_brand","embeddable":true,"href":"https:\/\/fjallraven.dev.mortar.tovarnaidej.com\/en\/wp-json\/wp\/v2\/product_brand?post=1019701"},{"taxonomy":"product_cat","embeddable":true,"href":"https:\/\/fjallraven.dev.mortar.tovarnaidej.com\/en\/wp-json\/wp\/v2\/product_cat?post=1019701"},{"taxonomy":"product_tag","embeddable":true,"href":"https:\/\/fjallraven.dev.mortar.tovarnaidej.com\/en\/wp-json\/wp\/v2\/product_tag?post=1019701"}],"curies":[{"name":"wp","href":"https:\/\/api.w.org\/{rel}","templated":true}]}}