{"id":1019702,"date":"2025-11-21T09:25:02","date_gmt":"2025-11-21T09:25:02","guid":{"rendered":"https:\/\/fjallraven.dev.mortar.tovarnaidej.com\/?post_type=product&#038;p=1019702"},"modified":"2025-11-27T12:11:07","modified_gmt":"2025-11-27T12:11:07","slug":"fjallraven-classic-hoodie-m","status":"publish","type":"product","link":"https:\/\/fjallraven.dev.mortar.tovarnaidej.com\/en\/product\/fjallraven-classic-hoodie-m\/","title":{"rendered":"Fj\u00e4llr\u00e4ven Classic Hoodie M"},"content":{"rendered":"<p>Fj\u00e4llr\u00e4ven Classic majica s kapulja\u010dom za mu\u0161karce od 100% organskog pamuka savr\u0161ena je kao le\u017eeran pulover ili dodatni sloj kada Vam je potrebno malo vi\u0161e topline. Trostruko tkana tkanina ima glatku vanj\u0161tinu i mekanu \u010detkanu unutra\u0161njost. Opu\u0161teni kroj ima raglan rukave, veliki klokanski d\u017eep i toplu kapulja\u010du koja se pode\u0161ava vezicom. Dvoslojna tkanina na kapulja\u010di i rebrasti man\u017eeti na rubu &#8211; obavezan dio svakog ormara.<\/p>\n","protected":false},"excerpt":{"rendered":"<p>Klasi\u010dni pulover s kapulja\u010dom od mekog organskog pamu\u010dnog flisa za le\u017eeran svakodnevni \u017eivot. Proizvedeno bez PFAS-a.<\/p>\n","protected":false},"featured_media":1021278,"template":"","meta":[],"product_brand":[460],"product_cat":[263],"product_tag":[592,482,479,470,532,480,508],"class_list":{"0":"post-1019702","1":"product","2":"type-product","3":"status-publish","4":"has-post-thumbnail","6":"product_brand-ovik","7":"product_cat-srednji-slojevi","8":"product_tag-dzemperi-i-pletivo-muski","9":"product_tag-dzemperi-i-vuna","10":"product_tag-everyday-outdoor","11":"product_tag-muski","12":"product_tag-mid-layer-muski-dzemperi","13":"product_tag-ovik","14":"product_tag-prsluci","16":"first","17":"outofstock","18":"shipping-taxable","19":"purchasable","20":"product-type-variable"},"_links":{"self":[{"href":"https:\/\/fjallraven.dev.mortar.tovarnaidej.com\/en\/wp-json\/wp\/v2\/product\/1019702","targetHints":{"allow":["GET"]}}],"collection":[{"href":"https:\/\/fjallraven.dev.mortar.tovarnaidej.com\/en\/wp-json\/wp\/v2\/product"}],"about":[{"href":"https:\/\/fjallraven.dev.mortar.tovarnaidej.com\/en\/wp-json\/wp\/v2\/types\/product"}],"version-history":[{"count":1,"href":"https:\/\/fjallraven.dev.mortar.tovarnaidej.com\/en\/wp-json\/wp\/v2\/product\/1019702\/revisions"}],"predecessor-version":[{"id":1019713,"href":"https:\/\/fjallraven.dev.mortar.tovarnaidej.com\/en\/wp-json\/wp\/v2\/product\/1019702\/revisions\/1019713"}],"wp:featuredmedia":[{"embeddable":true,"href":"https:\/\/fjallraven.dev.mortar.tovarnaidej.com\/en\/wp-json\/wp\/v2\/media\/1021278"}],"wp:attachment":[{"href":"https:\/\/fjallraven.dev.mortar.tovarnaidej.com\/en\/wp-json\/wp\/v2\/media?parent=1019702"}],"wp:term":[{"taxonomy":"product_brand","embeddable":true,"href":"https:\/\/fjallraven.dev.mortar.tovarnaidej.com\/en\/wp-json\/wp\/v2\/product_brand?post=1019702"},{"taxonomy":"product_cat","embeddable":true,"href":"https:\/\/fjallraven.dev.mortar.tovarnaidej.com\/en\/wp-json\/wp\/v2\/product_cat?post=1019702"},{"taxonomy":"product_tag","embeddable":true,"href":"https:\/\/fjallraven.dev.mortar.tovarnaidej.com\/en\/wp-json\/wp\/v2\/product_tag?post=1019702"}],"curies":[{"name":"wp","href":"https:\/\/api.w.org\/{rel}","templated":true}]}}