{"id":1019737,"date":"2025-11-21T09:25:10","date_gmt":"2025-11-21T09:25:10","guid":{"rendered":"https:\/\/fjallraven.dev.mortar.tovarnaidej.com\/?post_type=product&#038;p=1019737"},"modified":"2025-11-27T12:11:06","modified_gmt":"2025-11-27T12:11:06","slug":"fjallraven-logo-cap","status":"publish","type":"product","link":"https:\/\/fjallraven.dev.mortar.tovarnaidej.com\/en\/product\/fjallraven-logo-cap\/","title":{"rendered":"Fj\u00e4llr\u00e4ven Logo Cap"},"content":{"rendered":"<p>Kad sunce pr\u017ei, ova kapa pru\u017eit \u0107e vam dobrodo\u0161lu hladovinu i pomo\u0107i vam da se rashladite. Izra\u0111ena od G-1000 Lite materijala od recikliranog poliestera i organskog pamuka, lagana je i prozra\u010dna po vru\u0107em vremenu. Jednostavna s malim logotipom iz 1960. na lijevoj prednjoj strani &#8211; godina osnivanja Fj\u00e4llr\u00e4vena.<\/p>\n","protected":false},"excerpt":{"rendered":"<p>Klasi\u010dna kapa od laganog i prozra\u010dnog G-1000 Lite materijala s logotipom 1960. Proizvedeno bez PFAS-a.<\/p>\n","protected":false},"featured_media":1021316,"template":"","meta":[],"product_brand":[460],"product_cat":[191],"product_tag":[479,541,484,480,485],"class_list":{"0":"post-1019737","1":"product","2":"type-product","3":"status-publish","4":"has-post-thumbnail","6":"product_brand-ovik","7":"product_cat-dodaci-za-odjecu","8":"product_tag-everyday-outdoor","9":"product_tag-dodaci-kape","10":"product_tag-kape-sa-siltom","11":"product_tag-ovik","12":"product_tag-unisex","14":"first","15":"outofstock","16":"shipping-taxable","17":"purchasable","18":"product-type-variable"},"_links":{"self":[{"href":"https:\/\/fjallraven.dev.mortar.tovarnaidej.com\/en\/wp-json\/wp\/v2\/product\/1019737","targetHints":{"allow":["GET"]}}],"collection":[{"href":"https:\/\/fjallraven.dev.mortar.tovarnaidej.com\/en\/wp-json\/wp\/v2\/product"}],"about":[{"href":"https:\/\/fjallraven.dev.mortar.tovarnaidej.com\/en\/wp-json\/wp\/v2\/types\/product"}],"version-history":[{"count":1,"href":"https:\/\/fjallraven.dev.mortar.tovarnaidej.com\/en\/wp-json\/wp\/v2\/product\/1019737\/revisions"}],"predecessor-version":[{"id":1019749,"href":"https:\/\/fjallraven.dev.mortar.tovarnaidej.com\/en\/wp-json\/wp\/v2\/product\/1019737\/revisions\/1019749"}],"wp:featuredmedia":[{"embeddable":true,"href":"https:\/\/fjallraven.dev.mortar.tovarnaidej.com\/en\/wp-json\/wp\/v2\/media\/1021316"}],"wp:attachment":[{"href":"https:\/\/fjallraven.dev.mortar.tovarnaidej.com\/en\/wp-json\/wp\/v2\/media?parent=1019737"}],"wp:term":[{"taxonomy":"product_brand","embeddable":true,"href":"https:\/\/fjallraven.dev.mortar.tovarnaidej.com\/en\/wp-json\/wp\/v2\/product_brand?post=1019737"},{"taxonomy":"product_cat","embeddable":true,"href":"https:\/\/fjallraven.dev.mortar.tovarnaidej.com\/en\/wp-json\/wp\/v2\/product_cat?post=1019737"},{"taxonomy":"product_tag","embeddable":true,"href":"https:\/\/fjallraven.dev.mortar.tovarnaidej.com\/en\/wp-json\/wp\/v2\/product_tag?post=1019737"}],"curies":[{"name":"wp","href":"https:\/\/api.w.org\/{rel}","templated":true}]}}