{"id":1019738,"date":"2025-11-21T09:25:10","date_gmt":"2025-11-21T09:25:10","guid":{"rendered":"https:\/\/fjallraven.dev.mortar.tovarnaidej.com\/?post_type=product&#038;p=1019738"},"modified":"2025-11-27T12:11:06","modified_gmt":"2025-11-27T12:11:06","slug":"fjallraven-langtradarkeps","status":"publish","type":"product","link":"https:\/\/fjallraven.dev.mortar.tovarnaidej.com\/en\/product\/fjallraven-langtradarkeps\/","title":{"rendered":"Fj\u00e4llr\u00e4ven L\u00e5ngtradarkeps"},"content":{"rendered":"<p>Fantasti\u010dna kapa za toplo vrijeme koja \u0107e Vam za\u0161tititi lice od sunca, s mre\u017eastim panelima za vrhunsku cirkulaciju zraka. Fj\u00e4llr\u00e4ven L\u00e5ngtradarkeps je klasi\u010dni model kape za voza\u010de kamiona s vizirom izra\u0111enim od G-1000 materijala i ostatkom kape od mre\u017eastog materijala izra\u0111enog od recikliranog poliestera. Kop\u010da straga slu\u017ei za pode\u0161avanje i savr\u0161eno pristajanje. Veliki Fj\u00e4llr\u00e4ven logo sprijeda.<\/p>\n","protected":false},"excerpt":{"rendered":"<p>Klasi\u010dna kapa u stilu voza\u010da kamiona s mre\u017eastim panelima za vrhunsku prozra\u010dnost. Proizvedeno bez PFAS-a.<\/p>\n","protected":false},"featured_media":1021339,"template":"","meta":[],"product_brand":[460],"product_cat":[191],"product_tag":[479,541,484,480,485],"class_list":{"0":"post-1019738","1":"product","2":"type-product","3":"status-publish","4":"has-post-thumbnail","6":"product_brand-ovik","7":"product_cat-dodaci-za-odjecu","8":"product_tag-everyday-outdoor","9":"product_tag-dodaci-kape","10":"product_tag-kape-sa-siltom","11":"product_tag-ovik","12":"product_tag-unisex","14":"first","15":"outofstock","16":"shipping-taxable","17":"purchasable","18":"product-type-variable"},"_links":{"self":[{"href":"https:\/\/fjallraven.dev.mortar.tovarnaidej.com\/en\/wp-json\/wp\/v2\/product\/1019738","targetHints":{"allow":["GET"]}}],"collection":[{"href":"https:\/\/fjallraven.dev.mortar.tovarnaidej.com\/en\/wp-json\/wp\/v2\/product"}],"about":[{"href":"https:\/\/fjallraven.dev.mortar.tovarnaidej.com\/en\/wp-json\/wp\/v2\/types\/product"}],"version-history":[{"count":1,"href":"https:\/\/fjallraven.dev.mortar.tovarnaidej.com\/en\/wp-json\/wp\/v2\/product\/1019738\/revisions"}],"predecessor-version":[{"id":1019759,"href":"https:\/\/fjallraven.dev.mortar.tovarnaidej.com\/en\/wp-json\/wp\/v2\/product\/1019738\/revisions\/1019759"}],"wp:featuredmedia":[{"embeddable":true,"href":"https:\/\/fjallraven.dev.mortar.tovarnaidej.com\/en\/wp-json\/wp\/v2\/media\/1021339"}],"wp:attachment":[{"href":"https:\/\/fjallraven.dev.mortar.tovarnaidej.com\/en\/wp-json\/wp\/v2\/media?parent=1019738"}],"wp:term":[{"taxonomy":"product_brand","embeddable":true,"href":"https:\/\/fjallraven.dev.mortar.tovarnaidej.com\/en\/wp-json\/wp\/v2\/product_brand?post=1019738"},{"taxonomy":"product_cat","embeddable":true,"href":"https:\/\/fjallraven.dev.mortar.tovarnaidej.com\/en\/wp-json\/wp\/v2\/product_cat?post=1019738"},{"taxonomy":"product_tag","embeddable":true,"href":"https:\/\/fjallraven.dev.mortar.tovarnaidej.com\/en\/wp-json\/wp\/v2\/product_tag?post=1019738"}],"curies":[{"name":"wp","href":"https:\/\/api.w.org\/{rel}","templated":true}]}}