{"id":1019740,"date":"2025-11-21T09:25:10","date_gmt":"2025-11-21T09:25:10","guid":{"rendered":"https:\/\/fjallraven.dev.mortar.tovarnaidej.com\/?post_type=product&#038;p=1019740"},"modified":"2025-11-27T12:11:06","modified_gmt":"2025-11-27T12:11:06","slug":"lappland-pintail-cap","status":"publish","type":"product","link":"https:\/\/fjallraven.dev.mortar.tovarnaidej.com\/en\/product\/lappland-pintail-cap\/","title":{"rendered":"Lappland Pintail Cap"},"content":{"rendered":"<p>A\u017eurirana verzija Fj\u00e4llr\u00e4venove kape: Lappland Pintail Cap ima novi, pobolj\u0161ani kroj i kra\u0107i vizir, idealan za lov jer ne\u0107e zaklanjati pogled. Kapa je izra\u0111ena od G-1000 materijala. Uz za\u0161titu za vrat, tihe i lagane flis za\u0161titne kapice za u\u0161i mogu se preklopiti po potrebi. Kapa ima pametnu reverzibilnu krunu u sigurnosno naran\u010dastoj boji koja se lako rasklapa kada je dobra vidljivost prioritet.<\/p>\n","protected":false},"excerpt":{"rendered":"<p>Klasi\u010dna kapa od G-1000 Silent sa pokrivalom za u\u0161i i vrat prikladna za lov. Proizvedeno bez PFAS-a.<\/p>\n","protected":false},"featured_media":1021364,"template":"","meta":[],"product_brand":[459],"product_cat":[191],"product_tag":[474,541,593,484,475,485],"class_list":{"0":"post-1019740","1":"product","2":"type-product","3":"status-publish","4":"has-post-thumbnail","6":"product_brand-lappland","7":"product_cat-dodaci-za-odjecu","8":"product_tag-hunting","9":"product_tag-dodaci-kape","10":"product_tag-kape-lov","11":"product_tag-kape-sa-siltom","12":"product_tag-lappland","13":"product_tag-unisex","15":"first","16":"outofstock","17":"shipping-taxable","18":"purchasable","19":"product-type-variable"},"_links":{"self":[{"href":"https:\/\/fjallraven.dev.mortar.tovarnaidej.com\/en\/wp-json\/wp\/v2\/product\/1019740","targetHints":{"allow":["GET"]}}],"collection":[{"href":"https:\/\/fjallraven.dev.mortar.tovarnaidej.com\/en\/wp-json\/wp\/v2\/product"}],"about":[{"href":"https:\/\/fjallraven.dev.mortar.tovarnaidej.com\/en\/wp-json\/wp\/v2\/types\/product"}],"version-history":[{"count":1,"href":"https:\/\/fjallraven.dev.mortar.tovarnaidej.com\/en\/wp-json\/wp\/v2\/product\/1019740\/revisions"}],"predecessor-version":[{"id":1019769,"href":"https:\/\/fjallraven.dev.mortar.tovarnaidej.com\/en\/wp-json\/wp\/v2\/product\/1019740\/revisions\/1019769"}],"wp:featuredmedia":[{"embeddable":true,"href":"https:\/\/fjallraven.dev.mortar.tovarnaidej.com\/en\/wp-json\/wp\/v2\/media\/1021364"}],"wp:attachment":[{"href":"https:\/\/fjallraven.dev.mortar.tovarnaidej.com\/en\/wp-json\/wp\/v2\/media?parent=1019740"}],"wp:term":[{"taxonomy":"product_brand","embeddable":true,"href":"https:\/\/fjallraven.dev.mortar.tovarnaidej.com\/en\/wp-json\/wp\/v2\/product_brand?post=1019740"},{"taxonomy":"product_cat","embeddable":true,"href":"https:\/\/fjallraven.dev.mortar.tovarnaidej.com\/en\/wp-json\/wp\/v2\/product_cat?post=1019740"},{"taxonomy":"product_tag","embeddable":true,"href":"https:\/\/fjallraven.dev.mortar.tovarnaidej.com\/en\/wp-json\/wp\/v2\/product_tag?post=1019740"}],"curies":[{"name":"wp","href":"https:\/\/api.w.org\/{rel}","templated":true}]}}