{"id":1019772,"date":"2025-11-21T09:25:20","date_gmt":"2025-11-21T09:25:20","guid":{"rendered":"https:\/\/fjallraven.dev.mortar.tovarnaidej.com\/?post_type=product&#038;p=1019772"},"modified":"2025-11-27T12:11:06","modified_gmt":"2025-11-27T12:11:06","slug":"kaitum-beanie","status":"publish","type":"product","link":"https:\/\/fjallraven.dev.mortar.tovarnaidej.com\/en\/product\/kaitum-beanie\/","title":{"rendered":"Kaitum Beanie"},"content":{"rendered":"<p>Prekrasna debela kapa od mje\u0161avine vune s mekom podstavom od mikroflisa. Udobna, mekana i topla, Kaitum kapa kombinira svojstva regulacije temperature vune s izdr\u017eljivo\u0161\u0107u recikliranog poliestera i poliamida. Atraktivna valovita tekstura, \u0161iroki presavijeni rub i mali Fj\u00e4llr\u00e4ven logotip.<\/p>\n","protected":false},"excerpt":{"rendered":"<p>Debela vunena kapa s mekom podstavom od mikroflisa. Atraktivna valovita tekstura i \u0161iroki presavijeni rub. Proizvedeno bez PFAS-a.<\/p>\n","protected":false},"featured_media":1021380,"template":"","meta":[],"product_brand":[461],"product_cat":[191],"product_tag":[541,488,471,485],"class_list":{"0":"post-1019772","1":"product","2":"type-product","3":"status-publish","4":"has-post-thumbnail","6":"product_brand-singi","7":"product_cat-dodaci-za-odjecu","8":"product_tag-dodaci-kape","9":"product_tag-singi","10":"product_tag-trekking","11":"product_tag-unisex","13":"first","14":"outofstock","15":"shipping-taxable","16":"purchasable","17":"product-type-variable"},"_links":{"self":[{"href":"https:\/\/fjallraven.dev.mortar.tovarnaidej.com\/en\/wp-json\/wp\/v2\/product\/1019772","targetHints":{"allow":["GET"]}}],"collection":[{"href":"https:\/\/fjallraven.dev.mortar.tovarnaidej.com\/en\/wp-json\/wp\/v2\/product"}],"about":[{"href":"https:\/\/fjallraven.dev.mortar.tovarnaidej.com\/en\/wp-json\/wp\/v2\/types\/product"}],"version-history":[{"count":1,"href":"https:\/\/fjallraven.dev.mortar.tovarnaidej.com\/en\/wp-json\/wp\/v2\/product\/1019772\/revisions"}],"predecessor-version":[{"id":1019789,"href":"https:\/\/fjallraven.dev.mortar.tovarnaidej.com\/en\/wp-json\/wp\/v2\/product\/1019772\/revisions\/1019789"}],"wp:featuredmedia":[{"embeddable":true,"href":"https:\/\/fjallraven.dev.mortar.tovarnaidej.com\/en\/wp-json\/wp\/v2\/media\/1021380"}],"wp:attachment":[{"href":"https:\/\/fjallraven.dev.mortar.tovarnaidej.com\/en\/wp-json\/wp\/v2\/media?parent=1019772"}],"wp:term":[{"taxonomy":"product_brand","embeddable":true,"href":"https:\/\/fjallraven.dev.mortar.tovarnaidej.com\/en\/wp-json\/wp\/v2\/product_brand?post=1019772"},{"taxonomy":"product_cat","embeddable":true,"href":"https:\/\/fjallraven.dev.mortar.tovarnaidej.com\/en\/wp-json\/wp\/v2\/product_cat?post=1019772"},{"taxonomy":"product_tag","embeddable":true,"href":"https:\/\/fjallraven.dev.mortar.tovarnaidej.com\/en\/wp-json\/wp\/v2\/product_tag?post=1019772"}],"curies":[{"name":"wp","href":"https:\/\/api.w.org\/{rel}","templated":true}]}}