{"id":1019773,"date":"2025-11-21T09:25:20","date_gmt":"2025-11-21T09:25:20","guid":{"rendered":"https:\/\/fjallraven.dev.mortar.tovarnaidej.com\/?post_type=product&#038;p=1019773"},"modified":"2025-11-27T12:11:06","modified_gmt":"2025-11-27T12:11:06","slug":"kaitum-neck-gaiter","status":"publish","type":"product","link":"https:\/\/fjallraven.dev.mortar.tovarnaidej.com\/en\/product\/kaitum-neck-gaiter\/","title":{"rendered":"Kaitum Neck Gaiter"},"content":{"rendered":"<p>Debeli i udobni ovratnik izra\u0111en od mje\u0161avine vune s mekom podstavom od mikroflisa. Udoban i topao, Kaitum ovratnik kombinira svojstva regulacije temperature vune s izdr\u017eljivo\u0161\u0107u recikliranog poliestera i poliamida. Atraktivna valovita tekstura, podesivi gornji dio s elasti\u010dnom vezicom i malim Fj\u00e4llr\u00e4ven logotipom.<\/p>\n","protected":false},"excerpt":{"rendered":"<p>Udobna za\u0161tita za vrat izra\u0111ena od mje\u0161avine ZQ merino vune i poliestera s atraktivnom valovitom teksturom. Proizvedeno bez PFAS-a.<\/p>\n","protected":false},"featured_media":1021389,"template":"","meta":[],"product_brand":[461],"product_cat":[191],"product_tag":[541,486,488,471,485],"class_list":{"0":"post-1019773","1":"product","2":"type-product","3":"status-publish","4":"has-post-thumbnail","6":"product_brand-singi","7":"product_cat-dodaci-za-odjecu","8":"product_tag-dodaci-kape","9":"product_tag-ostali-modni-dodaci","10":"product_tag-singi","11":"product_tag-trekking","12":"product_tag-unisex","14":"first","15":"outofstock","16":"shipping-taxable","17":"purchasable","18":"product-type-variable"},"_links":{"self":[{"href":"https:\/\/fjallraven.dev.mortar.tovarnaidej.com\/en\/wp-json\/wp\/v2\/product\/1019773","targetHints":{"allow":["GET"]}}],"collection":[{"href":"https:\/\/fjallraven.dev.mortar.tovarnaidej.com\/en\/wp-json\/wp\/v2\/product"}],"about":[{"href":"https:\/\/fjallraven.dev.mortar.tovarnaidej.com\/en\/wp-json\/wp\/v2\/types\/product"}],"version-history":[{"count":1,"href":"https:\/\/fjallraven.dev.mortar.tovarnaidej.com\/en\/wp-json\/wp\/v2\/product\/1019773\/revisions"}],"predecessor-version":[{"id":1019793,"href":"https:\/\/fjallraven.dev.mortar.tovarnaidej.com\/en\/wp-json\/wp\/v2\/product\/1019773\/revisions\/1019793"}],"wp:featuredmedia":[{"embeddable":true,"href":"https:\/\/fjallraven.dev.mortar.tovarnaidej.com\/en\/wp-json\/wp\/v2\/media\/1021389"}],"wp:attachment":[{"href":"https:\/\/fjallraven.dev.mortar.tovarnaidej.com\/en\/wp-json\/wp\/v2\/media?parent=1019773"}],"wp:term":[{"taxonomy":"product_brand","embeddable":true,"href":"https:\/\/fjallraven.dev.mortar.tovarnaidej.com\/en\/wp-json\/wp\/v2\/product_brand?post=1019773"},{"taxonomy":"product_cat","embeddable":true,"href":"https:\/\/fjallraven.dev.mortar.tovarnaidej.com\/en\/wp-json\/wp\/v2\/product_cat?post=1019773"},{"taxonomy":"product_tag","embeddable":true,"href":"https:\/\/fjallraven.dev.mortar.tovarnaidej.com\/en\/wp-json\/wp\/v2\/product_tag?post=1019773"}],"curies":[{"name":"wp","href":"https:\/\/api.w.org\/{rel}","templated":true}]}}