{"id":1019774,"date":"2025-11-21T09:25:20","date_gmt":"2025-11-21T09:25:20","guid":{"rendered":"https:\/\/fjallraven.dev.mortar.tovarnaidej.com\/?post_type=product&#038;p=1019774"},"modified":"2025-11-27T12:11:06","modified_gmt":"2025-11-27T12:11:06","slug":"ovik-365-hat","status":"publish","type":"product","link":"https:\/\/fjallraven.dev.mortar.tovarnaidej.com\/en\/product\/ovik-365-hat\/","title":{"rendered":"\u00d6vik 365 Hat"},"content":{"rendered":"<p>Rebrasto pletena kapa izra\u0111ena od mekane i tople mje\u0161avine ZQ merino vune i organskog pamuka, \u0161to je \u010dini savr\u0161enim izborom za bla\u017ee vrijeme. Kapa \u00d6vik 365 ima \u0161iroki presavijeni rub i malu ko\u017enu etiketu sa strane.<\/p>\n","protected":false},"excerpt":{"rendered":"<p>Rebrasto pletena kapa od mje\u0161avine ZQ merino vune i organskog pamuka, idealna za toplije vrijeme. Proizvedeno bez PFAS-a.<\/p>\n","protected":false},"featured_media":1021395,"template":"","meta":[],"product_brand":[460],"product_cat":[191],"product_tag":[479,541,480,485],"class_list":{"0":"post-1019774","1":"product","2":"type-product","3":"status-publish","4":"has-post-thumbnail","6":"product_brand-ovik","7":"product_cat-dodaci-za-odjecu","8":"product_tag-everyday-outdoor","9":"product_tag-dodaci-kape","10":"product_tag-ovik","11":"product_tag-unisex","13":"first","14":"outofstock","15":"shipping-taxable","16":"purchasable","17":"product-type-variable"},"_links":{"self":[{"href":"https:\/\/fjallraven.dev.mortar.tovarnaidej.com\/en\/wp-json\/wp\/v2\/product\/1019774","targetHints":{"allow":["GET"]}}],"collection":[{"href":"https:\/\/fjallraven.dev.mortar.tovarnaidej.com\/en\/wp-json\/wp\/v2\/product"}],"about":[{"href":"https:\/\/fjallraven.dev.mortar.tovarnaidej.com\/en\/wp-json\/wp\/v2\/types\/product"}],"version-history":[{"count":1,"href":"https:\/\/fjallraven.dev.mortar.tovarnaidej.com\/en\/wp-json\/wp\/v2\/product\/1019774\/revisions"}],"predecessor-version":[{"id":1019797,"href":"https:\/\/fjallraven.dev.mortar.tovarnaidej.com\/en\/wp-json\/wp\/v2\/product\/1019774\/revisions\/1019797"}],"wp:featuredmedia":[{"embeddable":true,"href":"https:\/\/fjallraven.dev.mortar.tovarnaidej.com\/en\/wp-json\/wp\/v2\/media\/1021395"}],"wp:attachment":[{"href":"https:\/\/fjallraven.dev.mortar.tovarnaidej.com\/en\/wp-json\/wp\/v2\/media?parent=1019774"}],"wp:term":[{"taxonomy":"product_brand","embeddable":true,"href":"https:\/\/fjallraven.dev.mortar.tovarnaidej.com\/en\/wp-json\/wp\/v2\/product_brand?post=1019774"},{"taxonomy":"product_cat","embeddable":true,"href":"https:\/\/fjallraven.dev.mortar.tovarnaidej.com\/en\/wp-json\/wp\/v2\/product_cat?post=1019774"},{"taxonomy":"product_tag","embeddable":true,"href":"https:\/\/fjallraven.dev.mortar.tovarnaidej.com\/en\/wp-json\/wp\/v2\/product_tag?post=1019774"}],"curies":[{"name":"wp","href":"https:\/\/api.w.org\/{rel}","templated":true}]}}