{"id":1019806,"date":"2025-11-21T09:25:30","date_gmt":"2025-11-21T09:25:30","guid":{"rendered":"https:\/\/fjallraven.dev.mortar.tovarnaidej.com\/?post_type=product&#038;p=1019806"},"modified":"2025-11-27T12:11:06","modified_gmt":"2025-11-27T12:11:06","slug":"keb-agile-winter-trousers-w","status":"publish","type":"product","link":"https:\/\/fjallraven.dev.mortar.tovarnaidej.com\/en\/product\/keb-agile-winter-trousers-w\/","title":{"rendered":"Keb Agile Winter Trousers W"},"content":{"rendered":"<p>Izdr\u017eljive, tople i nevjerojatno udobne, \u017eenske zimske hla\u010de Keb Agile izra\u0111ene su od izdr\u017eljive, dvostruko tkane tkanine koja se raste\u017ee u \u010detiri smjera s toplom \u010detkanom unutarnjom stranom i imaju oja\u010danja od G-1000 Stretch materijala. Ova izdr\u017eljiva tkanina pru\u017ea izvrsnu slobodu kretanja, a kada se kombinira s velikim otvorima za ventilaciju i umetcima s patentnim zatvara\u010dem kompatibilnim sa skija\u0161kim \u010dizmama, dobit \u0107ete savr\u0161ene svestrane hla\u010de za sve Va\u0161e zimske avanture.<\/p>\n","protected":false},"excerpt":{"rendered":"<p>Izdr\u017eljive, tople i izuzetno udobne hla\u010de za zimske avanture. Proizvedeno bez PFAS-a.<\/p>\n","protected":false},"featured_media":1021437,"template":"","meta":[],"product_brand":[89],"product_cat":[259],"product_tag":[469,478,471,489,552,565],"class_list":{"0":"post-1019806","1":"product","2":"type-product","3":"status-publish","4":"has-post-thumbnail","6":"product_brand-keb","7":"product_cat-hlace-i-suknje","8":"product_tag-hlace","9":"product_tag-keb","10":"product_tag-trekking","11":"product_tag-zene","12":"product_tag-hlace-zene","13":"product_tag-hlace-zene-treking","15":"first","16":"outofstock","17":"shipping-taxable","18":"purchasable","19":"product-type-variable"},"_links":{"self":[{"href":"https:\/\/fjallraven.dev.mortar.tovarnaidej.com\/en\/wp-json\/wp\/v2\/product\/1019806","targetHints":{"allow":["GET"]}}],"collection":[{"href":"https:\/\/fjallraven.dev.mortar.tovarnaidej.com\/en\/wp-json\/wp\/v2\/product"}],"about":[{"href":"https:\/\/fjallraven.dev.mortar.tovarnaidej.com\/en\/wp-json\/wp\/v2\/types\/product"}],"version-history":[{"count":1,"href":"https:\/\/fjallraven.dev.mortar.tovarnaidej.com\/en\/wp-json\/wp\/v2\/product\/1019806\/revisions"}],"predecessor-version":[{"id":1019812,"href":"https:\/\/fjallraven.dev.mortar.tovarnaidej.com\/en\/wp-json\/wp\/v2\/product\/1019806\/revisions\/1019812"}],"wp:featuredmedia":[{"embeddable":true,"href":"https:\/\/fjallraven.dev.mortar.tovarnaidej.com\/en\/wp-json\/wp\/v2\/media\/1021437"}],"wp:attachment":[{"href":"https:\/\/fjallraven.dev.mortar.tovarnaidej.com\/en\/wp-json\/wp\/v2\/media?parent=1019806"}],"wp:term":[{"taxonomy":"product_brand","embeddable":true,"href":"https:\/\/fjallraven.dev.mortar.tovarnaidej.com\/en\/wp-json\/wp\/v2\/product_brand?post=1019806"},{"taxonomy":"product_cat","embeddable":true,"href":"https:\/\/fjallraven.dev.mortar.tovarnaidej.com\/en\/wp-json\/wp\/v2\/product_cat?post=1019806"},{"taxonomy":"product_tag","embeddable":true,"href":"https:\/\/fjallraven.dev.mortar.tovarnaidej.com\/en\/wp-json\/wp\/v2\/product_tag?post=1019806"}],"curies":[{"name":"wp","href":"https:\/\/api.w.org\/{rel}","templated":true}]}}