{"id":1019808,"date":"2025-11-21T09:25:30","date_gmt":"2025-11-21T09:25:30","guid":{"rendered":"https:\/\/fjallraven.dev.mortar.tovarnaidej.com\/?post_type=product&#038;p=1019808"},"modified":"2025-11-27T12:11:06","modified_gmt":"2025-11-27T12:11:06","slug":"bergtagen-130-insulation-jkt-w","status":"publish","type":"product","link":"https:\/\/fjallraven.dev.mortar.tovarnaidej.com\/en\/product\/bergtagen-130-insulation-jkt-w\/","title":{"rendered":"Bergtagen 130 Insulation Jkt W"},"content":{"rendered":"<p>Bergtagen izolacijska jakna za \u017eene je visokou\u010dinkovita planinarska jakna dizajnirana da izdr\u017ei te\u0161ke uvjete. Iznimno je topla \u010dak i u mokrim uvjetima zahvaljuju\u0107i vanjskoj tkanini izra\u0111enoj od izdr\u017eljivog, vremenski otpornog recikliranog Pertex poliestera i PrimaLoft\u00ae Black Insulation RISE s P.U.R.E. tehnologijom. Njen prostrani kroj i vodootporna podstava olak\u0161avaju navla\u010denje preko drugih slojeva \u010dak i kada je mokra, osiguravaju\u0107i udobnost i za\u0161titu od ledenih vjetrova i zimskih oluja iznad granice \u0161ume.<\/p>\n","protected":false},"excerpt":{"rendered":"<p>Visokou\u010dinkovita planinarska jakna dizajnirana da izdr\u017ei te\u0161ke uvjete, podstavljena PrimaLoft\u00ae crnom izolacijom RISE s P.U.R.E. tehnologijom. Proizvedeno bez PFAS-a.<\/p>\n","protected":false},"featured_media":1021447,"template":"","meta":[],"product_brand":[462],"product_cat":[217],"product_tag":[491,476,490,489,550,555,559],"class_list":{"0":"post-1019808","1":"product","2":"type-product","3":"status-publish","4":"has-post-thumbnail","6":"product_brand-bergtagen","7":"product_cat-jakne","8":"product_tag-bergtagen","9":"product_tag-jakne-od-sintetike","10":"product_tag-mountaineering","11":"product_tag-zene","12":"product_tag-zene-jakne","13":"product_tag-zenske-jakne-treking","14":"product_tag-zenske-jakne-zimske","16":"first","17":"outofstock","18":"shipping-taxable","19":"purchasable","20":"product-type-variable"},"_links":{"self":[{"href":"https:\/\/fjallraven.dev.mortar.tovarnaidej.com\/en\/wp-json\/wp\/v2\/product\/1019808","targetHints":{"allow":["GET"]}}],"collection":[{"href":"https:\/\/fjallraven.dev.mortar.tovarnaidej.com\/en\/wp-json\/wp\/v2\/product"}],"about":[{"href":"https:\/\/fjallraven.dev.mortar.tovarnaidej.com\/en\/wp-json\/wp\/v2\/types\/product"}],"version-history":[{"count":1,"href":"https:\/\/fjallraven.dev.mortar.tovarnaidej.com\/en\/wp-json\/wp\/v2\/product\/1019808\/revisions"}],"predecessor-version":[{"id":1019825,"href":"https:\/\/fjallraven.dev.mortar.tovarnaidej.com\/en\/wp-json\/wp\/v2\/product\/1019808\/revisions\/1019825"}],"wp:featuredmedia":[{"embeddable":true,"href":"https:\/\/fjallraven.dev.mortar.tovarnaidej.com\/en\/wp-json\/wp\/v2\/media\/1021447"}],"wp:attachment":[{"href":"https:\/\/fjallraven.dev.mortar.tovarnaidej.com\/en\/wp-json\/wp\/v2\/media?parent=1019808"}],"wp:term":[{"taxonomy":"product_brand","embeddable":true,"href":"https:\/\/fjallraven.dev.mortar.tovarnaidej.com\/en\/wp-json\/wp\/v2\/product_brand?post=1019808"},{"taxonomy":"product_cat","embeddable":true,"href":"https:\/\/fjallraven.dev.mortar.tovarnaidej.com\/en\/wp-json\/wp\/v2\/product_cat?post=1019808"},{"taxonomy":"product_tag","embeddable":true,"href":"https:\/\/fjallraven.dev.mortar.tovarnaidej.com\/en\/wp-json\/wp\/v2\/product_tag?post=1019808"}],"curies":[{"name":"wp","href":"https:\/\/api.w.org\/{rel}","templated":true}]}}