{"id":1019840,"date":"2025-11-21T09:25:40","date_gmt":"2025-11-21T09:25:40","guid":{"rendered":"https:\/\/fjallraven.dev.mortar.tovarnaidej.com\/?post_type=product&#038;p=1019840"},"modified":"2025-11-27T12:11:05","modified_gmt":"2025-11-27T12:11:05","slug":"lush-logo-t-shirt-w","status":"publish","type":"product","link":"https:\/\/fjallraven.dev.mortar.tovarnaidej.com\/en\/product\/lush-logo-t-shirt-w\/","title":{"rendered":"Lush Logo T-shirt W"},"content":{"rendered":"<p>\u017denska majica kratkih rukava od odr\u017eivog jersey pletiva koje kombinira funkcionalnost i izdr\u017eljivost recikliranog poliestera s meko\u0107om organskog pamuka. \u017denska majica s Lush Logom odvodi vlagu i brzo se su\u0161i, \u0161to je \u010dini dodatno udobnom u toplim klimama. Nova sezonska grafika s integriranim logotipom otisnutim na prsima. Okrugli ovratnik.<\/p>\n","protected":false},"excerpt":{"rendered":"<p>Udobna majica kratkih rukava od mje\u0161avine recikliranog poliestera i organskog pamuka. Proizvedeno bez PFAS-a.<\/p>\n","protected":false},"featured_media":1021472,"template":"","meta":[],"product_brand":[460],"product_cat":[274],"product_tag":[479,483,480,489,569,553],"class_list":{"0":"post-1019840","1":"product","2":"type-product","3":"status-publish","4":"has-post-thumbnail","6":"product_brand-ovik","7":"product_cat-kosulje-i-osnovni-sloj","8":"product_tag-everyday-outdoor","9":"product_tag-majice-i-majice-dugih-rukava","10":"product_tag-ovik","11":"product_tag-zene","12":"product_tag-majice-zene-kratke","13":"product_tag-majice-zene","15":"first","16":"outofstock","17":"shipping-taxable","18":"purchasable","19":"product-type-variable"},"_links":{"self":[{"href":"https:\/\/fjallraven.dev.mortar.tovarnaidej.com\/en\/wp-json\/wp\/v2\/product\/1019840","targetHints":{"allow":["GET"]}}],"collection":[{"href":"https:\/\/fjallraven.dev.mortar.tovarnaidej.com\/en\/wp-json\/wp\/v2\/product"}],"about":[{"href":"https:\/\/fjallraven.dev.mortar.tovarnaidej.com\/en\/wp-json\/wp\/v2\/types\/product"}],"version-history":[{"count":1,"href":"https:\/\/fjallraven.dev.mortar.tovarnaidej.com\/en\/wp-json\/wp\/v2\/product\/1019840\/revisions"}],"predecessor-version":[{"id":1019846,"href":"https:\/\/fjallraven.dev.mortar.tovarnaidej.com\/en\/wp-json\/wp\/v2\/product\/1019840\/revisions\/1019846"}],"wp:featuredmedia":[{"embeddable":true,"href":"https:\/\/fjallraven.dev.mortar.tovarnaidej.com\/en\/wp-json\/wp\/v2\/media\/1021472"}],"wp:attachment":[{"href":"https:\/\/fjallraven.dev.mortar.tovarnaidej.com\/en\/wp-json\/wp\/v2\/media?parent=1019840"}],"wp:term":[{"taxonomy":"product_brand","embeddable":true,"href":"https:\/\/fjallraven.dev.mortar.tovarnaidej.com\/en\/wp-json\/wp\/v2\/product_brand?post=1019840"},{"taxonomy":"product_cat","embeddable":true,"href":"https:\/\/fjallraven.dev.mortar.tovarnaidej.com\/en\/wp-json\/wp\/v2\/product_cat?post=1019840"},{"taxonomy":"product_tag","embeddable":true,"href":"https:\/\/fjallraven.dev.mortar.tovarnaidej.com\/en\/wp-json\/wp\/v2\/product_tag?post=1019840"}],"curies":[{"name":"wp","href":"https:\/\/api.w.org\/{rel}","templated":true}]}}