{"id":1019841,"date":"2025-11-21T09:25:40","date_gmt":"2025-11-21T09:25:40","guid":{"rendered":"https:\/\/fjallraven.dev.mortar.tovarnaidej.com\/?post_type=product&#038;p=1019841"},"modified":"2025-11-27T12:11:05","modified_gmt":"2025-11-27T12:11:05","slug":"ovik-lite-fleece-jacket-w","status":"publish","type":"product","link":"https:\/\/fjallraven.dev.mortar.tovarnaidej.com\/en\/product\/ovik-lite-fleece-jacket-w\/","title":{"rendered":"\u00d6vik Lite Fleece Jacket W"},"content":{"rendered":"<p>Lagana mikroflis jakna za planinarenje i svakodnevni boravak na otvorenom, izra\u0111ena od recikliranog poliestera. \u00d6vik Lite flis jakna za \u017eene lako se obla\u010di ispod shell jakne i odli\u010dna je samostalno u prolje\u0107e ili ljetne ve\u010deri. Bezvremenski dizajn s raglan rukavima i ravnim \u0161avovima smanjuje rizik od trenja ispod naramenica ruksaka i pru\u017ea vrhunsku udobnost i slobodu kretanja. Dva d\u017eepa za ruke s patentnim zatvara\u010dem, prednji patentni zatvara\u010d cijelom duljinom i elasti\u010dni vez na man\u017eetama.<\/p>\n","protected":false},"excerpt":{"rendered":"<p>Lagana i udobna mikroflis jakna izra\u0111ena od recikliranog poliestera. Proizvedeno bez PFAS-a.<\/p>\n","protected":false},"featured_media":1021478,"template":"","meta":[],"product_brand":[460],"product_cat":[186],"product_tag":[595,479,481,480,489,562,564],"class_list":{"0":"post-1019841","1":"product","2":"type-product","3":"status-publish","4":"has-post-thumbnail","6":"product_brand-ovik","7":"product_cat-srednji-slojevi","8":"product_tag-dzemperi-i-pletivo","9":"product_tag-everyday-outdoor","10":"product_tag-flis","11":"product_tag-ovik","12":"product_tag-zene","13":"product_tag-mid-layer-zene-dzemperi","14":"product_tag-mid-layer-zene-prsluci","16":"first","17":"outofstock","18":"shipping-taxable","19":"purchasable","20":"product-type-variable"},"_links":{"self":[{"href":"https:\/\/fjallraven.dev.mortar.tovarnaidej.com\/en\/wp-json\/wp\/v2\/product\/1019841","targetHints":{"allow":["GET"]}}],"collection":[{"href":"https:\/\/fjallraven.dev.mortar.tovarnaidej.com\/en\/wp-json\/wp\/v2\/product"}],"about":[{"href":"https:\/\/fjallraven.dev.mortar.tovarnaidej.com\/en\/wp-json\/wp\/v2\/types\/product"}],"version-history":[{"count":1,"href":"https:\/\/fjallraven.dev.mortar.tovarnaidej.com\/en\/wp-json\/wp\/v2\/product\/1019841\/revisions"}],"predecessor-version":[{"id":1019848,"href":"https:\/\/fjallraven.dev.mortar.tovarnaidej.com\/en\/wp-json\/wp\/v2\/product\/1019841\/revisions\/1019848"}],"wp:featuredmedia":[{"embeddable":true,"href":"https:\/\/fjallraven.dev.mortar.tovarnaidej.com\/en\/wp-json\/wp\/v2\/media\/1021478"}],"wp:attachment":[{"href":"https:\/\/fjallraven.dev.mortar.tovarnaidej.com\/en\/wp-json\/wp\/v2\/media?parent=1019841"}],"wp:term":[{"taxonomy":"product_brand","embeddable":true,"href":"https:\/\/fjallraven.dev.mortar.tovarnaidej.com\/en\/wp-json\/wp\/v2\/product_brand?post=1019841"},{"taxonomy":"product_cat","embeddable":true,"href":"https:\/\/fjallraven.dev.mortar.tovarnaidej.com\/en\/wp-json\/wp\/v2\/product_cat?post=1019841"},{"taxonomy":"product_tag","embeddable":true,"href":"https:\/\/fjallraven.dev.mortar.tovarnaidej.com\/en\/wp-json\/wp\/v2\/product_tag?post=1019841"}],"curies":[{"name":"wp","href":"https:\/\/api.w.org\/{rel}","templated":true}]}}