{"id":1019842,"date":"2025-11-21T09:25:40","date_gmt":"2025-11-21T09:25:40","guid":{"rendered":"https:\/\/fjallraven.dev.mortar.tovarnaidej.com\/?post_type=product&#038;p=1019842"},"modified":"2025-11-27T12:11:05","modified_gmt":"2025-11-27T12:11:05","slug":"abisko-grid-fleece-hoodie-w","status":"publish","type":"product","link":"https:\/\/fjallraven.dev.mortar.tovarnaidej.com\/en\/product\/abisko-grid-fleece-hoodie-w\/","title":{"rendered":"Abisko Grid Fleece Hoodie W"},"content":{"rendered":"<p>Svestrana flis majica s kapulja\u010dom izra\u0111ena od recikliranog poliestera s pletenim vanjskim slojem i prozra\u010dnom unutarnjom stranom za pobolj\u0161anu toplinu i udobnost. Flis mre\u017easte strukture ima vrhunsku ventilaciju i savr\u0161en je kao brzosu\u0161e\u0107i srednji sloj koji odvodi vlagu ispod jakne ili ga nosite samostalno u hladnim ljetnim ve\u010derima. Abisko Grid Fleece majica s kapulja\u010dom za \u017eene ima patentni zatvara\u010d cijele duljine u dva smjera i udobnu kapulja\u010du. Prakti\u010dna i skladi\u0161tiva, neophodna je u ruksaku za sve vrste aktivnosti na otvorenom.<\/p>\n","protected":false},"excerpt":{"rendered":"<p>Svestrana, brzosu\u0161e\u0107a flis jakna s kapulja\u010dom od recikliranog poliestera s visokom mre\u017eastom strukturom. Proizvedeno bez PFAS-a.<\/p>\n","protected":false},"featured_media":1021480,"template":"","meta":[],"product_brand":[458],"product_cat":[186],"product_tag":[472,595,481,471,489,562,564],"class_list":{"0":"post-1019842","1":"product","2":"type-product","3":"status-publish","4":"has-post-thumbnail","6":"product_brand-abisko","7":"product_cat-srednji-slojevi","8":"product_tag-abisko","9":"product_tag-dzemperi-i-pletivo","10":"product_tag-flis","11":"product_tag-trekking","12":"product_tag-zene","13":"product_tag-mid-layer-zene-dzemperi","14":"product_tag-mid-layer-zene-prsluci","16":"first","17":"outofstock","18":"shipping-taxable","19":"purchasable","20":"product-type-variable"},"_links":{"self":[{"href":"https:\/\/fjallraven.dev.mortar.tovarnaidej.com\/en\/wp-json\/wp\/v2\/product\/1019842","targetHints":{"allow":["GET"]}}],"collection":[{"href":"https:\/\/fjallraven.dev.mortar.tovarnaidej.com\/en\/wp-json\/wp\/v2\/product"}],"about":[{"href":"https:\/\/fjallraven.dev.mortar.tovarnaidej.com\/en\/wp-json\/wp\/v2\/types\/product"}],"version-history":[{"count":1,"href":"https:\/\/fjallraven.dev.mortar.tovarnaidej.com\/en\/wp-json\/wp\/v2\/product\/1019842\/revisions"}],"predecessor-version":[{"id":1019854,"href":"https:\/\/fjallraven.dev.mortar.tovarnaidej.com\/en\/wp-json\/wp\/v2\/product\/1019842\/revisions\/1019854"}],"wp:featuredmedia":[{"embeddable":true,"href":"https:\/\/fjallraven.dev.mortar.tovarnaidej.com\/en\/wp-json\/wp\/v2\/media\/1021480"}],"wp:attachment":[{"href":"https:\/\/fjallraven.dev.mortar.tovarnaidej.com\/en\/wp-json\/wp\/v2\/media?parent=1019842"}],"wp:term":[{"taxonomy":"product_brand","embeddable":true,"href":"https:\/\/fjallraven.dev.mortar.tovarnaidej.com\/en\/wp-json\/wp\/v2\/product_brand?post=1019842"},{"taxonomy":"product_cat","embeddable":true,"href":"https:\/\/fjallraven.dev.mortar.tovarnaidej.com\/en\/wp-json\/wp\/v2\/product_cat?post=1019842"},{"taxonomy":"product_tag","embeddable":true,"href":"https:\/\/fjallraven.dev.mortar.tovarnaidej.com\/en\/wp-json\/wp\/v2\/product_tag?post=1019842"}],"curies":[{"name":"wp","href":"https:\/\/api.w.org\/{rel}","templated":true}]}}