{"id":1019844,"date":"2025-11-21T09:25:40","date_gmt":"2025-11-21T09:25:40","guid":{"rendered":"https:\/\/fjallraven.dev.mortar.tovarnaidej.com\/?post_type=product&#038;p=1019844"},"modified":"2025-11-27T12:11:05","modified_gmt":"2025-11-27T12:11:05","slug":"ovik-lite-half-zip-w","status":"publish","type":"product","link":"https:\/\/fjallraven.dev.mortar.tovarnaidej.com\/en\/product\/ovik-lite-half-zip-w\/","title":{"rendered":"\u00d6vik Lite half Zip W"},"content":{"rendered":"<p>\u017denski pulover \u00d6vik Lite s poluzatvara\u010dem, lagan je i udoban, a izra\u0111en od mje\u0161avine ZQ merino vune i organskog pamuka. Ova kombinacija nudi prednosti vune koja odvodi vlagu i regulira temperaturu, a istovremeno pru\u017ea meko\u0107u organskog pamuka. Savr\u0161en je za ljetne dane, a odr\u017eavat \u0107e Vas toplima uz osje\u0107aj ugode i na otvorenom. Veliki patentni zatvara\u010d olak\u0161ava obla\u010denje i svla\u010denje, dok \u0107e srednje visoki ovratnik odr\u017eavati Va\u0161 vrat ugodnim i toplim.<\/p>\n","protected":false},"excerpt":{"rendered":"<p>Udoban, lagani d\u017eemper od mje\u0161avine ZQ merino vune i organskog pamuka s velikim patentnim poluzatvara\u010dem. Proizvedeno bez PFAS-a.<\/p>\n","protected":false},"featured_media":1021498,"template":"","meta":[],"product_brand":[460],"product_cat":[186],"product_tag":[595,482,479,480,489,562,564],"class_list":{"0":"post-1019844","1":"product","2":"type-product","3":"status-publish","4":"has-post-thumbnail","6":"product_brand-ovik","7":"product_cat-srednji-slojevi","8":"product_tag-dzemperi-i-pletivo","9":"product_tag-dzemperi-i-vuna","10":"product_tag-everyday-outdoor","11":"product_tag-ovik","12":"product_tag-zene","13":"product_tag-mid-layer-zene-dzemperi","14":"product_tag-mid-layer-zene-prsluci","16":"first","17":"outofstock","18":"shipping-taxable","19":"purchasable","20":"product-type-variable"},"_links":{"self":[{"href":"https:\/\/fjallraven.dev.mortar.tovarnaidej.com\/en\/wp-json\/wp\/v2\/product\/1019844","targetHints":{"allow":["GET"]}}],"collection":[{"href":"https:\/\/fjallraven.dev.mortar.tovarnaidej.com\/en\/wp-json\/wp\/v2\/product"}],"about":[{"href":"https:\/\/fjallraven.dev.mortar.tovarnaidej.com\/en\/wp-json\/wp\/v2\/types\/product"}],"version-history":[{"count":1,"href":"https:\/\/fjallraven.dev.mortar.tovarnaidej.com\/en\/wp-json\/wp\/v2\/product\/1019844\/revisions"}],"predecessor-version":[{"id":1019871,"href":"https:\/\/fjallraven.dev.mortar.tovarnaidej.com\/en\/wp-json\/wp\/v2\/product\/1019844\/revisions\/1019871"}],"wp:featuredmedia":[{"embeddable":true,"href":"https:\/\/fjallraven.dev.mortar.tovarnaidej.com\/en\/wp-json\/wp\/v2\/media\/1021498"}],"wp:attachment":[{"href":"https:\/\/fjallraven.dev.mortar.tovarnaidej.com\/en\/wp-json\/wp\/v2\/media?parent=1019844"}],"wp:term":[{"taxonomy":"product_brand","embeddable":true,"href":"https:\/\/fjallraven.dev.mortar.tovarnaidej.com\/en\/wp-json\/wp\/v2\/product_brand?post=1019844"},{"taxonomy":"product_cat","embeddable":true,"href":"https:\/\/fjallraven.dev.mortar.tovarnaidej.com\/en\/wp-json\/wp\/v2\/product_cat?post=1019844"},{"taxonomy":"product_tag","embeddable":true,"href":"https:\/\/fjallraven.dev.mortar.tovarnaidej.com\/en\/wp-json\/wp\/v2\/product_tag?post=1019844"}],"curies":[{"name":"wp","href":"https:\/\/api.w.org\/{rel}","templated":true}]}}