{"id":1019875,"date":"2025-11-21T09:25:48","date_gmt":"2025-11-21T09:25:48","guid":{"rendered":"https:\/\/fjallraven.dev.mortar.tovarnaidej.com\/?post_type=product&#038;p=1019875"},"modified":"2025-11-27T12:11:05","modified_gmt":"2025-11-27T12:11:05","slug":"abisko-wool-hoodie-w","status":"publish","type":"product","link":"https:\/\/fjallraven.dev.mortar.tovarnaidej.com\/en\/product\/abisko-wool-hoodie-w\/","title":{"rendered":"Abisko Wool Hoodie W"},"content":{"rendered":"<p>Abisko vunena majica s kapulja\u010dom za \u017eene je lagana majica s kapulja\u010dom od mekog \u017eersey pletiva izra\u0111ena od ZQ merino vune i poliestera. Savr\u0161en prvi sloj u toplim i hladnim klimama, kombinira svojstva vune za regulaciju temperature s izdr\u017eljivo\u0161\u0107u i svojstvima sinteti\u010dkih vlakana za odvo\u0111enje vlage. Dugi rukavi imaju rupe za pal\u010deve, a kapulja\u010da ima otvor za rep. Posebno je korisna na vi\u0161ednevnim putovanjima jer vuna prirodno odolijeva neugodnim mirisima.<\/p>\n","protected":false},"excerpt":{"rendered":"<p>Lagani pulover s kapulja\u010dom i dugim rukavima od funkcionalne mje\u0161avine merino vune i poliestera. Proizvedeno bez PFAS-a.<\/p>\n","protected":false},"featured_media":1021500,"template":"","meta":[],"product_brand":[458],"product_cat":[274],"product_tag":[472,570,483,471,489,553],"class_list":{"0":"post-1019875","1":"product","2":"type-product","3":"status-publish","4":"has-post-thumbnail","6":"product_brand-abisko","7":"product_cat-kosulje-i-osnovni-sloj","8":"product_tag-abisko","9":"product_tag-majice-zene-duge","10":"product_tag-majice-i-majice-dugih-rukava","11":"product_tag-trekking","12":"product_tag-zene","13":"product_tag-majice-zene","15":"first","16":"outofstock","17":"shipping-taxable","18":"purchasable","19":"product-type-variable"},"_links":{"self":[{"href":"https:\/\/fjallraven.dev.mortar.tovarnaidej.com\/en\/wp-json\/wp\/v2\/product\/1019875","targetHints":{"allow":["GET"]}}],"collection":[{"href":"https:\/\/fjallraven.dev.mortar.tovarnaidej.com\/en\/wp-json\/wp\/v2\/product"}],"about":[{"href":"https:\/\/fjallraven.dev.mortar.tovarnaidej.com\/en\/wp-json\/wp\/v2\/types\/product"}],"version-history":[{"count":1,"href":"https:\/\/fjallraven.dev.mortar.tovarnaidej.com\/en\/wp-json\/wp\/v2\/product\/1019875\/revisions"}],"predecessor-version":[{"id":1019885,"href":"https:\/\/fjallraven.dev.mortar.tovarnaidej.com\/en\/wp-json\/wp\/v2\/product\/1019875\/revisions\/1019885"}],"wp:featuredmedia":[{"embeddable":true,"href":"https:\/\/fjallraven.dev.mortar.tovarnaidej.com\/en\/wp-json\/wp\/v2\/media\/1021500"}],"wp:attachment":[{"href":"https:\/\/fjallraven.dev.mortar.tovarnaidej.com\/en\/wp-json\/wp\/v2\/media?parent=1019875"}],"wp:term":[{"taxonomy":"product_brand","embeddable":true,"href":"https:\/\/fjallraven.dev.mortar.tovarnaidej.com\/en\/wp-json\/wp\/v2\/product_brand?post=1019875"},{"taxonomy":"product_cat","embeddable":true,"href":"https:\/\/fjallraven.dev.mortar.tovarnaidej.com\/en\/wp-json\/wp\/v2\/product_cat?post=1019875"},{"taxonomy":"product_tag","embeddable":true,"href":"https:\/\/fjallraven.dev.mortar.tovarnaidej.com\/en\/wp-json\/wp\/v2\/product_tag?post=1019875"}],"curies":[{"name":"wp","href":"https:\/\/api.w.org\/{rel}","templated":true}]}}