{"id":1019877,"date":"2025-11-21T09:25:48","date_gmt":"2025-11-21T09:25:48","guid":{"rendered":"https:\/\/fjallraven.dev.mortar.tovarnaidej.com\/?post_type=product&#038;p=1019877"},"modified":"2025-11-27T12:11:05","modified_gmt":"2025-11-27T12:11:05","slug":"samlaren-field-repair","status":"publish","type":"product","link":"https:\/\/fjallraven.dev.mortar.tovarnaidej.com\/en\/product\/samlaren-field-repair\/","title":{"rendered":"Samlaren Field Repair"},"content":{"rendered":"<p>Po\u010detni komplet prve pomo\u0107i za Va\u0161u opremu \u2013 napravljen da inspirira i potakne ljude da popravljaju, a ne zamjenjuju svoju opremu za aktivnosti. Samlaren Field Repair izra\u0111en je od ostataka tkanine i ima niz bitnih predmeta i prostora za dodavanje jo\u0161 kako biste imali sve \u0161to Vam je potrebno za popravak opreme usred avanture. U Fj\u00e4llr\u00e4venu naporno radimo na stvaranju izdr\u017eljivih i lako popravljivih proizvoda kao dio na\u0161e predanosti odr\u017eivosti, a sada imamo upravo onaj komplet koji vam je potreban za rje\u0161avanje problema na terenu. Samlaren Field Repair Kit izra\u0111en je od ostataka tkanine, tako da \u0107e se boja koju dobijete nasumi\u010dno razlikovati ovisno o materijalima dostupnim u vrijeme izrade.<\/p>\n","protected":false},"excerpt":{"rendered":"<p>Mala vi\u0161enamjenska torba s nizom bitnih predmeta za popravke na terenu. Proizvedeno bez PFAS-a.<\/p>\n","protected":false},"featured_media":1021521,"template":"","meta":[],"product_brand":[464],"product_cat":[156],"product_tag":[554,584,496,587,479,494,495,485],"class_list":{"0":"post-1019877","1":"product","2":"type-product","3":"status-publish","4":"has-post-thumbnail","6":"product_brand-samlaren","7":"product_cat-dodaci","8":"product_tag-dodaci","9":"product_tag-dodaci-oprema","10":"product_tag-dodaci-za-ruksake-i-torbe","11":"product_tag-dodaci-satori","12":"product_tag-everyday-outdoor","13":"product_tag-ostali-proizvodi","14":"product_tag-samlaren","15":"product_tag-unisex","17":"first","18":"outofstock","19":"shipping-taxable","20":"purchasable","21":"product-type-variable"},"_links":{"self":[{"href":"https:\/\/fjallraven.dev.mortar.tovarnaidej.com\/en\/wp-json\/wp\/v2\/product\/1019877","targetHints":{"allow":["GET"]}}],"collection":[{"href":"https:\/\/fjallraven.dev.mortar.tovarnaidej.com\/en\/wp-json\/wp\/v2\/product"}],"about":[{"href":"https:\/\/fjallraven.dev.mortar.tovarnaidej.com\/en\/wp-json\/wp\/v2\/types\/product"}],"version-history":[{"count":1,"href":"https:\/\/fjallraven.dev.mortar.tovarnaidej.com\/en\/wp-json\/wp\/v2\/product\/1019877\/revisions"}],"predecessor-version":[{"id":1019894,"href":"https:\/\/fjallraven.dev.mortar.tovarnaidej.com\/en\/wp-json\/wp\/v2\/product\/1019877\/revisions\/1019894"}],"wp:featuredmedia":[{"embeddable":true,"href":"https:\/\/fjallraven.dev.mortar.tovarnaidej.com\/en\/wp-json\/wp\/v2\/media\/1021521"}],"wp:attachment":[{"href":"https:\/\/fjallraven.dev.mortar.tovarnaidej.com\/en\/wp-json\/wp\/v2\/media?parent=1019877"}],"wp:term":[{"taxonomy":"product_brand","embeddable":true,"href":"https:\/\/fjallraven.dev.mortar.tovarnaidej.com\/en\/wp-json\/wp\/v2\/product_brand?post=1019877"},{"taxonomy":"product_cat","embeddable":true,"href":"https:\/\/fjallraven.dev.mortar.tovarnaidej.com\/en\/wp-json\/wp\/v2\/product_cat?post=1019877"},{"taxonomy":"product_tag","embeddable":true,"href":"https:\/\/fjallraven.dev.mortar.tovarnaidej.com\/en\/wp-json\/wp\/v2\/product_tag?post=1019877"}],"curies":[{"name":"wp","href":"https:\/\/api.w.org\/{rel}","templated":true}]}}