{"id":1019881,"date":"2025-11-21T09:25:48","date_gmt":"2025-11-21T09:25:48","guid":{"rendered":"https:\/\/fjallraven.dev.mortar.tovarnaidej.com\/?post_type=product&#038;p=1019881"},"modified":"2025-11-27T12:11:04","modified_gmt":"2025-11-27T12:11:04","slug":"greenland-shoulder-bag-small","status":"publish","type":"product","link":"https:\/\/fjallraven.dev.mortar.tovarnaidej.com\/en\/product\/greenland-shoulder-bag-small\/","title":{"rendered":"Greenland Shoulder Bag Small"},"content":{"rendered":"<p>Izdr\u017eljiva torba za rame za posao ili \u0161kolu s prostorom za sve \u017eivotne potrep\u0161tine. Dizajn je inspiriran klasi\u010dnom Greenland serijom s izdr\u017eljivom G-1000 tkaninom i prakti\u010dnim zna\u010dajkama. Stabiliziraju\u0107i remen dr\u017ei torbu na mjestu tijekom vo\u017enje bicikla, a na stra\u017enjoj strani nalazi se mali d\u017eep za dragocjenosti.<\/p>\n","protected":false},"excerpt":{"rendered":"<p>Torba za rame od izdr\u017eljive G-1000 tkanine s podstavljenim pretincem za 13-in\u010dno prijenosno ra\u010dunalo ili tablet. Proizvedeno bez PFAS-a.<\/p>\n","protected":false},"featured_media":1021559,"template":"","meta":[],"product_brand":[465],"product_cat":[151],"product_tag":[578,479,498,497,579,485],"class_list":{"0":"post-1019881","1":"product","2":"type-product","3":"status-publish","4":"has-post-thumbnail","6":"product_brand-greenland","7":"product_cat-ruksaci-i-torbe","8":"product_tag-dnevni-ruksaci","9":"product_tag-everyday-outdoor","10":"product_tag-greenland","11":"product_tag-torbe-preko-ramena","12":"product_tag-torbice","13":"product_tag-unisex","15":"first","16":"outofstock","17":"shipping-taxable","18":"purchasable","19":"product-type-variable"},"_links":{"self":[{"href":"https:\/\/fjallraven.dev.mortar.tovarnaidej.com\/en\/wp-json\/wp\/v2\/product\/1019881","targetHints":{"allow":["GET"]}}],"collection":[{"href":"https:\/\/fjallraven.dev.mortar.tovarnaidej.com\/en\/wp-json\/wp\/v2\/product"}],"about":[{"href":"https:\/\/fjallraven.dev.mortar.tovarnaidej.com\/en\/wp-json\/wp\/v2\/types\/product"}],"version-history":[{"count":1,"href":"https:\/\/fjallraven.dev.mortar.tovarnaidej.com\/en\/wp-json\/wp\/v2\/product\/1019881\/revisions"}],"predecessor-version":[{"id":1019904,"href":"https:\/\/fjallraven.dev.mortar.tovarnaidej.com\/en\/wp-json\/wp\/v2\/product\/1019881\/revisions\/1019904"}],"wp:featuredmedia":[{"embeddable":true,"href":"https:\/\/fjallraven.dev.mortar.tovarnaidej.com\/en\/wp-json\/wp\/v2\/media\/1021559"}],"wp:attachment":[{"href":"https:\/\/fjallraven.dev.mortar.tovarnaidej.com\/en\/wp-json\/wp\/v2\/media?parent=1019881"}],"wp:term":[{"taxonomy":"product_brand","embeddable":true,"href":"https:\/\/fjallraven.dev.mortar.tovarnaidej.com\/en\/wp-json\/wp\/v2\/product_brand?post=1019881"},{"taxonomy":"product_cat","embeddable":true,"href":"https:\/\/fjallraven.dev.mortar.tovarnaidej.com\/en\/wp-json\/wp\/v2\/product_cat?post=1019881"},{"taxonomy":"product_tag","embeddable":true,"href":"https:\/\/fjallraven.dev.mortar.tovarnaidej.com\/en\/wp-json\/wp\/v2\/product_tag?post=1019881"}],"curies":[{"name":"wp","href":"https:\/\/api.w.org\/{rel}","templated":true}]}}