{"id":1019882,"date":"2025-11-21T09:25:48","date_gmt":"2025-11-21T09:25:48","guid":{"rendered":"https:\/\/fjallraven.dev.mortar.tovarnaidej.com\/?post_type=product&#038;p=1019882"},"modified":"2025-11-27T12:11:04","modified_gmt":"2025-11-27T12:11:04","slug":"greenland-pocket","status":"publish","type":"product","link":"https:\/\/fjallraven.dev.mortar.tovarnaidej.com\/en\/product\/greenland-pocket\/","title":{"rendered":"Greenland Pocket"},"content":{"rendered":"<p>Prakti\u010dna mala torba za rame od G-1000 HeavyDuty S materijala, inspirirana d\u017eepovima sa Fj\u00e4llr\u00e4ven Greenland odje\u0107e. Ve\u0107a verzija popularne Pocket torbe, sada s prostorom za d\u017eepni uvez ili mali tablet. Prakti\u010dna za putovanja kada \u017eelite nositi samo najva\u017enije stvari.<\/p>\n","protected":false},"excerpt":{"rendered":"<p>Svestrana mala torba za rame od izdr\u017eljivog G-1000 materijala za putovanja i svakodnevnu upotrebu. Proizvedeno bez PFAS-a.<\/p>\n","protected":false},"featured_media":1021573,"template":"","meta":[],"product_brand":[465],"product_cat":[151],"product_tag":[597,479,498,492,579,485],"class_list":{"0":"post-1019882","1":"product","2":"type-product","3":"status-publish","4":"has-post-thumbnail","6":"product_brand-greenland","7":"product_cat-ruksaci-i-torbe","8":"product_tag-dnevi-ruksaci","9":"product_tag-everyday-outdoor","10":"product_tag-greenland","11":"product_tag-novcanik-i-male-torbice","12":"product_tag-torbice","13":"product_tag-unisex","15":"first","16":"outofstock","17":"shipping-taxable","18":"purchasable","19":"product-type-variable"},"_links":{"self":[{"href":"https:\/\/fjallraven.dev.mortar.tovarnaidej.com\/en\/wp-json\/wp\/v2\/product\/1019882","targetHints":{"allow":["GET"]}}],"collection":[{"href":"https:\/\/fjallraven.dev.mortar.tovarnaidej.com\/en\/wp-json\/wp\/v2\/product"}],"about":[{"href":"https:\/\/fjallraven.dev.mortar.tovarnaidej.com\/en\/wp-json\/wp\/v2\/types\/product"}],"version-history":[{"count":1,"href":"https:\/\/fjallraven.dev.mortar.tovarnaidej.com\/en\/wp-json\/wp\/v2\/product\/1019882\/revisions"}],"predecessor-version":[{"id":1019907,"href":"https:\/\/fjallraven.dev.mortar.tovarnaidej.com\/en\/wp-json\/wp\/v2\/product\/1019882\/revisions\/1019907"}],"wp:featuredmedia":[{"embeddable":true,"href":"https:\/\/fjallraven.dev.mortar.tovarnaidej.com\/en\/wp-json\/wp\/v2\/media\/1021573"}],"wp:attachment":[{"href":"https:\/\/fjallraven.dev.mortar.tovarnaidej.com\/en\/wp-json\/wp\/v2\/media?parent=1019882"}],"wp:term":[{"taxonomy":"product_brand","embeddable":true,"href":"https:\/\/fjallraven.dev.mortar.tovarnaidej.com\/en\/wp-json\/wp\/v2\/product_brand?post=1019882"},{"taxonomy":"product_cat","embeddable":true,"href":"https:\/\/fjallraven.dev.mortar.tovarnaidej.com\/en\/wp-json\/wp\/v2\/product_cat?post=1019882"},{"taxonomy":"product_tag","embeddable":true,"href":"https:\/\/fjallraven.dev.mortar.tovarnaidej.com\/en\/wp-json\/wp\/v2\/product_tag?post=1019882"}],"curies":[{"name":"wp","href":"https:\/\/api.w.org\/{rel}","templated":true}]}}