{"id":1019915,"date":"2025-11-21T09:25:58","date_gmt":"2025-11-21T09:25:58","guid":{"rendered":"https:\/\/fjallraven.dev.mortar.tovarnaidej.com\/?post_type=product&#038;p=1019915"},"modified":"2025-11-25T06:53:45","modified_gmt":"2025-11-25T06:53:45","slug":"samlaren-pack-bags","status":"publish","type":"product","link":"https:\/\/fjallraven.dev.mortar.tovarnaidej.com\/en\/product\/samlaren-pack-bags\/","title":{"rendered":"Samlaren Pack Bags"},"content":{"rendered":"<p>Set od \u010detiri lagane torbe za organizaciju opreme unutar ruksaka, sada u novom okruglom dizajnu. Veli\u010dine su 0,5 l, 4 l, 5,5 l i 8 l, a razli\u010dite boje omogu\u0107uju brzo i jednostavno razlikovanje. Zatvaranje uzicama s bravom za u\u017ead i om\u010dom za tkanje na vrhu. Kontrastna boja na dnu. Najmanja torba je napola mre\u017easta i slu\u017ei kao torba za set kada se ne koristi. Dio Samlaren serije proizvoda izra\u0111enih od ostataka tkanine.<\/p>\n","protected":false},"excerpt":{"rendered":"<p>Set od \u010detiri lagane torbe za put u razli\u010ditim bojama koje \u0107e vam pomo\u0107i u organizaciji opreme. Proizvedeno bez PFAS-a.<\/p>\n","protected":false},"featured_media":0,"template":"","meta":[],"product_brand":[464],"product_cat":[156],"product_tag":[554,584,496,587,479,495,485],"class_list":{"0":"post-1019915","1":"product","2":"type-product","3":"status-publish","5":"product_brand-samlaren","6":"product_cat-dodaci","7":"product_tag-dodaci","8":"product_tag-dodaci-oprema","9":"product_tag-dodaci-za-ruksake-i-torbe","10":"product_tag-dodaci-satori","11":"product_tag-everyday-outdoor","12":"product_tag-samlaren","13":"product_tag-unisex","15":"first","16":"outofstock","17":"shipping-taxable","18":"product-type-variable"},"_links":{"self":[{"href":"https:\/\/fjallraven.dev.mortar.tovarnaidej.com\/en\/wp-json\/wp\/v2\/product\/1019915","targetHints":{"allow":["GET"]}}],"collection":[{"href":"https:\/\/fjallraven.dev.mortar.tovarnaidej.com\/en\/wp-json\/wp\/v2\/product"}],"about":[{"href":"https:\/\/fjallraven.dev.mortar.tovarnaidej.com\/en\/wp-json\/wp\/v2\/types\/product"}],"version-history":[{"count":1,"href":"https:\/\/fjallraven.dev.mortar.tovarnaidej.com\/en\/wp-json\/wp\/v2\/product\/1019915\/revisions"}],"predecessor-version":[{"id":1019932,"href":"https:\/\/fjallraven.dev.mortar.tovarnaidej.com\/en\/wp-json\/wp\/v2\/product\/1019915\/revisions\/1019932"}],"wp:attachment":[{"href":"https:\/\/fjallraven.dev.mortar.tovarnaidej.com\/en\/wp-json\/wp\/v2\/media?parent=1019915"}],"wp:term":[{"taxonomy":"product_brand","embeddable":true,"href":"https:\/\/fjallraven.dev.mortar.tovarnaidej.com\/en\/wp-json\/wp\/v2\/product_brand?post=1019915"},{"taxonomy":"product_cat","embeddable":true,"href":"https:\/\/fjallraven.dev.mortar.tovarnaidej.com\/en\/wp-json\/wp\/v2\/product_cat?post=1019915"},{"taxonomy":"product_tag","embeddable":true,"href":"https:\/\/fjallraven.dev.mortar.tovarnaidej.com\/en\/wp-json\/wp\/v2\/product_tag?post=1019915"}],"curies":[{"name":"wp","href":"https:\/\/api.w.org\/{rel}","templated":true}]}}