{"id":1019916,"date":"2025-11-21T09:25:58","date_gmt":"2025-11-21T09:25:58","guid":{"rendered":"https:\/\/fjallraven.dev.mortar.tovarnaidej.com\/?post_type=product&#038;p=1019916"},"modified":"2025-11-27T12:11:04","modified_gmt":"2025-11-27T12:11:04","slug":"kanken-outlong","status":"publish","type":"product","link":"https:\/\/fjallraven.dev.mortar.tovarnaidej.com\/en\/product\/kanken-outlong\/","title":{"rendered":"K\u00e5nken Outlong"},"content":{"rendered":"<p>Predstavljamo novog \u010dlana K\u00e5nken obitelji \u2013 ne\u0161to prostraniju verziju svima omiljenog ruksaka. Uz klasi\u010dnu Vinylon tkaninu, prednji d\u017eep i K\u00e5nken estetiku, K\u00e5nken Outlong ima pretinac s patentnim zatvara\u010dem u podno\u017eju, velike bo\u010dne d\u017eepove i to\u010dke za pri\u010dvr\u0161\u0107ivanje trakama koje se mogu koristiti za svjetla za bicikl ili druge predmete. D\u017eep na rukavu u glavnom pretincu ima podstavljenu podlogu za prijenosno ra\u010dunalo i jastu\u010di\u0107 za sjedalo. Savr\u0161en za putovanje na posao, planinarenje i druge aktivnosti na otvorenom.<\/p>\n","protected":false},"excerpt":{"rendered":"<p>Ne\u0161to ve\u0107a verzija klasi\u010dnog K\u00e5nkena s odvojenim pretincem za bazu i pretincem za prijenosno ra\u010dunalo. Proizvedeno bez PFAS-a.<\/p>\n","protected":false},"featured_media":1021625,"template":"","meta":[],"product_brand":[132],"product_cat":[151],"product_tag":[578,479,500,520,501,485],"class_list":{"0":"post-1019916","1":"product","2":"type-product","3":"status-publish","4":"has-post-thumbnail","6":"product_brand-kanken","7":"product_cat-ruksaci-i-torbe","8":"product_tag-dnevni-ruksaci","9":"product_tag-everyday-outdoor","10":"product_tag-kanken","11":"product_tag-kanken-classic","12":"product_tag-svakodnevni-ruksaci","13":"product_tag-unisex","15":"first","16":"outofstock","17":"shipping-taxable","18":"purchasable","19":"product-type-variable"},"_links":{"self":[{"href":"https:\/\/fjallraven.dev.mortar.tovarnaidej.com\/en\/wp-json\/wp\/v2\/product\/1019916","targetHints":{"allow":["GET"]}}],"collection":[{"href":"https:\/\/fjallraven.dev.mortar.tovarnaidej.com\/en\/wp-json\/wp\/v2\/product"}],"about":[{"href":"https:\/\/fjallraven.dev.mortar.tovarnaidej.com\/en\/wp-json\/wp\/v2\/types\/product"}],"version-history":[{"count":1,"href":"https:\/\/fjallraven.dev.mortar.tovarnaidej.com\/en\/wp-json\/wp\/v2\/product\/1019916\/revisions"}],"predecessor-version":[{"id":1019933,"href":"https:\/\/fjallraven.dev.mortar.tovarnaidej.com\/en\/wp-json\/wp\/v2\/product\/1019916\/revisions\/1019933"}],"wp:featuredmedia":[{"embeddable":true,"href":"https:\/\/fjallraven.dev.mortar.tovarnaidej.com\/en\/wp-json\/wp\/v2\/media\/1021625"}],"wp:attachment":[{"href":"https:\/\/fjallraven.dev.mortar.tovarnaidej.com\/en\/wp-json\/wp\/v2\/media?parent=1019916"}],"wp:term":[{"taxonomy":"product_brand","embeddable":true,"href":"https:\/\/fjallraven.dev.mortar.tovarnaidej.com\/en\/wp-json\/wp\/v2\/product_brand?post=1019916"},{"taxonomy":"product_cat","embeddable":true,"href":"https:\/\/fjallraven.dev.mortar.tovarnaidej.com\/en\/wp-json\/wp\/v2\/product_cat?post=1019916"},{"taxonomy":"product_tag","embeddable":true,"href":"https:\/\/fjallraven.dev.mortar.tovarnaidej.com\/en\/wp-json\/wp\/v2\/product_tag?post=1019916"}],"curies":[{"name":"wp","href":"https:\/\/api.w.org\/{rel}","templated":true}]}}