{"id":1019917,"date":"2025-11-21T09:25:58","date_gmt":"2025-11-21T09:25:58","guid":{"rendered":"https:\/\/fjallraven.dev.mortar.tovarnaidej.com\/?post_type=product&#038;p=1019917"},"modified":"2025-11-27T12:11:04","modified_gmt":"2025-11-27T12:11:04","slug":"high-coast-duffel-36","status":"publish","type":"product","link":"https:\/\/fjallraven.dev.mortar.tovarnaidej.com\/en\/product\/high-coast-duffel-36\/","title":{"rendered":"High Coast Duffel 36"},"content":{"rendered":"<p>High Coast Duffel 36 savr\u0161en je suputnik za du\u017ee vikende. Izra\u0111ena od laganog recikliranog poliamida, ova putna torba ima dvije mogu\u0107nosti no\u0161enja: trake od tkanine koje se mogu koristiti za no\u0161enje u ruci ili podstavljene naramenice koje se mogu spremiti s prozra\u010dnom mre\u017eicom koje se mogu koristiti za no\u0161enje kao ruksak. Baza i stra\u017enja plo\u010da su podstavljene kako bi za\u0161titile Va\u0161u opremu i u\u010dinile no\u0161enje udobnijim. Potpuno otvaranje u obliku \u0161koljke za odli\u010dan pregled sadr\u017eaja, a glavni patentni zatvara\u010d se mo\u017ee zaklju\u010dati.<\/p>\n","protected":false},"excerpt":{"rendered":"<p>Lagana i svestrana torba s vi\u0161e mogu\u0107nosti no\u0161enja za du\u017ee vikende. Proizvedeno bez PFAS-a.<\/p>\n","protected":false},"featured_media":1021632,"template":"","meta":[],"product_brand":[466],"product_cat":[151],"product_tag":[479,499,502,596,579,485],"class_list":{"0":"post-1019917","1":"product","2":"type-product","3":"status-publish","4":"has-post-thumbnail","6":"product_brand-high-coast","7":"product_cat-ruksaci-i-torbe","8":"product_tag-everyday-outdoor","9":"product_tag-high-coast","10":"product_tag-prtljaga-i-velike-torbe","11":"product_tag-torbe-2","12":"product_tag-torbice","13":"product_tag-unisex","15":"first","16":"outofstock","17":"shipping-taxable","18":"purchasable","19":"product-type-variable"},"_links":{"self":[{"href":"https:\/\/fjallraven.dev.mortar.tovarnaidej.com\/en\/wp-json\/wp\/v2\/product\/1019917","targetHints":{"allow":["GET"]}}],"collection":[{"href":"https:\/\/fjallraven.dev.mortar.tovarnaidej.com\/en\/wp-json\/wp\/v2\/product"}],"about":[{"href":"https:\/\/fjallraven.dev.mortar.tovarnaidej.com\/en\/wp-json\/wp\/v2\/types\/product"}],"version-history":[{"count":1,"href":"https:\/\/fjallraven.dev.mortar.tovarnaidej.com\/en\/wp-json\/wp\/v2\/product\/1019917\/revisions"}],"predecessor-version":[{"id":1019937,"href":"https:\/\/fjallraven.dev.mortar.tovarnaidej.com\/en\/wp-json\/wp\/v2\/product\/1019917\/revisions\/1019937"}],"wp:featuredmedia":[{"embeddable":true,"href":"https:\/\/fjallraven.dev.mortar.tovarnaidej.com\/en\/wp-json\/wp\/v2\/media\/1021632"}],"wp:attachment":[{"href":"https:\/\/fjallraven.dev.mortar.tovarnaidej.com\/en\/wp-json\/wp\/v2\/media?parent=1019917"}],"wp:term":[{"taxonomy":"product_brand","embeddable":true,"href":"https:\/\/fjallraven.dev.mortar.tovarnaidej.com\/en\/wp-json\/wp\/v2\/product_brand?post=1019917"},{"taxonomy":"product_cat","embeddable":true,"href":"https:\/\/fjallraven.dev.mortar.tovarnaidej.com\/en\/wp-json\/wp\/v2\/product_cat?post=1019917"},{"taxonomy":"product_tag","embeddable":true,"href":"https:\/\/fjallraven.dev.mortar.tovarnaidej.com\/en\/wp-json\/wp\/v2\/product_tag?post=1019917"}],"curies":[{"name":"wp","href":"https:\/\/api.w.org\/{rel}","templated":true}]}}