{"id":1019918,"date":"2025-11-21T09:25:58","date_gmt":"2025-11-21T09:25:58","guid":{"rendered":"https:\/\/fjallraven.dev.mortar.tovarnaidej.com\/?post_type=product&#038;p=1019918"},"modified":"2025-11-27T12:11:04","modified_gmt":"2025-11-27T12:11:04","slug":"high-coast-duffel-22","status":"publish","type":"product","link":"https:\/\/fjallraven.dev.mortar.tovarnaidej.com\/en\/product\/high-coast-duffel-22\/","title":{"rendered":"High Coast Duffel 22"},"content":{"rendered":"<p>High Coast Duffel 22 savr\u0161ena je torba za kratki vikend ili posjet teretani. Izra\u0111ena je od laganog i skladnog 210D recikliranog poliamida s podesivim naramenicama koje se mogu nositi u ruci ili preko ramena, a mogu se i premjestiti na kraj torbe za udobno no\u0161enje na le\u0111ima. Baza i stra\u017enja plo\u010da su podstavljene, kako bi za\u0161titile Va\u0161u opremu i u\u010dinile no\u0161enje udobnijim, a potpuno otvaranje u obliku \u0161koljke pru\u017ea odli\u010dan pregled sadr\u017eaja.<\/p>\n","protected":false},"excerpt":{"rendered":"<p>Lagana i svestrana torba za vikend ili teretanu s vi\u0161e mogu\u0107nosti no\u0161enja. Proizvedeno bez PFAS-a.<\/p>\n","protected":false},"featured_media":1021664,"template":"","meta":[],"product_brand":[466],"product_cat":[151],"product_tag":[479,499,502,596,579,485],"class_list":{"0":"post-1019918","1":"product","2":"type-product","3":"status-publish","4":"has-post-thumbnail","6":"product_brand-high-coast","7":"product_cat-ruksaci-i-torbe","8":"product_tag-everyday-outdoor","9":"product_tag-high-coast","10":"product_tag-prtljaga-i-velike-torbe","11":"product_tag-torbe-2","12":"product_tag-torbice","13":"product_tag-unisex","15":"first","16":"outofstock","17":"shipping-taxable","18":"purchasable","19":"product-type-variable"},"_links":{"self":[{"href":"https:\/\/fjallraven.dev.mortar.tovarnaidej.com\/en\/wp-json\/wp\/v2\/product\/1019918","targetHints":{"allow":["GET"]}}],"collection":[{"href":"https:\/\/fjallraven.dev.mortar.tovarnaidej.com\/en\/wp-json\/wp\/v2\/product"}],"about":[{"href":"https:\/\/fjallraven.dev.mortar.tovarnaidej.com\/en\/wp-json\/wp\/v2\/types\/product"}],"version-history":[{"count":1,"href":"https:\/\/fjallraven.dev.mortar.tovarnaidej.com\/en\/wp-json\/wp\/v2\/product\/1019918\/revisions"}],"predecessor-version":[{"id":1019940,"href":"https:\/\/fjallraven.dev.mortar.tovarnaidej.com\/en\/wp-json\/wp\/v2\/product\/1019918\/revisions\/1019940"}],"wp:featuredmedia":[{"embeddable":true,"href":"https:\/\/fjallraven.dev.mortar.tovarnaidej.com\/en\/wp-json\/wp\/v2\/media\/1021664"}],"wp:attachment":[{"href":"https:\/\/fjallraven.dev.mortar.tovarnaidej.com\/en\/wp-json\/wp\/v2\/media?parent=1019918"}],"wp:term":[{"taxonomy":"product_brand","embeddable":true,"href":"https:\/\/fjallraven.dev.mortar.tovarnaidej.com\/en\/wp-json\/wp\/v2\/product_brand?post=1019918"},{"taxonomy":"product_cat","embeddable":true,"href":"https:\/\/fjallraven.dev.mortar.tovarnaidej.com\/en\/wp-json\/wp\/v2\/product_cat?post=1019918"},{"taxonomy":"product_tag","embeddable":true,"href":"https:\/\/fjallraven.dev.mortar.tovarnaidej.com\/en\/wp-json\/wp\/v2\/product_tag?post=1019918"}],"curies":[{"name":"wp","href":"https:\/\/api.w.org\/{rel}","templated":true}]}}