{"id":1019919,"date":"2025-11-21T09:25:58","date_gmt":"2025-11-21T09:25:58","guid":{"rendered":"https:\/\/fjallraven.dev.mortar.tovarnaidej.com\/?post_type=product&#038;p=1019919"},"modified":"2025-11-27T12:11:04","modified_gmt":"2025-11-27T12:11:04","slug":"vardag-backpack-17","status":"publish","type":"product","link":"https:\/\/fjallraven.dev.mortar.tovarnaidej.com\/en\/product\/vardag-backpack-17\/","title":{"rendered":"Vardag Backpack 17"},"content":{"rendered":"<p>Novi Vardag ruksak za svakodnevnu upotrebu s dizajnom inspiriranim klasi\u010dnom retro Fj\u00e4llr\u00e4ven domi\u0161ljato\u0161\u0107u koju smo vidjeli u na\u0161im katalozima iz pro\u0161losti, u kombinaciji s robusnim modernim recikliranim tkaninama. Ima namjenski podstavljeni pretinac za prijenosno ra\u010dunalo na stra\u017enjoj strani i glavni pretinac od 17 litara. Unutarnji mre\u017easti d\u017eepovi, bo\u010dni d\u017eepovi i prednji d\u017eep s patentnim zatvara\u010dem pomo\u0107i \u0107e u organizaciji opreme, a ako je prostor problem, traka za pri\u010dvr\u0161\u0107ivanje na prednjoj strani mo\u017ee se koristiti za pri\u010dvr\u0161\u0107ivanje vi\u0161ka opreme. Izvrstan primjer kombiniranja najboljeg iz na\u0161e pro\u0161losti i sada\u0161njosti.<\/p>\n","protected":false},"excerpt":{"rendered":"<p>Svakodnevni ruksak izra\u0111en od recikliranih materijala u retro stilu. Proizvedeno bez PFAS-a.<\/p>\n","protected":false},"featured_media":1021667,"template":"","meta":[],"product_brand":[467],"product_cat":[151],"product_tag":[578,479,501,485,503],"class_list":{"0":"post-1019919","1":"product","2":"type-product","3":"status-publish","4":"has-post-thumbnail","6":"product_brand-vardag","7":"product_cat-ruksaci-i-torbe","8":"product_tag-dnevni-ruksaci","9":"product_tag-everyday-outdoor","10":"product_tag-svakodnevni-ruksaci","11":"product_tag-unisex","12":"product_tag-vardag","14":"first","15":"outofstock","16":"shipping-taxable","17":"purchasable","18":"product-type-variable"},"_links":{"self":[{"href":"https:\/\/fjallraven.dev.mortar.tovarnaidej.com\/en\/wp-json\/wp\/v2\/product\/1019919","targetHints":{"allow":["GET"]}}],"collection":[{"href":"https:\/\/fjallraven.dev.mortar.tovarnaidej.com\/en\/wp-json\/wp\/v2\/product"}],"about":[{"href":"https:\/\/fjallraven.dev.mortar.tovarnaidej.com\/en\/wp-json\/wp\/v2\/types\/product"}],"version-history":[{"count":1,"href":"https:\/\/fjallraven.dev.mortar.tovarnaidej.com\/en\/wp-json\/wp\/v2\/product\/1019919\/revisions"}],"predecessor-version":[{"id":1019942,"href":"https:\/\/fjallraven.dev.mortar.tovarnaidej.com\/en\/wp-json\/wp\/v2\/product\/1019919\/revisions\/1019942"}],"wp:featuredmedia":[{"embeddable":true,"href":"https:\/\/fjallraven.dev.mortar.tovarnaidej.com\/en\/wp-json\/wp\/v2\/media\/1021667"}],"wp:attachment":[{"href":"https:\/\/fjallraven.dev.mortar.tovarnaidej.com\/en\/wp-json\/wp\/v2\/media?parent=1019919"}],"wp:term":[{"taxonomy":"product_brand","embeddable":true,"href":"https:\/\/fjallraven.dev.mortar.tovarnaidej.com\/en\/wp-json\/wp\/v2\/product_brand?post=1019919"},{"taxonomy":"product_cat","embeddable":true,"href":"https:\/\/fjallraven.dev.mortar.tovarnaidej.com\/en\/wp-json\/wp\/v2\/product_cat?post=1019919"},{"taxonomy":"product_tag","embeddable":true,"href":"https:\/\/fjallraven.dev.mortar.tovarnaidej.com\/en\/wp-json\/wp\/v2\/product_tag?post=1019919"}],"curies":[{"name":"wp","href":"https:\/\/api.w.org\/{rel}","templated":true}]}}