{"id":1019921,"date":"2025-11-21T09:25:58","date_gmt":"2025-11-21T09:25:58","guid":{"rendered":"https:\/\/fjallraven.dev.mortar.tovarnaidej.com\/?post_type=product&#038;p=1019921"},"modified":"2025-11-27T12:11:04","modified_gmt":"2025-11-27T12:11:04","slug":"farden-carry-on-pack","status":"publish","type":"product","link":"https:\/\/fjallraven.dev.mortar.tovarnaidej.com\/en\/product\/farden-carry-on-pack\/","title":{"rendered":"F\u00e4rden Carry-On Pack"},"content":{"rendered":"<p>Savr\u0161ene veli\u010dine za prakti\u010dnost ru\u010dne prtljage, ova putna torba od 42 litre ima brojne zna\u010dajke koje \u0107e Va\u0161e putovanje u\u010diniti jednostavnim i bezbri\u017enim. Njezini remeni za ruksak i \u010detiri ru\u010dke pru\u017eaju vi\u0161e mogu\u0107nosti no\u0161enja, a dobro osmi\u0161ljen prostor za pohranu odr\u017eat \u0107e Va\u0161u opremu organiziranom i za\u0161ti\u0107enom od udaraca i padalina tijekom putovanja. Kompresijske trake i podiza\u010di tereta dr\u017ee te\u017einu prema Va\u0161im le\u0111ima radi udobnosti.<\/p>\n","protected":false},"excerpt":{"rendered":"<p>Ru\u010dni putni ruksak od 42 litre s brojnim korisnim zna\u010dajkama za putovanje bez muke. Proizvedeno bez PFAS-a.<\/p>\n","protected":false},"featured_media":1021710,"template":"","meta":[],"product_brand":[463],"product_cat":[151],"product_tag":[578,501,596,493,485],"class_list":{"0":"post-1019921","1":"product","2":"type-product","3":"status-publish","4":"has-post-thumbnail","6":"product_brand-travel","7":"product_cat-ruksaci-i-torbe","8":"product_tag-dnevni-ruksaci","9":"product_tag-svakodnevni-ruksaci","10":"product_tag-torbe-2","11":"product_tag-travel","12":"product_tag-unisex","14":"first","15":"outofstock","16":"shipping-taxable","17":"purchasable","18":"product-type-variable"},"_links":{"self":[{"href":"https:\/\/fjallraven.dev.mortar.tovarnaidej.com\/en\/wp-json\/wp\/v2\/product\/1019921","targetHints":{"allow":["GET"]}}],"collection":[{"href":"https:\/\/fjallraven.dev.mortar.tovarnaidej.com\/en\/wp-json\/wp\/v2\/product"}],"about":[{"href":"https:\/\/fjallraven.dev.mortar.tovarnaidej.com\/en\/wp-json\/wp\/v2\/types\/product"}],"version-history":[{"count":1,"href":"https:\/\/fjallraven.dev.mortar.tovarnaidej.com\/en\/wp-json\/wp\/v2\/product\/1019921\/revisions"}],"predecessor-version":[{"id":1019948,"href":"https:\/\/fjallraven.dev.mortar.tovarnaidej.com\/en\/wp-json\/wp\/v2\/product\/1019921\/revisions\/1019948"}],"wp:featuredmedia":[{"embeddable":true,"href":"https:\/\/fjallraven.dev.mortar.tovarnaidej.com\/en\/wp-json\/wp\/v2\/media\/1021710"}],"wp:attachment":[{"href":"https:\/\/fjallraven.dev.mortar.tovarnaidej.com\/en\/wp-json\/wp\/v2\/media?parent=1019921"}],"wp:term":[{"taxonomy":"product_brand","embeddable":true,"href":"https:\/\/fjallraven.dev.mortar.tovarnaidej.com\/en\/wp-json\/wp\/v2\/product_brand?post=1019921"},{"taxonomy":"product_cat","embeddable":true,"href":"https:\/\/fjallraven.dev.mortar.tovarnaidej.com\/en\/wp-json\/wp\/v2\/product_cat?post=1019921"},{"taxonomy":"product_tag","embeddable":true,"href":"https:\/\/fjallraven.dev.mortar.tovarnaidej.com\/en\/wp-json\/wp\/v2\/product_tag?post=1019921"}],"curies":[{"name":"wp","href":"https:\/\/api.w.org\/{rel}","templated":true}]}}