{"id":1019953,"date":"2025-11-21T09:26:08","date_gmt":"2025-11-21T09:26:08","guid":{"rendered":"https:\/\/fjallraven.dev.mortar.tovarnaidej.com\/?post_type=product&#038;p=1019953"},"modified":"2025-11-27T12:11:04","modified_gmt":"2025-11-27T12:11:04","slug":"vardag-foldsack-25","status":"publish","type":"product","link":"https:\/\/fjallraven.dev.mortar.tovarnaidej.com\/en\/product\/vardag-foldsack-25\/","title":{"rendered":"Vardag Foldsack 25"},"content":{"rendered":"<p>Inspiriran bezvremenskim dizajnom na\u0161ih klasi\u010dnih kataloga i izra\u0111en od modernih, odr\u017eivih materijala, Vardag Foldsack 25 je prostrani ruksak napravljen za bezbrojne avanture. S oja\u010danim naramenicama i puno prostora za opremu, izra\u0111en je za udobnost i prakti\u010dnost. Prepun zna\u010dajki kao \u0161to su brojni d\u017eepovi, uklju\u010duju\u0107i d\u017eep za prijenosno ra\u010dunalo i vi\u0161estruke petlje za pri\u010dvr\u0161\u0107ivanje, ovaj svestrani ruksak dizajniran je da vas prati u svim va\u0161im dnevnim avanturama.<\/p>\n","protected":false},"excerpt":{"rendered":"<p>Prostrani svakodnevni ruksak od 25 litara sa preklopljenim zatvara\u010dem, izra\u0111en za udobnost i prakti\u010dnost. Proizvedeno bez PFAS-a.<\/p>\n","protected":false},"featured_media":1021751,"template":"","meta":[],"product_brand":[467],"product_cat":[151],"product_tag":[578,479,501,485,503],"class_list":{"0":"post-1019953","1":"product","2":"type-product","3":"status-publish","4":"has-post-thumbnail","6":"product_brand-vardag","7":"product_cat-ruksaci-i-torbe","8":"product_tag-dnevni-ruksaci","9":"product_tag-everyday-outdoor","10":"product_tag-svakodnevni-ruksaci","11":"product_tag-unisex","12":"product_tag-vardag","14":"first","15":"outofstock","16":"shipping-taxable","17":"purchasable","18":"product-type-variable"},"_links":{"self":[{"href":"https:\/\/fjallraven.dev.mortar.tovarnaidej.com\/en\/wp-json\/wp\/v2\/product\/1019953","targetHints":{"allow":["GET"]}}],"collection":[{"href":"https:\/\/fjallraven.dev.mortar.tovarnaidej.com\/en\/wp-json\/wp\/v2\/product"}],"about":[{"href":"https:\/\/fjallraven.dev.mortar.tovarnaidej.com\/en\/wp-json\/wp\/v2\/types\/product"}],"version-history":[{"count":1,"href":"https:\/\/fjallraven.dev.mortar.tovarnaidej.com\/en\/wp-json\/wp\/v2\/product\/1019953\/revisions"}],"predecessor-version":[{"id":1019960,"href":"https:\/\/fjallraven.dev.mortar.tovarnaidej.com\/en\/wp-json\/wp\/v2\/product\/1019953\/revisions\/1019960"}],"wp:featuredmedia":[{"embeddable":true,"href":"https:\/\/fjallraven.dev.mortar.tovarnaidej.com\/en\/wp-json\/wp\/v2\/media\/1021751"}],"wp:attachment":[{"href":"https:\/\/fjallraven.dev.mortar.tovarnaidej.com\/en\/wp-json\/wp\/v2\/media?parent=1019953"}],"wp:term":[{"taxonomy":"product_brand","embeddable":true,"href":"https:\/\/fjallraven.dev.mortar.tovarnaidej.com\/en\/wp-json\/wp\/v2\/product_brand?post=1019953"},{"taxonomy":"product_cat","embeddable":true,"href":"https:\/\/fjallraven.dev.mortar.tovarnaidej.com\/en\/wp-json\/wp\/v2\/product_cat?post=1019953"},{"taxonomy":"product_tag","embeddable":true,"href":"https:\/\/fjallraven.dev.mortar.tovarnaidej.com\/en\/wp-json\/wp\/v2\/product_tag?post=1019953"}],"curies":[{"name":"wp","href":"https:\/\/api.w.org\/{rel}","templated":true}]}}