{"id":1019987,"date":"2025-11-21T09:26:17","date_gmt":"2025-11-21T09:26:17","guid":{"rendered":"https:\/\/fjallraven.dev.mortar.tovarnaidej.com\/?post_type=product&#038;p=1019987"},"modified":"2025-11-27T12:11:03","modified_gmt":"2025-11-27T12:11:03","slug":"high-coast-rolltop-26","status":"publish","type":"product","link":"https:\/\/fjallraven.dev.mortar.tovarnaidej.com\/en\/product\/high-coast-rolltop-26\/","title":{"rendered":"High Coast Rolltop 26"},"content":{"rendered":"<p>Lagan i vodootporan s lijepljenim \u0161avovima \u2013 High Coast Rolltop 26 savr\u0161en je za \u0161etnju pla\u017eom i ljetne aktivnosti na vodi ili u blizini. Zatvaranje na roll-top \u0161titi Va\u0161e stvari, a stvari koje \u017eelite imati pri ruci mogu se staviti u bo\u010dne d\u017eepove ili manji d\u017eep s patentnim zatvara\u010dem (imajte na umu da je samo glavni pretinac vodootporan). Glavna tkanina i podstava od 100% recikliranog poliamida \u010dine ga dobrim izborom i za Majku Zemlju.<\/p>\n","protected":false},"excerpt":{"rendered":"<p>Lagan, vodootporan ruksak s roll-top zatvara\u010dem i lijepljenim \u0161avovima. Proizvedeno bez PFAS-a.<\/p>\n","protected":false},"featured_media":1021903,"template":"","meta":[],"product_brand":[466],"product_cat":[151],"product_tag":[578,479,499,501,485],"class_list":{"0":"post-1019987","1":"product","2":"type-product","3":"status-publish","4":"has-post-thumbnail","6":"product_brand-high-coast","7":"product_cat-ruksaci-i-torbe","8":"product_tag-dnevni-ruksaci","9":"product_tag-everyday-outdoor","10":"product_tag-high-coast","11":"product_tag-svakodnevni-ruksaci","12":"product_tag-unisex","14":"first","15":"outofstock","16":"shipping-taxable","17":"purchasable","18":"product-type-variable"},"_links":{"self":[{"href":"https:\/\/fjallraven.dev.mortar.tovarnaidej.com\/en\/wp-json\/wp\/v2\/product\/1019987","targetHints":{"allow":["GET"]}}],"collection":[{"href":"https:\/\/fjallraven.dev.mortar.tovarnaidej.com\/en\/wp-json\/wp\/v2\/product"}],"about":[{"href":"https:\/\/fjallraven.dev.mortar.tovarnaidej.com\/en\/wp-json\/wp\/v2\/types\/product"}],"version-history":[{"count":1,"href":"https:\/\/fjallraven.dev.mortar.tovarnaidej.com\/en\/wp-json\/wp\/v2\/product\/1019987\/revisions"}],"predecessor-version":[{"id":1019991,"href":"https:\/\/fjallraven.dev.mortar.tovarnaidej.com\/en\/wp-json\/wp\/v2\/product\/1019987\/revisions\/1019991"}],"wp:featuredmedia":[{"embeddable":true,"href":"https:\/\/fjallraven.dev.mortar.tovarnaidej.com\/en\/wp-json\/wp\/v2\/media\/1021903"}],"wp:attachment":[{"href":"https:\/\/fjallraven.dev.mortar.tovarnaidej.com\/en\/wp-json\/wp\/v2\/media?parent=1019987"}],"wp:term":[{"taxonomy":"product_brand","embeddable":true,"href":"https:\/\/fjallraven.dev.mortar.tovarnaidej.com\/en\/wp-json\/wp\/v2\/product_brand?post=1019987"},{"taxonomy":"product_cat","embeddable":true,"href":"https:\/\/fjallraven.dev.mortar.tovarnaidej.com\/en\/wp-json\/wp\/v2\/product_cat?post=1019987"},{"taxonomy":"product_tag","embeddable":true,"href":"https:\/\/fjallraven.dev.mortar.tovarnaidej.com\/en\/wp-json\/wp\/v2\/product_tag?post=1019987"}],"curies":[{"name":"wp","href":"https:\/\/api.w.org\/{rel}","templated":true}]}}