{"id":1019989,"date":"2025-11-21T09:26:17","date_gmt":"2025-11-21T09:26:17","guid":{"rendered":"https:\/\/fjallraven.dev.mortar.tovarnaidej.com\/?post_type=product&#038;p=1019989"},"modified":"2025-11-27T12:11:03","modified_gmt":"2025-11-27T12:11:03","slug":"high-coast-pocket","status":"publish","type":"product","link":"https:\/\/fjallraven.dev.mortar.tovarnaidej.com\/en\/product\/high-coast-pocket\/","title":{"rendered":"High Coast Pocket"},"content":{"rendered":"<p>Prakti\u010dna, mala torba od recikliranog poliamida, savr\u0161ena kada \u017eelite ponijeti svoje najpotrebnije stvari sa sobom na putovanja i u svakodnevni \u017eivot. Glavni pretinac je dovoljno velik za pametni telefon i putovnicu. Unutarnji mre\u017easti d\u017eep i vanjski d\u017eep s patentnim zatvara\u010dem olak\u0161avaju organiziranje opreme. Nekoliko to\u010daka za pri\u010dvr\u0161\u0107ivanje i podesivi remeni omogu\u0107uju personaliziranu upotrebu: preko ramena, na prsima ili na remenu. Iako je vanjska tkanina vodootporna, patentni zatvara\u010di i \u0161avovi nisu, pa torba mo\u017ee podnijeti ki\u0161u i prskanje, ali nije potpuno vodootporna.<\/p>\n","protected":false},"excerpt":{"rendered":"<p>Mala torba od vodootpornog, recikliranog poliamida. Proizvedeno bez PFAS-a.<\/p>\n","protected":false},"featured_media":1021951,"template":"","meta":[],"product_brand":[466],"product_cat":[151],"product_tag":[479,499,492,579,599],"class_list":{"0":"post-1019989","1":"product","2":"type-product","3":"status-publish","4":"has-post-thumbnail","6":"product_brand-high-coast","7":"product_cat-ruksaci-i-torbe","8":"product_tag-everyday-outdoor","9":"product_tag-high-coast","10":"product_tag-novcanik-i-male-torbice","11":"product_tag-torbice","12":"product_tag-unisex-dnevni-ruksaci","14":"first","15":"outofstock","16":"shipping-taxable","17":"purchasable","18":"product-type-variable"},"_links":{"self":[{"href":"https:\/\/fjallraven.dev.mortar.tovarnaidej.com\/en\/wp-json\/wp\/v2\/product\/1019989","targetHints":{"allow":["GET"]}}],"collection":[{"href":"https:\/\/fjallraven.dev.mortar.tovarnaidej.com\/en\/wp-json\/wp\/v2\/product"}],"about":[{"href":"https:\/\/fjallraven.dev.mortar.tovarnaidej.com\/en\/wp-json\/wp\/v2\/types\/product"}],"version-history":[{"count":1,"href":"https:\/\/fjallraven.dev.mortar.tovarnaidej.com\/en\/wp-json\/wp\/v2\/product\/1019989\/revisions"}],"predecessor-version":[{"id":1020000,"href":"https:\/\/fjallraven.dev.mortar.tovarnaidej.com\/en\/wp-json\/wp\/v2\/product\/1019989\/revisions\/1020000"}],"wp:featuredmedia":[{"embeddable":true,"href":"https:\/\/fjallraven.dev.mortar.tovarnaidej.com\/en\/wp-json\/wp\/v2\/media\/1021951"}],"wp:attachment":[{"href":"https:\/\/fjallraven.dev.mortar.tovarnaidej.com\/en\/wp-json\/wp\/v2\/media?parent=1019989"}],"wp:term":[{"taxonomy":"product_brand","embeddable":true,"href":"https:\/\/fjallraven.dev.mortar.tovarnaidej.com\/en\/wp-json\/wp\/v2\/product_brand?post=1019989"},{"taxonomy":"product_cat","embeddable":true,"href":"https:\/\/fjallraven.dev.mortar.tovarnaidej.com\/en\/wp-json\/wp\/v2\/product_cat?post=1019989"},{"taxonomy":"product_tag","embeddable":true,"href":"https:\/\/fjallraven.dev.mortar.tovarnaidej.com\/en\/wp-json\/wp\/v2\/product_tag?post=1019989"}],"curies":[{"name":"wp","href":"https:\/\/api.w.org\/{rel}","templated":true}]}}