{"id":1019990,"date":"2025-11-21T09:26:18","date_gmt":"2025-11-21T09:26:18","guid":{"rendered":"https:\/\/fjallraven.dev.mortar.tovarnaidej.com\/?post_type=product&#038;p=1019990"},"modified":"2025-11-27T12:11:03","modified_gmt":"2025-11-27T12:11:03","slug":"high-coast-crossbody","status":"publish","type":"product","link":"https:\/\/fjallraven.dev.mortar.tovarnaidej.com\/en\/product\/high-coast-crossbody\/","title":{"rendered":"High Coast Crossbody"},"content":{"rendered":"<p>Lagana i ultra funkcionalna torba preko tijela, savr\u0161ena za putovanja ili brzi izlazak u grad. Podstavljeni, podesivi remen preko tijela mo\u017ee se ukloniti, \u0161to zna\u010di da se mo\u017ee koristiti i kao torba za opremu ili toaletni pribor. Ima prednji d\u017eep sa zatvara\u010dem i unutarnji d\u017eep s vje\u0161alicom za klju\u010deve. Tako\u0111er je opremljena s dva unutarnja mre\u017easta d\u017eepa za dodatnu organizaciju. Jednostavan i svestran na\u010din za no\u0161enje svih va\u0161ih potrep\u0161tina.<\/p>\n","protected":false},"excerpt":{"rendered":"<p>Lagana i ultra funkcionalna torba preko tijela, savr\u0161ena za putovanja ili brzi izlazak u grad. Proizvedeno bez PFAS-a.<\/p>\n","protected":false},"featured_media":1022034,"template":"","meta":[],"product_brand":[466],"product_cat":[151],"product_tag":[578,479,499,497,579,485],"class_list":{"0":"post-1019990","1":"product","2":"type-product","3":"status-publish","4":"has-post-thumbnail","6":"product_brand-high-coast","7":"product_cat-ruksaci-i-torbe","8":"product_tag-dnevni-ruksaci","9":"product_tag-everyday-outdoor","10":"product_tag-high-coast","11":"product_tag-torbe-preko-ramena","12":"product_tag-torbice","13":"product_tag-unisex","15":"first","16":"outofstock","17":"shipping-taxable","18":"purchasable","19":"product-type-variable"},"_links":{"self":[{"href":"https:\/\/fjallraven.dev.mortar.tovarnaidej.com\/en\/wp-json\/wp\/v2\/product\/1019990","targetHints":{"allow":["GET"]}}],"collection":[{"href":"https:\/\/fjallraven.dev.mortar.tovarnaidej.com\/en\/wp-json\/wp\/v2\/product"}],"about":[{"href":"https:\/\/fjallraven.dev.mortar.tovarnaidej.com\/en\/wp-json\/wp\/v2\/types\/product"}],"version-history":[{"count":1,"href":"https:\/\/fjallraven.dev.mortar.tovarnaidej.com\/en\/wp-json\/wp\/v2\/product\/1019990\/revisions"}],"predecessor-version":[{"id":1020012,"href":"https:\/\/fjallraven.dev.mortar.tovarnaidej.com\/en\/wp-json\/wp\/v2\/product\/1019990\/revisions\/1020012"}],"wp:featuredmedia":[{"embeddable":true,"href":"https:\/\/fjallraven.dev.mortar.tovarnaidej.com\/en\/wp-json\/wp\/v2\/media\/1022034"}],"wp:attachment":[{"href":"https:\/\/fjallraven.dev.mortar.tovarnaidej.com\/en\/wp-json\/wp\/v2\/media?parent=1019990"}],"wp:term":[{"taxonomy":"product_brand","embeddable":true,"href":"https:\/\/fjallraven.dev.mortar.tovarnaidej.com\/en\/wp-json\/wp\/v2\/product_brand?post=1019990"},{"taxonomy":"product_cat","embeddable":true,"href":"https:\/\/fjallraven.dev.mortar.tovarnaidej.com\/en\/wp-json\/wp\/v2\/product_cat?post=1019990"},{"taxonomy":"product_tag","embeddable":true,"href":"https:\/\/fjallraven.dev.mortar.tovarnaidej.com\/en\/wp-json\/wp\/v2\/product_tag?post=1019990"}],"curies":[{"name":"wp","href":"https:\/\/api.w.org\/{rel}","templated":true}]}}