{"id":1020026,"date":"2025-11-21T09:26:26","date_gmt":"2025-11-21T09:26:26","guid":{"rendered":"https:\/\/fjallraven.dev.mortar.tovarnaidej.com\/?post_type=product&#038;p=1020026"},"modified":"2025-11-27T12:11:02","modified_gmt":"2025-11-27T12:11:02","slug":"raven-20","status":"publish","type":"product","link":"https:\/\/fjallraven.dev.mortar.tovarnaidej.com\/en\/product\/raven-20\/","title":{"rendered":"R\u00e4ven 20"},"content":{"rendered":"<p>Jednostavan, izdr\u017eljiv ruksak od 20 litara s izvrsnim mogu\u0107nostima organizacije. Glavni pretinac s patentnim zatvara\u010dem ima podstavljeni rukav za prijenosna ra\u010dunala do 15 in\u010da i unutarnji sigurnosni d\u017eep s patentnim zatvara\u010dem. Ima prednji pretinac s patentnim zatvara\u010dem i mre\u017eastim d\u017eepovima-organizatorima unutra, gornji d\u017eep s flis podstavom, podstavljenu stra\u017enju plo\u010du od prozra\u010dne mre\u017easte tkanine i udobne naramenice. Tako\u0111er ima robusnu ko\u017enu ru\u010dku na vrhu. Izra\u0111en od izdr\u017eljivog G-1000 HeavyDuty materijala, savr\u0161en je ruksak za putovanje na posao i svakodnevni \u017eivot na otvorenom.<\/p>\n","protected":false},"excerpt":{"rendered":"<p>Jednostavan, izdr\u017eljiv ruksak od 20 litara u G-1000 HeavyDuty materijalu. Proizveden bez PFAS-a.<\/p>\n","protected":false},"featured_media":1022177,"template":"","meta":[],"product_brand":[460],"product_cat":[151],"product_tag":[578,479,480,501,485],"class_list":{"0":"post-1020026","1":"product","2":"type-product","3":"status-publish","4":"has-post-thumbnail","6":"product_brand-ovik","7":"product_cat-ruksaci-i-torbe","8":"product_tag-dnevni-ruksaci","9":"product_tag-everyday-outdoor","10":"product_tag-ovik","11":"product_tag-svakodnevni-ruksaci","12":"product_tag-unisex","14":"first","15":"outofstock","16":"shipping-taxable","17":"purchasable","18":"product-type-variable"},"_links":{"self":[{"href":"https:\/\/fjallraven.dev.mortar.tovarnaidej.com\/en\/wp-json\/wp\/v2\/product\/1020026","targetHints":{"allow":["GET"]}}],"collection":[{"href":"https:\/\/fjallraven.dev.mortar.tovarnaidej.com\/en\/wp-json\/wp\/v2\/product"}],"about":[{"href":"https:\/\/fjallraven.dev.mortar.tovarnaidej.com\/en\/wp-json\/wp\/v2\/types\/product"}],"version-history":[{"count":1,"href":"https:\/\/fjallraven.dev.mortar.tovarnaidej.com\/en\/wp-json\/wp\/v2\/product\/1020026\/revisions"}],"predecessor-version":[{"id":1020048,"href":"https:\/\/fjallraven.dev.mortar.tovarnaidej.com\/en\/wp-json\/wp\/v2\/product\/1020026\/revisions\/1020048"}],"wp:featuredmedia":[{"embeddable":true,"href":"https:\/\/fjallraven.dev.mortar.tovarnaidej.com\/en\/wp-json\/wp\/v2\/media\/1022177"}],"wp:attachment":[{"href":"https:\/\/fjallraven.dev.mortar.tovarnaidej.com\/en\/wp-json\/wp\/v2\/media?parent=1020026"}],"wp:term":[{"taxonomy":"product_brand","embeddable":true,"href":"https:\/\/fjallraven.dev.mortar.tovarnaidej.com\/en\/wp-json\/wp\/v2\/product_brand?post=1020026"},{"taxonomy":"product_cat","embeddable":true,"href":"https:\/\/fjallraven.dev.mortar.tovarnaidej.com\/en\/wp-json\/wp\/v2\/product_cat?post=1020026"},{"taxonomy":"product_tag","embeddable":true,"href":"https:\/\/fjallraven.dev.mortar.tovarnaidej.com\/en\/wp-json\/wp\/v2\/product_tag?post=1020026"}],"curies":[{"name":"wp","href":"https:\/\/api.w.org\/{rel}","templated":true}]}}