{"id":1020058,"date":"2025-11-21T09:26:34","date_gmt":"2025-11-21T09:26:34","guid":{"rendered":"https:\/\/fjallraven.dev.mortar.tovarnaidej.com\/?post_type=product&#038;p=1020058"},"modified":"2025-11-27T12:11:02","modified_gmt":"2025-11-27T12:11:02","slug":"skule-28","status":"publish","type":"product","link":"https:\/\/fjallraven.dev.mortar.tovarnaidej.com\/en\/product\/skule-28\/","title":{"rendered":"Skule 28"},"content":{"rendered":"<p>Ovaj ruksak od 28 litara savr\u0161en je za svakodnevne odlaske u \u0161kolu ili na posao, a jednako je prikladan i za dnevna planinarenja. Izra\u0111en od izdr\u017eljive, vodoodbojne Oxford tkanine od recikliranog poliestera. Ima lako dostupan gornji d\u017eep i glavni pretinac s patentnim zatvara\u010dem i podstavljenim d\u017eepom za prijenosno ra\u010dunalo od 15 in\u010da. Prostran prednji pretinac ima unutarnji d\u017eep s patentnim zatvara\u010dem i mre\u017easte d\u017eepove za organizaciju. Udobna stra\u017enja plo\u010da s zra\u010dnom mre\u017eicom, podstavljenim naramenicama i podesivim remenom za prsa.<\/p>\n","protected":false},"excerpt":{"rendered":"<p>Svestran i izdr\u017eljiv ruksak, savr\u0161en za lagane planinarske ture i svakodnevne izlete. Proizveden bez PFAS-a.<\/p>\n","protected":false},"featured_media":1022229,"template":"","meta":[],"product_brand":[466],"product_cat":[151],"product_tag":[578,479,499,501,485],"class_list":{"0":"post-1020058","1":"product","2":"type-product","3":"status-publish","4":"has-post-thumbnail","6":"product_brand-high-coast","7":"product_cat-ruksaci-i-torbe","8":"product_tag-dnevni-ruksaci","9":"product_tag-everyday-outdoor","10":"product_tag-high-coast","11":"product_tag-svakodnevni-ruksaci","12":"product_tag-unisex","14":"first","15":"outofstock","16":"shipping-taxable","17":"purchasable","18":"product-type-variable"},"_links":{"self":[{"href":"https:\/\/fjallraven.dev.mortar.tovarnaidej.com\/en\/wp-json\/wp\/v2\/product\/1020058","targetHints":{"allow":["GET"]}}],"collection":[{"href":"https:\/\/fjallraven.dev.mortar.tovarnaidej.com\/en\/wp-json\/wp\/v2\/product"}],"about":[{"href":"https:\/\/fjallraven.dev.mortar.tovarnaidej.com\/en\/wp-json\/wp\/v2\/types\/product"}],"version-history":[{"count":1,"href":"https:\/\/fjallraven.dev.mortar.tovarnaidej.com\/en\/wp-json\/wp\/v2\/product\/1020058\/revisions"}],"predecessor-version":[{"id":1020066,"href":"https:\/\/fjallraven.dev.mortar.tovarnaidej.com\/en\/wp-json\/wp\/v2\/product\/1020058\/revisions\/1020066"}],"wp:featuredmedia":[{"embeddable":true,"href":"https:\/\/fjallraven.dev.mortar.tovarnaidej.com\/en\/wp-json\/wp\/v2\/media\/1022229"}],"wp:attachment":[{"href":"https:\/\/fjallraven.dev.mortar.tovarnaidej.com\/en\/wp-json\/wp\/v2\/media?parent=1020058"}],"wp:term":[{"taxonomy":"product_brand","embeddable":true,"href":"https:\/\/fjallraven.dev.mortar.tovarnaidej.com\/en\/wp-json\/wp\/v2\/product_brand?post=1020058"},{"taxonomy":"product_cat","embeddable":true,"href":"https:\/\/fjallraven.dev.mortar.tovarnaidej.com\/en\/wp-json\/wp\/v2\/product_cat?post=1020058"},{"taxonomy":"product_tag","embeddable":true,"href":"https:\/\/fjallraven.dev.mortar.tovarnaidej.com\/en\/wp-json\/wp\/v2\/product_tag?post=1020058"}],"curies":[{"name":"wp","href":"https:\/\/api.w.org\/{rel}","templated":true}]}}