{"id":1020059,"date":"2025-11-21T09:26:34","date_gmt":"2025-11-21T09:26:34","guid":{"rendered":"https:\/\/fjallraven.dev.mortar.tovarnaidej.com\/?post_type=product&#038;p=1020059"},"modified":"2025-11-27T12:11:02","modified_gmt":"2025-11-27T12:11:02","slug":"skule-20","status":"publish","type":"product","link":"https:\/\/fjallraven.dev.mortar.tovarnaidej.com\/en\/product\/skule-20\/","title":{"rendered":"Skule 20"},"content":{"rendered":"<p>Manji brat Skule 28, ovaj ruksak je savr\u0161en za \u0161kolu, posao ili kra\u0107e jednodnevne izlete u prirodu. Ima glavni pretinac s podignutim, podstavljenim pretincem za prijenosno ra\u010dunalo, prednji pretinac s d\u017eepovima-organizatorima i lako dostupan gornji d\u017eep s patentnim zatvara\u010dem. Izra\u0111en od izdr\u017eljive, vodoodbojne Oxford tkanine od recikliranog poliestera. Tako\u0111er ima udobnu stra\u017enju plo\u010du s zra\u010dnom mre\u017eicom, podstavljene naramenice i podesive naramenice za prsa.<\/p>\n","protected":false},"excerpt":{"rendered":"<p>Manji brat Skule 28, ovaj ruksak je savr\u0161en za \u0161kolu, posao ili kra\u0107e jednodnevne izlete u prirodu. Proizveden bez PFAS-a.<\/p>\n","protected":false},"featured_media":1022257,"template":"","meta":[],"product_brand":[466],"product_cat":[151],"product_tag":[578,479,499,501,485],"class_list":{"0":"post-1020059","1":"product","2":"type-product","3":"status-publish","4":"has-post-thumbnail","6":"product_brand-high-coast","7":"product_cat-ruksaci-i-torbe","8":"product_tag-dnevni-ruksaci","9":"product_tag-everyday-outdoor","10":"product_tag-high-coast","11":"product_tag-svakodnevni-ruksaci","12":"product_tag-unisex","14":"first","15":"outofstock","16":"shipping-taxable","17":"purchasable","18":"product-type-variable"},"_links":{"self":[{"href":"https:\/\/fjallraven.dev.mortar.tovarnaidej.com\/en\/wp-json\/wp\/v2\/product\/1020059","targetHints":{"allow":["GET"]}}],"collection":[{"href":"https:\/\/fjallraven.dev.mortar.tovarnaidej.com\/en\/wp-json\/wp\/v2\/product"}],"about":[{"href":"https:\/\/fjallraven.dev.mortar.tovarnaidej.com\/en\/wp-json\/wp\/v2\/types\/product"}],"version-history":[{"count":1,"href":"https:\/\/fjallraven.dev.mortar.tovarnaidej.com\/en\/wp-json\/wp\/v2\/product\/1020059\/revisions"}],"predecessor-version":[{"id":1020073,"href":"https:\/\/fjallraven.dev.mortar.tovarnaidej.com\/en\/wp-json\/wp\/v2\/product\/1020059\/revisions\/1020073"}],"wp:featuredmedia":[{"embeddable":true,"href":"https:\/\/fjallraven.dev.mortar.tovarnaidej.com\/en\/wp-json\/wp\/v2\/media\/1022257"}],"wp:attachment":[{"href":"https:\/\/fjallraven.dev.mortar.tovarnaidej.com\/en\/wp-json\/wp\/v2\/media?parent=1020059"}],"wp:term":[{"taxonomy":"product_brand","embeddable":true,"href":"https:\/\/fjallraven.dev.mortar.tovarnaidej.com\/en\/wp-json\/wp\/v2\/product_brand?post=1020059"},{"taxonomy":"product_cat","embeddable":true,"href":"https:\/\/fjallraven.dev.mortar.tovarnaidej.com\/en\/wp-json\/wp\/v2\/product_cat?post=1020059"},{"taxonomy":"product_tag","embeddable":true,"href":"https:\/\/fjallraven.dev.mortar.tovarnaidej.com\/en\/wp-json\/wp\/v2\/product_tag?post=1020059"}],"curies":[{"name":"wp","href":"https:\/\/api.w.org\/{rel}","templated":true}]}}