{"id":1020092,"date":"2025-11-21T09:26:42","date_gmt":"2025-11-21T09:26:42","guid":{"rendered":"https:\/\/fjallraven.dev.mortar.tovarnaidej.com\/?post_type=product&#038;p=1020092"},"modified":"2025-11-27T12:11:02","modified_gmt":"2025-11-27T12:11:02","slug":"kanken","status":"publish","type":"product","link":"https:\/\/fjallraven.dev.mortar.tovarnaidej.com\/en\/product\/kanken\/","title":{"rendered":"K\u00e5nken"},"content":{"rendered":"<p>K\u00e5nken je stvoren 1978. godine kako bi pomogao u sprje\u010davanju problema s le\u0111ima me\u0111u \u0161vedskom \u0161kolskom djecom i od tada je postao jedan od najcjenjenijih Fj\u00e4llr\u00e4venovih proizvoda. Mini verzija je prikladna za malu djecu, kao i za odrasle osobe koje tra\u017ee mali ruksak. Savr\u0161en je za no\u0161enje stvari za vrti\u0107 ili hrane na izletu, te kao pametna svakodnevna torba za knjige, boce s vodom, vo\u0107e i jo\u0161 mnogo toga. Naramenice su duge i podesive te odgovaraju i malim i velikim le\u0111ima. Mogu se pri\u010dvrstiti kop\u010dom tako da ne smetaju kada su najzategnutije. Materijal je izdr\u017eljiva, lagana tkanina Vinylon F koja je otporna na prljav\u0161tinu i vlagu. Glavni odjeljak ima veliki otvor s patentnim zatvara\u010dem, \u0161to olak\u0161ava pakiranje i raspakiranje. Dva ravna bo\u010dna d\u017eepa i d\u017eep s patentnim zatvara\u010dem sprijeda. Prilo\u017eeni jastuk za sjedenje od PE pjene sprema se u unutarnji stra\u017enji d\u017eep i tako\u0111er sprje\u010dava da sadr\u017eaj glavnog odjeljka udara u le\u0111a. Ru\u010dke na vrhu i tanke, podesive naramenice. Logotip na prednjoj strani je reflektiraju\u0107i. Tako\u0111er ima naljepnicu s adresom unutar glavnog odjeljka.<\/p>\n","protected":false},"excerpt":{"rendered":"<p>Klasi\u010dni K\u00e5nken ruksak od izdr\u017eljive vinylon tkanine s patentnim zatvara\u010dem koji otvara cijeli glavni odjeljak. Uklonjivi jastuk za sjedenje, mali prednji d\u017eep, jednostavne naramenice i ru\u010dke na vrhu. Proizvedeno bez PFAS-a.<\/p>\n","protected":false},"featured_media":1022327,"template":"","meta":[],"product_brand":[132],"product_cat":[151],"product_tag":[578,479,500,520,501,485],"class_list":{"0":"post-1020092","1":"product","2":"type-product","3":"status-publish","4":"has-post-thumbnail","6":"product_brand-kanken","7":"product_cat-ruksaci-i-torbe","8":"product_tag-dnevni-ruksaci","9":"product_tag-everyday-outdoor","10":"product_tag-kanken","11":"product_tag-kanken-classic","12":"product_tag-svakodnevni-ruksaci","13":"product_tag-unisex","15":"first","16":"outofstock","17":"shipping-taxable","18":"purchasable","19":"product-type-variable"},"_links":{"self":[{"href":"https:\/\/fjallraven.dev.mortar.tovarnaidej.com\/en\/wp-json\/wp\/v2\/product\/1020092","targetHints":{"allow":["GET"]}}],"collection":[{"href":"https:\/\/fjallraven.dev.mortar.tovarnaidej.com\/en\/wp-json\/wp\/v2\/product"}],"about":[{"href":"https:\/\/fjallraven.dev.mortar.tovarnaidej.com\/en\/wp-json\/wp\/v2\/types\/product"}],"version-history":[{"count":1,"href":"https:\/\/fjallraven.dev.mortar.tovarnaidej.com\/en\/wp-json\/wp\/v2\/product\/1020092\/revisions"}],"predecessor-version":[{"id":1020097,"href":"https:\/\/fjallraven.dev.mortar.tovarnaidej.com\/en\/wp-json\/wp\/v2\/product\/1020092\/revisions\/1020097"}],"wp:featuredmedia":[{"embeddable":true,"href":"https:\/\/fjallraven.dev.mortar.tovarnaidej.com\/en\/wp-json\/wp\/v2\/media\/1022327"}],"wp:attachment":[{"href":"https:\/\/fjallraven.dev.mortar.tovarnaidej.com\/en\/wp-json\/wp\/v2\/media?parent=1020092"}],"wp:term":[{"taxonomy":"product_brand","embeddable":true,"href":"https:\/\/fjallraven.dev.mortar.tovarnaidej.com\/en\/wp-json\/wp\/v2\/product_brand?post=1020092"},{"taxonomy":"product_cat","embeddable":true,"href":"https:\/\/fjallraven.dev.mortar.tovarnaidej.com\/en\/wp-json\/wp\/v2\/product_cat?post=1020092"},{"taxonomy":"product_tag","embeddable":true,"href":"https:\/\/fjallraven.dev.mortar.tovarnaidej.com\/en\/wp-json\/wp\/v2\/product_tag?post=1020092"}],"curies":[{"name":"wp","href":"https:\/\/api.w.org\/{rel}","templated":true}]}}