{"id":1020194,"date":"2025-11-21T09:27:05","date_gmt":"2025-11-21T09:27:05","guid":{"rendered":"https:\/\/fjallraven.dev.mortar.tovarnaidej.com\/?post_type=product&#038;p=1020194"},"modified":"2025-11-27T12:11:01","modified_gmt":"2025-11-27T12:11:01","slug":"kanken-mini-cooler","status":"publish","type":"product","link":"https:\/\/fjallraven.dev.mortar.tovarnaidej.com\/en\/product\/kanken-mini-cooler\/","title":{"rendered":"K\u00e5nken Mini Cooler"},"content":{"rendered":"<p>Odr\u017eavajte pi\u0107a hladnima ili hranu toplom \u2013 K\u00e5nken Mini hladnjak jednako je prikladan za piknike kao i za \u0161kolske kutije za ru\u010dak. Izra\u0111en od izdr\u017eljive tkanine s pjenastim punjenjem koje odr\u017eava vru\u0107i sadr\u017eaj toplim, a hladni sadr\u017eaj hladnim, s unutra\u0161njosti koja se lako \u010disti. Savr\u0161eno stane u K\u00e5nken Mini ili bo\u010dno u obi\u010dnu K\u00e5nken torbicu. Dio je K\u00e5nken Essentials, serije pametnih dodataka za \u017eivot na otvorenom, putovanja i svakodnevnu upotrebu.<\/p>\n","protected":false},"excerpt":{"rendered":"<p>Prakti\u010dna torba za hla\u0111enje od izdr\u017eljive, voskane tkanine. Jednako prakti\u010dna za hladna pi\u0107a kao i za Va\u0161u kutiju za ru\u010dak. Proizvedeno bez PFAS-a.<\/p>\n","protected":false},"featured_media":1022749,"template":"","meta":[],"product_brand":[132],"product_cat":[156],"product_tag":[479,500,526,492,485],"class_list":{"0":"post-1020194","1":"product","2":"type-product","3":"status-publish","4":"has-post-thumbnail","6":"product_brand-kanken","7":"product_cat-dodaci","8":"product_tag-everyday-outdoor","9":"product_tag-kanken","10":"product_tag-kanken-dodaci","11":"product_tag-novcanik-i-male-torbice","12":"product_tag-unisex","14":"first","15":"outofstock","16":"shipping-taxable","17":"purchasable","18":"product-type-variable"},"_links":{"self":[{"href":"https:\/\/fjallraven.dev.mortar.tovarnaidej.com\/en\/wp-json\/wp\/v2\/product\/1020194","targetHints":{"allow":["GET"]}}],"collection":[{"href":"https:\/\/fjallraven.dev.mortar.tovarnaidej.com\/en\/wp-json\/wp\/v2\/product"}],"about":[{"href":"https:\/\/fjallraven.dev.mortar.tovarnaidej.com\/en\/wp-json\/wp\/v2\/types\/product"}],"version-history":[{"count":1,"href":"https:\/\/fjallraven.dev.mortar.tovarnaidej.com\/en\/wp-json\/wp\/v2\/product\/1020194\/revisions"}],"predecessor-version":[{"id":1020202,"href":"https:\/\/fjallraven.dev.mortar.tovarnaidej.com\/en\/wp-json\/wp\/v2\/product\/1020194\/revisions\/1020202"}],"wp:featuredmedia":[{"embeddable":true,"href":"https:\/\/fjallraven.dev.mortar.tovarnaidej.com\/en\/wp-json\/wp\/v2\/media\/1022749"}],"wp:attachment":[{"href":"https:\/\/fjallraven.dev.mortar.tovarnaidej.com\/en\/wp-json\/wp\/v2\/media?parent=1020194"}],"wp:term":[{"taxonomy":"product_brand","embeddable":true,"href":"https:\/\/fjallraven.dev.mortar.tovarnaidej.com\/en\/wp-json\/wp\/v2\/product_brand?post=1020194"},{"taxonomy":"product_cat","embeddable":true,"href":"https:\/\/fjallraven.dev.mortar.tovarnaidej.com\/en\/wp-json\/wp\/v2\/product_cat?post=1020194"},{"taxonomy":"product_tag","embeddable":true,"href":"https:\/\/fjallraven.dev.mortar.tovarnaidej.com\/en\/wp-json\/wp\/v2\/product_tag?post=1020194"}],"curies":[{"name":"wp","href":"https:\/\/api.w.org\/{rel}","templated":true}]}}