{"id":1020195,"date":"2025-11-21T09:27:06","date_gmt":"2025-11-21T09:27:06","guid":{"rendered":"https:\/\/fjallraven.dev.mortar.tovarnaidej.com\/?post_type=product&#038;p=1020195"},"modified":"2025-11-27T12:11:01","modified_gmt":"2025-11-27T12:11:01","slug":"kanken-toiletry-bag","status":"publish","type":"product","link":"https:\/\/fjallraven.dev.mortar.tovarnaidej.com\/en\/product\/kanken-toiletry-bag\/","title":{"rendered":"K\u00e5nken Toiletry Bag"},"content":{"rendered":"<p>Odr\u017eavajte svoje toaletne potrep\u0161tine urednima u ovoj prostranoj torbici za toaletni pribor od izdr\u017eljivog G-1000 HeavyDuty S materijala. Male bo\u010dice, tube, putni setovi prve pomo\u0107i imaju puno mjesta u dva prostrana pretinca koja omogu\u0107uju jednostavan pregled sadr\u017eaja. Nekoliko unutarnjih d\u017eepova u svakom pretincu. Dio K\u00e5nken Essentials, serije pametnih dodataka za boravak na otvorenom, putovanja i svakodnevnu upotrebu.<\/p>\n","protected":false},"excerpt":{"rendered":"<p>Prakti\u010dna torbica za toaletne potrep\u0161tine od izdr\u017eljive, voskom premazane tkanine za prakti\u010dno pohranjivanje sapuna, paste za zube i sli\u010dnih potrep\u0161tina tijekom putovanja. Proizvedeno bez PFAS-a.<\/p>\n","protected":false},"featured_media":1022763,"template":"","meta":[],"product_brand":[132],"product_cat":[156],"product_tag":[479,500,526,492,485],"class_list":{"0":"post-1020195","1":"product","2":"type-product","3":"status-publish","4":"has-post-thumbnail","6":"product_brand-kanken","7":"product_cat-dodaci","8":"product_tag-everyday-outdoor","9":"product_tag-kanken","10":"product_tag-kanken-dodaci","11":"product_tag-novcanik-i-male-torbice","12":"product_tag-unisex","14":"first","15":"outofstock","16":"shipping-taxable","17":"purchasable","18":"product-type-variable"},"_links":{"self":[{"href":"https:\/\/fjallraven.dev.mortar.tovarnaidej.com\/en\/wp-json\/wp\/v2\/product\/1020195","targetHints":{"allow":["GET"]}}],"collection":[{"href":"https:\/\/fjallraven.dev.mortar.tovarnaidej.com\/en\/wp-json\/wp\/v2\/product"}],"about":[{"href":"https:\/\/fjallraven.dev.mortar.tovarnaidej.com\/en\/wp-json\/wp\/v2\/types\/product"}],"version-history":[{"count":1,"href":"https:\/\/fjallraven.dev.mortar.tovarnaidej.com\/en\/wp-json\/wp\/v2\/product\/1020195\/revisions"}],"predecessor-version":[{"id":1020204,"href":"https:\/\/fjallraven.dev.mortar.tovarnaidej.com\/en\/wp-json\/wp\/v2\/product\/1020195\/revisions\/1020204"}],"wp:featuredmedia":[{"embeddable":true,"href":"https:\/\/fjallraven.dev.mortar.tovarnaidej.com\/en\/wp-json\/wp\/v2\/media\/1022763"}],"wp:attachment":[{"href":"https:\/\/fjallraven.dev.mortar.tovarnaidej.com\/en\/wp-json\/wp\/v2\/media?parent=1020195"}],"wp:term":[{"taxonomy":"product_brand","embeddable":true,"href":"https:\/\/fjallraven.dev.mortar.tovarnaidej.com\/en\/wp-json\/wp\/v2\/product_brand?post=1020195"},{"taxonomy":"product_cat","embeddable":true,"href":"https:\/\/fjallraven.dev.mortar.tovarnaidej.com\/en\/wp-json\/wp\/v2\/product_cat?post=1020195"},{"taxonomy":"product_tag","embeddable":true,"href":"https:\/\/fjallraven.dev.mortar.tovarnaidej.com\/en\/wp-json\/wp\/v2\/product_tag?post=1020195"}],"curies":[{"name":"wp","href":"https:\/\/api.w.org\/{rel}","templated":true}]}}