{"id":1020199,"date":"2025-11-21T09:27:06","date_gmt":"2025-11-21T09:27:06","guid":{"rendered":"https:\/\/fjallraven.dev.mortar.tovarnaidej.com\/?post_type=product&#038;p=1020199"},"modified":"2025-11-27T12:11:00","modified_gmt":"2025-11-27T12:11:00","slug":"kanken-rain-cover-mini","status":"publish","type":"product","link":"https:\/\/fjallraven.dev.mortar.tovarnaidej.com\/en\/product\/kanken-rain-cover-mini\/","title":{"rendered":"K\u00e5nken Rain Cover Mini"},"content":{"rendered":"<p>K\u00e5nken Vinylon tkanina mo\u017ee izdr\u017eati kratkotrajne pljuskove, ali za dugotrajnu ki\u0161u trebat \u0107e vam malo dodatne za\u0161tite. Ova navlaka za ki\u0161u posebno je dizajnirana da odgovara Va\u0161em omiljenom ruksaku. Ima reflektiraju\u0107i logotip i elasti\u010dne rubove te drukere koji je dr\u017ee na mjestu. Lako se pakira u integrirani d\u017eep, a s malom petljom mo\u017eete je pri\u010dvrstiti na svoj K\u00e5nken Mini, na primjer, malim karabinerom.<\/p>\n","protected":false},"excerpt":{"rendered":"<p>Navlaka za ki\u0161u za Va\u0161 K\u00e5nken Mini ruksak. Proizvedeno bez PFAS-a.<\/p>\n","protected":false},"featured_media":1022831,"template":"","meta":[],"product_brand":[132],"product_cat":[156],"product_tag":[479,500,526,492,485],"class_list":{"0":"post-1020199","1":"product","2":"type-product","3":"status-publish","4":"has-post-thumbnail","6":"product_brand-kanken","7":"product_cat-dodaci","8":"product_tag-everyday-outdoor","9":"product_tag-kanken","10":"product_tag-kanken-dodaci","11":"product_tag-novcanik-i-male-torbice","12":"product_tag-unisex","14":"first","15":"outofstock","16":"shipping-taxable","17":"purchasable","18":"product-type-variable"},"_links":{"self":[{"href":"https:\/\/fjallraven.dev.mortar.tovarnaidej.com\/en\/wp-json\/wp\/v2\/product\/1020199","targetHints":{"allow":["GET"]}}],"collection":[{"href":"https:\/\/fjallraven.dev.mortar.tovarnaidej.com\/en\/wp-json\/wp\/v2\/product"}],"about":[{"href":"https:\/\/fjallraven.dev.mortar.tovarnaidej.com\/en\/wp-json\/wp\/v2\/types\/product"}],"version-history":[{"count":1,"href":"https:\/\/fjallraven.dev.mortar.tovarnaidej.com\/en\/wp-json\/wp\/v2\/product\/1020199\/revisions"}],"predecessor-version":[{"id":1020224,"href":"https:\/\/fjallraven.dev.mortar.tovarnaidej.com\/en\/wp-json\/wp\/v2\/product\/1020199\/revisions\/1020224"}],"wp:featuredmedia":[{"embeddable":true,"href":"https:\/\/fjallraven.dev.mortar.tovarnaidej.com\/en\/wp-json\/wp\/v2\/media\/1022831"}],"wp:attachment":[{"href":"https:\/\/fjallraven.dev.mortar.tovarnaidej.com\/en\/wp-json\/wp\/v2\/media?parent=1020199"}],"wp:term":[{"taxonomy":"product_brand","embeddable":true,"href":"https:\/\/fjallraven.dev.mortar.tovarnaidej.com\/en\/wp-json\/wp\/v2\/product_brand?post=1020199"},{"taxonomy":"product_cat","embeddable":true,"href":"https:\/\/fjallraven.dev.mortar.tovarnaidej.com\/en\/wp-json\/wp\/v2\/product_cat?post=1020199"},{"taxonomy":"product_tag","embeddable":true,"href":"https:\/\/fjallraven.dev.mortar.tovarnaidej.com\/en\/wp-json\/wp\/v2\/product_tag?post=1020199"}],"curies":[{"name":"wp","href":"https:\/\/api.w.org\/{rel}","templated":true}]}}