{"id":1020200,"date":"2025-11-21T09:27:06","date_gmt":"2025-11-21T09:27:06","guid":{"rendered":"https:\/\/fjallraven.dev.mortar.tovarnaidej.com\/?post_type=product&#038;p=1020200"},"modified":"2025-11-27T12:11:00","modified_gmt":"2025-11-27T12:11:00","slug":"kanken-hip-pack","status":"publish","type":"product","link":"https:\/\/fjallraven.dev.mortar.tovarnaidej.com\/en\/product\/kanken-hip-pack\/","title":{"rendered":"K\u00e5nken Hip Pack"},"content":{"rendered":"<p>Razigrana, ali prakti\u010dna mala torbica koja pro\u0161iruje definiciju onoga \u0161to K\u00e5nken mo\u017ee biti, izra\u0111ena od iste izdr\u017eljive tkanine koja je pridonijela dugovje\u010dnosti originalnog ruksaka. K\u00e5nken Hip Pack omogu\u0107uje vam no\u0161enje najva\u017enijih predmeta u kompaktnom formatu. Ima unutarnji d\u017eep i kop\u010du za klju\u010deve, plus dva d\u017eepa s patentnim zatvara\u010dem s vanjske strane. Samo je pri\u010dvrstite oko bokova i krenite.<\/p>\n","protected":false},"excerpt":{"rendered":"<p>Prakti\u010dna mala torba za bok iz serije K\u00e5nken. Proizvedeno bez PFAS-a.<\/p>\n","protected":false},"featured_media":1022841,"template":"","meta":[],"product_brand":[132],"product_cat":[151],"product_tag":[578,479,500,520,501,485],"class_list":{"0":"post-1020200","1":"product","2":"type-product","3":"status-publish","4":"has-post-thumbnail","6":"product_brand-kanken","7":"product_cat-ruksaci-i-torbe","8":"product_tag-dnevni-ruksaci","9":"product_tag-everyday-outdoor","10":"product_tag-kanken","11":"product_tag-kanken-classic","12":"product_tag-svakodnevni-ruksaci","13":"product_tag-unisex","15":"first","16":"outofstock","17":"shipping-taxable","18":"purchasable","19":"product-type-variable"},"_links":{"self":[{"href":"https:\/\/fjallraven.dev.mortar.tovarnaidej.com\/en\/wp-json\/wp\/v2\/product\/1020200","targetHints":{"allow":["GET"]}}],"collection":[{"href":"https:\/\/fjallraven.dev.mortar.tovarnaidej.com\/en\/wp-json\/wp\/v2\/product"}],"about":[{"href":"https:\/\/fjallraven.dev.mortar.tovarnaidej.com\/en\/wp-json\/wp\/v2\/types\/product"}],"version-history":[{"count":1,"href":"https:\/\/fjallraven.dev.mortar.tovarnaidej.com\/en\/wp-json\/wp\/v2\/product\/1020200\/revisions"}],"predecessor-version":[{"id":1020228,"href":"https:\/\/fjallraven.dev.mortar.tovarnaidej.com\/en\/wp-json\/wp\/v2\/product\/1020200\/revisions\/1020228"}],"wp:featuredmedia":[{"embeddable":true,"href":"https:\/\/fjallraven.dev.mortar.tovarnaidej.com\/en\/wp-json\/wp\/v2\/media\/1022841"}],"wp:attachment":[{"href":"https:\/\/fjallraven.dev.mortar.tovarnaidej.com\/en\/wp-json\/wp\/v2\/media?parent=1020200"}],"wp:term":[{"taxonomy":"product_brand","embeddable":true,"href":"https:\/\/fjallraven.dev.mortar.tovarnaidej.com\/en\/wp-json\/wp\/v2\/product_brand?post=1020200"},{"taxonomy":"product_cat","embeddable":true,"href":"https:\/\/fjallraven.dev.mortar.tovarnaidej.com\/en\/wp-json\/wp\/v2\/product_cat?post=1020200"},{"taxonomy":"product_tag","embeddable":true,"href":"https:\/\/fjallraven.dev.mortar.tovarnaidej.com\/en\/wp-json\/wp\/v2\/product_tag?post=1020200"}],"curies":[{"name":"wp","href":"https:\/\/api.w.org\/{rel}","templated":true}]}}