{"id":1020231,"date":"2025-11-21T09:27:15","date_gmt":"2025-11-21T09:27:15","guid":{"rendered":"https:\/\/fjallraven.dev.mortar.tovarnaidej.com\/?post_type=product&#038;p=1020231"},"modified":"2025-11-27T12:11:00","modified_gmt":"2025-11-27T12:11:00","slug":"kanken-no-2-black-hip-pack","status":"publish","type":"product","link":"https:\/\/fjallraven.dev.mortar.tovarnaidej.com\/en\/product\/kanken-no-2-black-hip-pack\/","title":{"rendered":"K\u00e5nken No. 2 Black Hip Pack"},"content":{"rendered":"<p>K\u00e5nken torba za struk vra\u0107a se u crnoj boji. Ova K\u00e5nken No. 2 crna torba za struk izra\u0111ena je od G-1000 HeavyDuty materijala, ima prostranu ko\u017enu ru\u010dku i Fj\u00e4llr\u00e4ven logo od crne ko\u017ee sprijeda. Glavni pretinac s patentnim zatvara\u010dem, unutarnjim d\u017eepom na rukavu i kop\u010dom za klju\u010deve. Prednji d\u017eep s patentnim zatvara\u010dem i sigurnosni d\u017eep straga. Podesivi remen za struk od 25 mm.<\/p>\n","protected":false},"excerpt":{"rendered":"<p>Prakti\u010dna mala torba za bok od G-1000 HeavyDuty materijala s ko\u017enim detaljima. Proizvedeno bez PFAS-a.<\/p>\n","protected":false},"featured_media":1022856,"template":"","meta":[],"product_brand":[132],"product_cat":[151],"product_tag":[578,479,500,524,492,485],"class_list":{"0":"post-1020231","1":"product","2":"type-product","3":"status-publish","4":"has-post-thumbnail","6":"product_brand-kanken","7":"product_cat-ruksaci-i-torbe","8":"product_tag-dnevni-ruksaci","9":"product_tag-everyday-outdoor","10":"product_tag-kanken","11":"product_tag-kanken-no2","12":"product_tag-novcanik-i-male-torbice","13":"product_tag-unisex","15":"first","16":"outofstock","17":"shipping-taxable","18":"purchasable","19":"product-type-variable"},"_links":{"self":[{"href":"https:\/\/fjallraven.dev.mortar.tovarnaidej.com\/en\/wp-json\/wp\/v2\/product\/1020231","targetHints":{"allow":["GET"]}}],"collection":[{"href":"https:\/\/fjallraven.dev.mortar.tovarnaidej.com\/en\/wp-json\/wp\/v2\/product"}],"about":[{"href":"https:\/\/fjallraven.dev.mortar.tovarnaidej.com\/en\/wp-json\/wp\/v2\/types\/product"}],"version-history":[{"count":1,"href":"https:\/\/fjallraven.dev.mortar.tovarnaidej.com\/en\/wp-json\/wp\/v2\/product\/1020231\/revisions"}],"predecessor-version":[{"id":1020241,"href":"https:\/\/fjallraven.dev.mortar.tovarnaidej.com\/en\/wp-json\/wp\/v2\/product\/1020231\/revisions\/1020241"}],"wp:featuredmedia":[{"embeddable":true,"href":"https:\/\/fjallraven.dev.mortar.tovarnaidej.com\/en\/wp-json\/wp\/v2\/media\/1022856"}],"wp:attachment":[{"href":"https:\/\/fjallraven.dev.mortar.tovarnaidej.com\/en\/wp-json\/wp\/v2\/media?parent=1020231"}],"wp:term":[{"taxonomy":"product_brand","embeddable":true,"href":"https:\/\/fjallraven.dev.mortar.tovarnaidej.com\/en\/wp-json\/wp\/v2\/product_brand?post=1020231"},{"taxonomy":"product_cat","embeddable":true,"href":"https:\/\/fjallraven.dev.mortar.tovarnaidej.com\/en\/wp-json\/wp\/v2\/product_cat?post=1020231"},{"taxonomy":"product_tag","embeddable":true,"href":"https:\/\/fjallraven.dev.mortar.tovarnaidej.com\/en\/wp-json\/wp\/v2\/product_tag?post=1020231"}],"curies":[{"name":"wp","href":"https:\/\/api.w.org\/{rel}","templated":true}]}}