{"id":1020234,"date":"2025-11-21T09:27:15","date_gmt":"2025-11-21T09:27:15","guid":{"rendered":"https:\/\/fjallraven.dev.mortar.tovarnaidej.com\/?post_type=product&#038;p=1020234"},"modified":"2025-11-27T12:11:00","modified_gmt":"2025-11-27T12:11:00","slug":"totepack-no-1","status":"publish","type":"product","link":"https:\/\/fjallraven.dev.mortar.tovarnaidej.com\/en\/product\/totepack-no-1\/","title":{"rendered":"Totepack No. 1"},"content":{"rendered":"<p>Lagana, prakti\u010dna torba, savr\u0161ena za manje kupnje, kupa\u0107e kostime i predmete koje \u017eelite nositi sa sobom tijekom dana. Izra\u0111ena od izdr\u017eljivije verzije na\u0161eg G-1000 materijala, ima dvostruke slojeve tkanine na dnu za dodatnu izdr\u017eljivost. Otvaranje patentnim zatvara\u010dem dr\u017ei sadr\u017eaj na mjestu, a mali sigurnosni d\u017eep s unutarnje strane dr\u017ei klju\u010deve, nov\u010danik i sve ostalo \u0161to \u017eelite imati na oku. Tu je i d\u017eep s patentnim zatvara\u010dem s vanjske strane. Duge, tekstilne naramenice i kratka ko\u017ena ru\u010dka. Naramenice se tako\u0111er mogu pretvoriti u ruksak. Prakti\u010dna za putovanja, trajat \u0107e vje\u010dno i zauzima minimalno prostora kada je prazna.<\/p>\n","protected":false},"excerpt":{"rendered":"<p>Prakti\u010dna torba izra\u0111ena od \u010dvrste, voskom premazane tkanine koja se mo\u017ee nositi na ramenu, u ruci ili preko le\u0111a. Otvaranje s patentnim zatvara\u010dem i sigurnosni d\u017eep. Proizvedeno bez PFAS-a.<\/p>\n","protected":false},"featured_media":1022893,"template":"","meta":[],"product_brand":[460],"product_cat":[151],"product_tag":[578,479,480,501,596,485],"class_list":{"0":"post-1020234","1":"product","2":"type-product","3":"status-publish","4":"has-post-thumbnail","6":"product_brand-ovik","7":"product_cat-ruksaci-i-torbe","8":"product_tag-dnevni-ruksaci","9":"product_tag-everyday-outdoor","10":"product_tag-ovik","11":"product_tag-svakodnevni-ruksaci","12":"product_tag-torbe-2","13":"product_tag-unisex","15":"first","16":"outofstock","17":"shipping-taxable","18":"purchasable","19":"product-type-variable"},"_links":{"self":[{"href":"https:\/\/fjallraven.dev.mortar.tovarnaidej.com\/en\/wp-json\/wp\/v2\/product\/1020234","targetHints":{"allow":["GET"]}}],"collection":[{"href":"https:\/\/fjallraven.dev.mortar.tovarnaidej.com\/en\/wp-json\/wp\/v2\/product"}],"about":[{"href":"https:\/\/fjallraven.dev.mortar.tovarnaidej.com\/en\/wp-json\/wp\/v2\/types\/product"}],"version-history":[{"count":1,"href":"https:\/\/fjallraven.dev.mortar.tovarnaidej.com\/en\/wp-json\/wp\/v2\/product\/1020234\/revisions"}],"predecessor-version":[{"id":1020251,"href":"https:\/\/fjallraven.dev.mortar.tovarnaidej.com\/en\/wp-json\/wp\/v2\/product\/1020234\/revisions\/1020251"}],"wp:featuredmedia":[{"embeddable":true,"href":"https:\/\/fjallraven.dev.mortar.tovarnaidej.com\/en\/wp-json\/wp\/v2\/media\/1022893"}],"wp:attachment":[{"href":"https:\/\/fjallraven.dev.mortar.tovarnaidej.com\/en\/wp-json\/wp\/v2\/media?parent=1020234"}],"wp:term":[{"taxonomy":"product_brand","embeddable":true,"href":"https:\/\/fjallraven.dev.mortar.tovarnaidej.com\/en\/wp-json\/wp\/v2\/product_brand?post=1020234"},{"taxonomy":"product_cat","embeddable":true,"href":"https:\/\/fjallraven.dev.mortar.tovarnaidej.com\/en\/wp-json\/wp\/v2\/product_cat?post=1020234"},{"taxonomy":"product_tag","embeddable":true,"href":"https:\/\/fjallraven.dev.mortar.tovarnaidej.com\/en\/wp-json\/wp\/v2\/product_tag?post=1020234"}],"curies":[{"name":"wp","href":"https:\/\/api.w.org\/{rel}","templated":true}]}}