{"id":1020268,"date":"2025-11-21T09:27:22","date_gmt":"2025-11-21T09:27:22","guid":{"rendered":"https:\/\/fjallraven.dev.mortar.tovarnaidej.com\/?post_type=product&#038;p=1020268"},"modified":"2025-11-27T12:10:59","modified_gmt":"2025-11-27T12:10:59","slug":"gear-pocket","status":"publish","type":"product","link":"https:\/\/fjallraven.dev.mortar.tovarnaidej.com\/en\/product\/gear-pocket\/","title":{"rendered":"Gear Pocket"},"content":{"rendered":"<p>Lagana, prakti\u010dna torba za opremu od izdr\u017eljivog, dvostruko voskanog G-1000 HeavyDuty materijala koji \u0161titi sadr\u017eaj od mo\u010denja ili prljav\u0161tine. Savr\u0161ena za olovke, male predmete i alate ili kao mala torbica za toaletni pribor za \u010detkicu za zube, pastu za zube, britvicu i malu bo\u010dicu \u0161ampona\/sapuna. Jedan ravni d\u017eep s YKK patentnim zatvara\u010dem i ko\u017enom kop\u010dom. Dimenzije: 15,5 x 21,5 cm. Impregnacija se mo\u017ee pobolj\u0161ati Greenland Waxom, \u0161to tako\u0111er pove\u0107ava trajnost.<\/p>\n","protected":false},"excerpt":{"rendered":"<p>Lagana, prakti\u010dna torba za opremu od G-1000 HeavyDuty materijala. Savr\u0161ena za olovke, alate i druge male predmete ili kao mala toaletna torba. Proizvedeno bez PFAS-a.<\/p>\n","protected":false},"featured_media":1022951,"template":"","meta":[],"product_brand":[460],"product_cat":[156],"product_tag":[584,479,492,480,579,485],"class_list":{"0":"post-1020268","1":"product","2":"type-product","3":"status-publish","4":"has-post-thumbnail","6":"product_brand-ovik","7":"product_cat-dodaci","8":"product_tag-dodaci-oprema","9":"product_tag-everyday-outdoor","10":"product_tag-novcanik-i-male-torbice","11":"product_tag-ovik","12":"product_tag-torbice","13":"product_tag-unisex","15":"first","16":"outofstock","17":"shipping-taxable","18":"purchasable","19":"product-type-variable"},"_links":{"self":[{"href":"https:\/\/fjallraven.dev.mortar.tovarnaidej.com\/en\/wp-json\/wp\/v2\/product\/1020268","targetHints":{"allow":["GET"]}}],"collection":[{"href":"https:\/\/fjallraven.dev.mortar.tovarnaidej.com\/en\/wp-json\/wp\/v2\/product"}],"about":[{"href":"https:\/\/fjallraven.dev.mortar.tovarnaidej.com\/en\/wp-json\/wp\/v2\/types\/product"}],"version-history":[{"count":1,"href":"https:\/\/fjallraven.dev.mortar.tovarnaidej.com\/en\/wp-json\/wp\/v2\/product\/1020268\/revisions"}],"predecessor-version":[{"id":1020275,"href":"https:\/\/fjallraven.dev.mortar.tovarnaidej.com\/en\/wp-json\/wp\/v2\/product\/1020268\/revisions\/1020275"}],"wp:featuredmedia":[{"embeddable":true,"href":"https:\/\/fjallraven.dev.mortar.tovarnaidej.com\/en\/wp-json\/wp\/v2\/media\/1022951"}],"wp:attachment":[{"href":"https:\/\/fjallraven.dev.mortar.tovarnaidej.com\/en\/wp-json\/wp\/v2\/media?parent=1020268"}],"wp:term":[{"taxonomy":"product_brand","embeddable":true,"href":"https:\/\/fjallraven.dev.mortar.tovarnaidej.com\/en\/wp-json\/wp\/v2\/product_brand?post=1020268"},{"taxonomy":"product_cat","embeddable":true,"href":"https:\/\/fjallraven.dev.mortar.tovarnaidej.com\/en\/wp-json\/wp\/v2\/product_cat?post=1020268"},{"taxonomy":"product_tag","embeddable":true,"href":"https:\/\/fjallraven.dev.mortar.tovarnaidej.com\/en\/wp-json\/wp\/v2\/product_tag?post=1020268"}],"curies":[{"name":"wp","href":"https:\/\/api.w.org\/{rel}","templated":true}]}}