{"id":1020269,"date":"2025-11-21T09:27:22","date_gmt":"2025-11-21T09:27:22","guid":{"rendered":"https:\/\/fjallraven.dev.mortar.tovarnaidej.com\/?post_type=product&#038;p=1020269"},"modified":"2025-11-27T12:10:59","modified_gmt":"2025-11-27T12:10:59","slug":"zip-wallet","status":"publish","type":"product","link":"https:\/\/fjallraven.dev.mortar.tovarnaidej.com\/en\/product\/zip-wallet\/","title":{"rendered":"Zip Wallet"},"content":{"rendered":"<p>Prakti\u010dan nov\u010danik od izdr\u017eljivog G-1000 HeavyDuty materijala koji \u0161titi sadr\u017eaj i trajat \u0107e godinama unato\u010d stalnoj uporabi. Jedan glavni pretinac s patentnim zatvara\u010dem s tri strane od G-1000 materijala iznutra. Nekoliko otvorenih d\u017eepova za kreditne kartice, nov\u010danice, ra\u010dune. D\u017eep s patentnim zatvara\u010dem za kovanice. Detalji od prirodne ko\u017ee.<\/p>\n","protected":false},"excerpt":{"rendered":"<p>Prakti\u010dan nov\u010danik od izdr\u017eljivog G-1000 HeavyDuty materijala. Glavni pretinac s patentnim zatvara\u010dem, d\u017eepom za kovanice, otvorom za nov\u010danice i kreditne kartice. Proizvedeno bez PFAS-a.<\/p>\n","protected":false},"featured_media":1022960,"template":"","meta":[],"product_brand":[460],"product_cat":[156],"product_tag":[584,479,492,580,480,579,485],"class_list":{"0":"post-1020269","1":"product","2":"type-product","3":"status-publish","4":"has-post-thumbnail","6":"product_brand-ovik","7":"product_cat-dodaci","8":"product_tag-dodaci-oprema","9":"product_tag-everyday-outdoor","10":"product_tag-novcanik-i-male-torbice","11":"product_tag-novcaniki","12":"product_tag-ovik","13":"product_tag-torbice","14":"product_tag-unisex","16":"first","17":"outofstock","18":"shipping-taxable","19":"purchasable","20":"product-type-variable"},"_links":{"self":[{"href":"https:\/\/fjallraven.dev.mortar.tovarnaidej.com\/en\/wp-json\/wp\/v2\/product\/1020269","targetHints":{"allow":["GET"]}}],"collection":[{"href":"https:\/\/fjallraven.dev.mortar.tovarnaidej.com\/en\/wp-json\/wp\/v2\/product"}],"about":[{"href":"https:\/\/fjallraven.dev.mortar.tovarnaidej.com\/en\/wp-json\/wp\/v2\/types\/product"}],"version-history":[{"count":1,"href":"https:\/\/fjallraven.dev.mortar.tovarnaidej.com\/en\/wp-json\/wp\/v2\/product\/1020269\/revisions"}],"predecessor-version":[{"id":1020280,"href":"https:\/\/fjallraven.dev.mortar.tovarnaidej.com\/en\/wp-json\/wp\/v2\/product\/1020269\/revisions\/1020280"}],"wp:featuredmedia":[{"embeddable":true,"href":"https:\/\/fjallraven.dev.mortar.tovarnaidej.com\/en\/wp-json\/wp\/v2\/media\/1022960"}],"wp:attachment":[{"href":"https:\/\/fjallraven.dev.mortar.tovarnaidej.com\/en\/wp-json\/wp\/v2\/media?parent=1020269"}],"wp:term":[{"taxonomy":"product_brand","embeddable":true,"href":"https:\/\/fjallraven.dev.mortar.tovarnaidej.com\/en\/wp-json\/wp\/v2\/product_brand?post=1020269"},{"taxonomy":"product_cat","embeddable":true,"href":"https:\/\/fjallraven.dev.mortar.tovarnaidej.com\/en\/wp-json\/wp\/v2\/product_cat?post=1020269"},{"taxonomy":"product_tag","embeddable":true,"href":"https:\/\/fjallraven.dev.mortar.tovarnaidej.com\/en\/wp-json\/wp\/v2\/product_tag?post=1020269"}],"curies":[{"name":"wp","href":"https:\/\/api.w.org\/{rel}","templated":true}]}}