{"id":1020271,"date":"2025-11-21T09:27:22","date_gmt":"2025-11-21T09:27:22","guid":{"rendered":"https:\/\/fjallraven.dev.mortar.tovarnaidej.com\/?post_type=product&#038;p=1020271"},"modified":"2025-11-27T12:10:59","modified_gmt":"2025-11-27T12:10:59","slug":"passport-wallet","status":"publish","type":"product","link":"https:\/\/fjallraven.dev.mortar.tovarnaidej.com\/en\/product\/passport-wallet\/","title":{"rendered":"Passport Wallet"},"content":{"rendered":"<p>Prakti\u010dni i izdr\u017eljivi putni nov\u010danik od izdr\u017eljivog G-1000 HeavyDuty materijala s G-1000 unutra\u0161njosti. Tanki format za putovanja s prostorom za putovnicu (maks. dimenzije 125 x 90 mm) i otvorenim d\u017eepovima za nov\u010danice, kreditne kartice itd. Mali d\u017eep s patentnim zatvara\u010dem za kovanice. Ko\u017eni detalji.<\/p>\n","protected":false},"excerpt":{"rendered":"<p>Prakti\u010dni putni nov\u010danik izra\u0111en od G-1000 HeavyDuty materijala u tankom formatu za putovanja. Ima mjesta za novac, kreditne kartice i putovnicu (do 125 x 90 mm). Proizvedeno bez PFAS-a.<\/p>\n","protected":false},"featured_media":1022970,"template":"","meta":[],"product_brand":[460],"product_cat":[156],"product_tag":[492,580,480,493,485],"class_list":{"0":"post-1020271","1":"product","2":"type-product","3":"status-publish","4":"has-post-thumbnail","6":"product_brand-ovik","7":"product_cat-dodaci","8":"product_tag-novcanik-i-male-torbice","9":"product_tag-novcaniki","10":"product_tag-ovik","11":"product_tag-travel","12":"product_tag-unisex","14":"first","15":"outofstock","16":"shipping-taxable","17":"purchasable","18":"product-type-variable"},"_links":{"self":[{"href":"https:\/\/fjallraven.dev.mortar.tovarnaidej.com\/en\/wp-json\/wp\/v2\/product\/1020271","targetHints":{"allow":["GET"]}}],"collection":[{"href":"https:\/\/fjallraven.dev.mortar.tovarnaidej.com\/en\/wp-json\/wp\/v2\/product"}],"about":[{"href":"https:\/\/fjallraven.dev.mortar.tovarnaidej.com\/en\/wp-json\/wp\/v2\/types\/product"}],"version-history":[{"count":1,"href":"https:\/\/fjallraven.dev.mortar.tovarnaidej.com\/en\/wp-json\/wp\/v2\/product\/1020271\/revisions"}],"predecessor-version":[{"id":1020289,"href":"https:\/\/fjallraven.dev.mortar.tovarnaidej.com\/en\/wp-json\/wp\/v2\/product\/1020271\/revisions\/1020289"}],"wp:featuredmedia":[{"embeddable":true,"href":"https:\/\/fjallraven.dev.mortar.tovarnaidej.com\/en\/wp-json\/wp\/v2\/media\/1022970"}],"wp:attachment":[{"href":"https:\/\/fjallraven.dev.mortar.tovarnaidej.com\/en\/wp-json\/wp\/v2\/media?parent=1020271"}],"wp:term":[{"taxonomy":"product_brand","embeddable":true,"href":"https:\/\/fjallraven.dev.mortar.tovarnaidej.com\/en\/wp-json\/wp\/v2\/product_brand?post=1020271"},{"taxonomy":"product_cat","embeddable":true,"href":"https:\/\/fjallraven.dev.mortar.tovarnaidej.com\/en\/wp-json\/wp\/v2\/product_cat?post=1020271"},{"taxonomy":"product_tag","embeddable":true,"href":"https:\/\/fjallraven.dev.mortar.tovarnaidej.com\/en\/wp-json\/wp\/v2\/product_tag?post=1020271"}],"curies":[{"name":"wp","href":"https:\/\/api.w.org\/{rel}","templated":true}]}}