{"id":1020273,"date":"2025-11-21T09:27:22","date_gmt":"2025-11-21T09:27:22","guid":{"rendered":"https:\/\/fjallraven.dev.mortar.tovarnaidej.com\/?post_type=product&#038;p=1020273"},"modified":"2025-11-27T12:10:59","modified_gmt":"2025-11-27T12:10:59","slug":"splitpack-large","status":"publish","type":"product","link":"https:\/\/fjallraven.dev.mortar.tovarnaidej.com\/en\/product\/splitpack-large\/","title":{"rendered":"Splitpack Large"},"content":{"rendered":"<p>Ruksak, putna torba ili ne\u0161to izme\u0111u? Splitpack je prakti\u010dan i izdr\u017eljiv suputnik za kra\u0107a ili dulja putovanja. Otvara se u sredini i ima dva jednaka pretinca. Mre\u017easti poklopci s patentnim zatvara\u010dem dr\u017ee opremu na mjestu, pru\u017eaju vam pregled i olak\u0161avaju odvojeno pakiranje rublja ili vla\u017ene opreme. Izdr\u017eljiv, vodootporni G-1000 HeavyDuty. Robusni patentni zatvara\u010d koji potpuno otvara torbu. Reciklirani poliester, organski pamuk. Volumen: 55 litara. Dva jednaka pretinca s mre\u017eastim pregradama. Podstavljene naramenice s ventilacijskom mre\u017eicom. Podstavljena stra\u017enja plo\u010da koja sprje\u010dava pritisak sadr\u017eaja na le\u0111a. Tri mre\u017easta d\u017eepa s patentnim zatvara\u010dem unutra. Dva vanjska d\u017eepa s patentnim zatvara\u010dem. Robusne ru\u010dke na kratkim krajevima. Mo\u017ee se zaklju\u010dati lokotom (nije uklju\u010den). Unutra\u0161njost od laganog poliamida. Impregnirano Greenland voskom.<\/p>\n","protected":false},"excerpt":{"rendered":"<p>Robusna putna torba s patentnim zatvara\u010dem koja se mo\u017ee nositi na le\u0111ima. Za kra\u0107a i du\u017ea putovanja. Proizvedeno bez PFAS-a.<\/p>\n","protected":false},"featured_media":1022996,"template":"","meta":[],"product_brand":[463],"product_cat":[151],"product_tag":[502,596,493,485],"class_list":{"0":"post-1020273","1":"product","2":"type-product","3":"status-publish","4":"has-post-thumbnail","6":"product_brand-travel","7":"product_cat-ruksaci-i-torbe","8":"product_tag-prtljaga-i-velike-torbe","9":"product_tag-torbe-2","10":"product_tag-travel","11":"product_tag-unisex","13":"first","14":"outofstock","15":"shipping-taxable","16":"purchasable","17":"product-type-variable"},"_links":{"self":[{"href":"https:\/\/fjallraven.dev.mortar.tovarnaidej.com\/en\/wp-json\/wp\/v2\/product\/1020273","targetHints":{"allow":["GET"]}}],"collection":[{"href":"https:\/\/fjallraven.dev.mortar.tovarnaidej.com\/en\/wp-json\/wp\/v2\/product"}],"about":[{"href":"https:\/\/fjallraven.dev.mortar.tovarnaidej.com\/en\/wp-json\/wp\/v2\/types\/product"}],"version-history":[{"count":1,"href":"https:\/\/fjallraven.dev.mortar.tovarnaidej.com\/en\/wp-json\/wp\/v2\/product\/1020273\/revisions"}],"predecessor-version":[{"id":1020300,"href":"https:\/\/fjallraven.dev.mortar.tovarnaidej.com\/en\/wp-json\/wp\/v2\/product\/1020273\/revisions\/1020300"}],"wp:featuredmedia":[{"embeddable":true,"href":"https:\/\/fjallraven.dev.mortar.tovarnaidej.com\/en\/wp-json\/wp\/v2\/media\/1022996"}],"wp:attachment":[{"href":"https:\/\/fjallraven.dev.mortar.tovarnaidej.com\/en\/wp-json\/wp\/v2\/media?parent=1020273"}],"wp:term":[{"taxonomy":"product_brand","embeddable":true,"href":"https:\/\/fjallraven.dev.mortar.tovarnaidej.com\/en\/wp-json\/wp\/v2\/product_brand?post=1020273"},{"taxonomy":"product_cat","embeddable":true,"href":"https:\/\/fjallraven.dev.mortar.tovarnaidej.com\/en\/wp-json\/wp\/v2\/product_cat?post=1020273"},{"taxonomy":"product_tag","embeddable":true,"href":"https:\/\/fjallraven.dev.mortar.tovarnaidej.com\/en\/wp-json\/wp\/v2\/product_tag?post=1020273"}],"curies":[{"name":"wp","href":"https:\/\/api.w.org\/{rel}","templated":true}]}}