{"id":1020305,"date":"2025-11-21T09:27:29","date_gmt":"2025-11-21T09:27:29","guid":{"rendered":"https:\/\/fjallraven.dev.mortar.tovarnaidej.com\/?post_type=product&#038;p=1020305"},"modified":"2025-11-27T12:10:59","modified_gmt":"2025-11-27T12:10:59","slug":"kanken-gear-pocket","status":"publish","type":"product","link":"https:\/\/fjallraven.dev.mortar.tovarnaidej.com\/en\/product\/kanken-gear-pocket\/","title":{"rendered":"K\u00e5nken Gear Pocket"},"content":{"rendered":"<p>K\u00e5nken Gear Pocket je kompaktna mala torbica za manji alat, slu\u0161alice, punja\u010de i sli\u010dno. Mo\u017ee se koristiti i kao minimalisti\u010dka torbica za toalet. Glavni pretinac s patentnim zatvara\u010dem i petlja za vje\u0161anje torbe sa strane. Dimenzije 14 x 21 cm.<\/p>\n","protected":false},"excerpt":{"rendered":"<p>Kompaktna mala torba za no\u0161enje eizra\u0111ena od izdr\u017eljive G-1000 tkanine. Prakti\u010dna za kablove, manji alat i sli\u010dno. Proizvedeno bez PFAS-a.<\/p>\n","protected":false},"featured_media":1023009,"template":"","meta":[],"product_brand":[132],"product_cat":[156],"product_tag":[578,479,500,526,492,579,485],"class_list":{"0":"post-1020305","1":"product","2":"type-product","3":"status-publish","4":"has-post-thumbnail","6":"product_brand-kanken","7":"product_cat-dodaci","8":"product_tag-dnevni-ruksaci","9":"product_tag-everyday-outdoor","10":"product_tag-kanken","11":"product_tag-kanken-dodaci","12":"product_tag-novcanik-i-male-torbice","13":"product_tag-torbice","14":"product_tag-unisex","16":"first","17":"outofstock","18":"shipping-taxable","19":"purchasable","20":"product-type-variable"},"_links":{"self":[{"href":"https:\/\/fjallraven.dev.mortar.tovarnaidej.com\/en\/wp-json\/wp\/v2\/product\/1020305","targetHints":{"allow":["GET"]}}],"collection":[{"href":"https:\/\/fjallraven.dev.mortar.tovarnaidej.com\/en\/wp-json\/wp\/v2\/product"}],"about":[{"href":"https:\/\/fjallraven.dev.mortar.tovarnaidej.com\/en\/wp-json\/wp\/v2\/types\/product"}],"version-history":[{"count":1,"href":"https:\/\/fjallraven.dev.mortar.tovarnaidej.com\/en\/wp-json\/wp\/v2\/product\/1020305\/revisions"}],"predecessor-version":[{"id":1020314,"href":"https:\/\/fjallraven.dev.mortar.tovarnaidej.com\/en\/wp-json\/wp\/v2\/product\/1020305\/revisions\/1020314"}],"wp:featuredmedia":[{"embeddable":true,"href":"https:\/\/fjallraven.dev.mortar.tovarnaidej.com\/en\/wp-json\/wp\/v2\/media\/1023009"}],"wp:attachment":[{"href":"https:\/\/fjallraven.dev.mortar.tovarnaidej.com\/en\/wp-json\/wp\/v2\/media?parent=1020305"}],"wp:term":[{"taxonomy":"product_brand","embeddable":true,"href":"https:\/\/fjallraven.dev.mortar.tovarnaidej.com\/en\/wp-json\/wp\/v2\/product_brand?post=1020305"},{"taxonomy":"product_cat","embeddable":true,"href":"https:\/\/fjallraven.dev.mortar.tovarnaidej.com\/en\/wp-json\/wp\/v2\/product_cat?post=1020305"},{"taxonomy":"product_tag","embeddable":true,"href":"https:\/\/fjallraven.dev.mortar.tovarnaidej.com\/en\/wp-json\/wp\/v2\/product_tag?post=1020305"}],"curies":[{"name":"wp","href":"https:\/\/api.w.org\/{rel}","templated":true}]}}