{"id":1020306,"date":"2025-11-21T09:27:30","date_gmt":"2025-11-21T09:27:30","guid":{"rendered":"https:\/\/fjallraven.dev.mortar.tovarnaidej.com\/?post_type=product&#038;p=1020306"},"modified":"2025-11-27T12:10:59","modified_gmt":"2025-11-27T12:10:59","slug":"abisko-hike-foldsack","status":"publish","type":"product","link":"https:\/\/fjallraven.dev.mortar.tovarnaidej.com\/en\/product\/abisko-hike-foldsack\/","title":{"rendered":"Abisko Hike Foldsack"},"content":{"rendered":"<p>Abisko Hike Foldsack je svestran i lagan ruksak od 25 litara, savr\u0161en za dnevne izlete i putovanja. Izra\u0111en od 100% recikliranog poliamida, ovaj ruksak ima preklopni zatvara\u010d s patentnim zatvara\u010dem koji se osigurava plasti\u010dnom kop\u010dom sa strane. Preklopni zatvara\u010d jednostavan je za kori\u0161tenje i mo\u017ee osigurati 4-5 litara dodatnog prostora u ruksaku ili za pri\u010dvr\u0161\u0107ivanje prostirke za spavanje ili drugih duljih predmeta. D\u017eep s patentnim zatvara\u010dem skriven ispod preklopa. Fiksni sustav stra\u017enje plo\u010de s ventilacijskom mre\u017eicom na le\u0111ima i naramenicama; podesivi remen za prsa i kuk su odvojivi. D\u017eep na rukavu i d\u017eep s patentnim zatvara\u010dem unutra te dva velika bo\u010dna d\u017eepa s vanjske strane. Priklju\u010dak sprijeda za planinarski \u0161tap ili cepin. Elasti\u010dna u\u017ead na prednjoj plo\u010di. Ako tra\u017eite visoko funkcionalan ruksak, ne tra\u017eite dalje. Abisko Hike Foldsack ima sve funkcionalnosti potrebne za svakodnevni \u017eivot na otvorenom.<\/p>\n","protected":false},"excerpt":{"rendered":"<p>Svestran i lagan ruksak, savr\u0161en za dnevne izlete i putovanja. Proizvedeno bez PFAS-a.<\/p>\n","protected":false},"featured_media":1023013,"template":"","meta":[],"product_brand":[458],"product_cat":[151],"product_tag":[472,504,471,598,485],"class_list":{"0":"post-1020306","1":"product","2":"type-product","3":"status-publish","4":"has-post-thumbnail","6":"product_brand-abisko","7":"product_cat-ruksaci-i-torbe","8":"product_tag-abisko","9":"product_tag-ruksaci","10":"product_tag-trekking","11":"product_tag-trekking-ruksaci","12":"product_tag-unisex","14":"first","15":"outofstock","16":"shipping-taxable","17":"purchasable","18":"product-type-variable"},"_links":{"self":[{"href":"https:\/\/fjallraven.dev.mortar.tovarnaidej.com\/en\/wp-json\/wp\/v2\/product\/1020306","targetHints":{"allow":["GET"]}}],"collection":[{"href":"https:\/\/fjallraven.dev.mortar.tovarnaidej.com\/en\/wp-json\/wp\/v2\/product"}],"about":[{"href":"https:\/\/fjallraven.dev.mortar.tovarnaidej.com\/en\/wp-json\/wp\/v2\/types\/product"}],"version-history":[{"count":1,"href":"https:\/\/fjallraven.dev.mortar.tovarnaidej.com\/en\/wp-json\/wp\/v2\/product\/1020306\/revisions"}],"predecessor-version":[{"id":1020316,"href":"https:\/\/fjallraven.dev.mortar.tovarnaidej.com\/en\/wp-json\/wp\/v2\/product\/1020306\/revisions\/1020316"}],"wp:featuredmedia":[{"embeddable":true,"href":"https:\/\/fjallraven.dev.mortar.tovarnaidej.com\/en\/wp-json\/wp\/v2\/media\/1023013"}],"wp:attachment":[{"href":"https:\/\/fjallraven.dev.mortar.tovarnaidej.com\/en\/wp-json\/wp\/v2\/media?parent=1020306"}],"wp:term":[{"taxonomy":"product_brand","embeddable":true,"href":"https:\/\/fjallraven.dev.mortar.tovarnaidej.com\/en\/wp-json\/wp\/v2\/product_brand?post=1020306"},{"taxonomy":"product_cat","embeddable":true,"href":"https:\/\/fjallraven.dev.mortar.tovarnaidej.com\/en\/wp-json\/wp\/v2\/product_cat?post=1020306"},{"taxonomy":"product_tag","embeddable":true,"href":"https:\/\/fjallraven.dev.mortar.tovarnaidej.com\/en\/wp-json\/wp\/v2\/product_tag?post=1020306"}],"curies":[{"name":"wp","href":"https:\/\/api.w.org\/{rel}","templated":true}]}}