{"id":1020309,"date":"2025-11-21T09:27:30","date_gmt":"2025-11-21T09:27:30","guid":{"rendered":"https:\/\/fjallraven.dev.mortar.tovarnaidej.com\/?post_type=product&#038;p=1020309"},"modified":"2025-11-27T12:10:58","modified_gmt":"2025-11-27T12:10:58","slug":"vardag-crossbody","status":"publish","type":"product","link":"https:\/\/fjallraven.dev.mortar.tovarnaidej.com\/en\/product\/vardag-crossbody\/","title":{"rendered":"Vardag Crossbody"},"content":{"rendered":"<p>Jednostavna torba za no\u0161enje preko ramena ili u ruci, jednako prikladna za putovanja kao i za svakodnevnu upotrebu. Izra\u0111ena od G-1000 HeavyDuty S materijala s podstavljenom bazom i recikliranim poliamidom iznutra. I glavni pretinac i unutarnji d\u017eep imaju patentne zatvara\u010de, a tu je i lako dostupan d\u017eep s patentnim zatvara\u010dem na stra\u017enjoj strani, uz tijelo.<\/p>\n","protected":false},"excerpt":{"rendered":"<p>Jednostavna torba preko tijela od izdr\u017eljive G-1000 tkanine. Jednako prikladna za putovanja kao i za svakodnevnu upotrebu. Proizvedena bez PFAS-a.<\/p>\n","protected":false},"featured_media":1023059,"template":"","meta":[],"product_brand":[467],"product_cat":[151],"product_tag":[578,479,497,579,485,503],"class_list":{"0":"post-1020309","1":"product","2":"type-product","3":"status-publish","4":"has-post-thumbnail","6":"product_brand-vardag","7":"product_cat-ruksaci-i-torbe","8":"product_tag-dnevni-ruksaci","9":"product_tag-everyday-outdoor","10":"product_tag-torbe-preko-ramena","11":"product_tag-torbice","12":"product_tag-unisex","13":"product_tag-vardag","15":"first","16":"outofstock","17":"shipping-taxable","18":"purchasable","19":"product-type-variable"},"_links":{"self":[{"href":"https:\/\/fjallraven.dev.mortar.tovarnaidej.com\/en\/wp-json\/wp\/v2\/product\/1020309","targetHints":{"allow":["GET"]}}],"collection":[{"href":"https:\/\/fjallraven.dev.mortar.tovarnaidej.com\/en\/wp-json\/wp\/v2\/product"}],"about":[{"href":"https:\/\/fjallraven.dev.mortar.tovarnaidej.com\/en\/wp-json\/wp\/v2\/types\/product"}],"version-history":[{"count":1,"href":"https:\/\/fjallraven.dev.mortar.tovarnaidej.com\/en\/wp-json\/wp\/v2\/product\/1020309\/revisions"}],"predecessor-version":[{"id":1020322,"href":"https:\/\/fjallraven.dev.mortar.tovarnaidej.com\/en\/wp-json\/wp\/v2\/product\/1020309\/revisions\/1020322"}],"wp:featuredmedia":[{"embeddable":true,"href":"https:\/\/fjallraven.dev.mortar.tovarnaidej.com\/en\/wp-json\/wp\/v2\/media\/1023059"}],"wp:attachment":[{"href":"https:\/\/fjallraven.dev.mortar.tovarnaidej.com\/en\/wp-json\/wp\/v2\/media?parent=1020309"}],"wp:term":[{"taxonomy":"product_brand","embeddable":true,"href":"https:\/\/fjallraven.dev.mortar.tovarnaidej.com\/en\/wp-json\/wp\/v2\/product_brand?post=1020309"},{"taxonomy":"product_cat","embeddable":true,"href":"https:\/\/fjallraven.dev.mortar.tovarnaidej.com\/en\/wp-json\/wp\/v2\/product_cat?post=1020309"},{"taxonomy":"product_tag","embeddable":true,"href":"https:\/\/fjallraven.dev.mortar.tovarnaidej.com\/en\/wp-json\/wp\/v2\/product_tag?post=1020309"}],"curies":[{"name":"wp","href":"https:\/\/api.w.org\/{rel}","templated":true}]}}