{"id":1020310,"date":"2025-11-21T09:27:30","date_gmt":"2025-11-21T09:27:30","guid":{"rendered":"https:\/\/fjallraven.dev.mortar.tovarnaidej.com\/?post_type=product&#038;p=1020310"},"modified":"2025-11-27T12:10:58","modified_gmt":"2025-11-27T12:10:58","slug":"vardag-pocket","status":"publish","type":"product","link":"https:\/\/fjallraven.dev.mortar.tovarnaidej.com\/en\/product\/vardag-pocket\/","title":{"rendered":"Vardag Pocket"},"content":{"rendered":"<p>Jednostavna koliko god mo\u017ee biti, a opet vrlo prakti\u010dna mala torbica za predmete koji su vam potrebni u pokretu. Glavni pretinac s patentnim zatvara\u010dem ima mjesta za pametni telefon, kartu, klju\u010deve. Sigurnosni d\u017eep s patentnim zatvara\u010dem za dragocjenosti na stra\u017enjoj strani. Izra\u0111ena od izdr\u017eljivog G-1000 HeavyDuty S materijala i savr\u0161ena za putovanja i svakodnevnu upotrebu.<\/p>\n","protected":false},"excerpt":{"rendered":"<p>Mala prakti\u010dna torba s podesivim remenom za rame. Proizvedeno bez PFAS-a.<\/p>\n","protected":false},"featured_media":1023099,"template":"","meta":[],"product_brand":[467],"product_cat":[156],"product_tag":[578,479,492,579,485,503],"class_list":{"0":"post-1020310","1":"product","2":"type-product","3":"status-publish","4":"has-post-thumbnail","6":"product_brand-vardag","7":"product_cat-dodaci","8":"product_tag-dnevni-ruksaci","9":"product_tag-everyday-outdoor","10":"product_tag-novcanik-i-male-torbice","11":"product_tag-torbice","12":"product_tag-unisex","13":"product_tag-vardag","15":"first","16":"outofstock","17":"shipping-taxable","18":"purchasable","19":"product-type-variable"},"_links":{"self":[{"href":"https:\/\/fjallraven.dev.mortar.tovarnaidej.com\/en\/wp-json\/wp\/v2\/product\/1020310","targetHints":{"allow":["GET"]}}],"collection":[{"href":"https:\/\/fjallraven.dev.mortar.tovarnaidej.com\/en\/wp-json\/wp\/v2\/product"}],"about":[{"href":"https:\/\/fjallraven.dev.mortar.tovarnaidej.com\/en\/wp-json\/wp\/v2\/types\/product"}],"version-history":[{"count":1,"href":"https:\/\/fjallraven.dev.mortar.tovarnaidej.com\/en\/wp-json\/wp\/v2\/product\/1020310\/revisions"}],"predecessor-version":[{"id":1020326,"href":"https:\/\/fjallraven.dev.mortar.tovarnaidej.com\/en\/wp-json\/wp\/v2\/product\/1020310\/revisions\/1020326"}],"wp:featuredmedia":[{"embeddable":true,"href":"https:\/\/fjallraven.dev.mortar.tovarnaidej.com\/en\/wp-json\/wp\/v2\/media\/1023099"}],"wp:attachment":[{"href":"https:\/\/fjallraven.dev.mortar.tovarnaidej.com\/en\/wp-json\/wp\/v2\/media?parent=1020310"}],"wp:term":[{"taxonomy":"product_brand","embeddable":true,"href":"https:\/\/fjallraven.dev.mortar.tovarnaidej.com\/en\/wp-json\/wp\/v2\/product_brand?post=1020310"},{"taxonomy":"product_cat","embeddable":true,"href":"https:\/\/fjallraven.dev.mortar.tovarnaidej.com\/en\/wp-json\/wp\/v2\/product_cat?post=1020310"},{"taxonomy":"product_tag","embeddable":true,"href":"https:\/\/fjallraven.dev.mortar.tovarnaidej.com\/en\/wp-json\/wp\/v2\/product_tag?post=1020310"}],"curies":[{"name":"wp","href":"https:\/\/api.w.org\/{rel}","templated":true}]}}